{"id":1034,"date":"2024-12-05T22:59:24","date_gmt":"2024-12-05T21:59:24","guid":{"rendered":"https:\/\/lesbellesjourneesdubienetre.com\/?page_id=1034"},"modified":"2024-12-05T23:17:01","modified_gmt":"2024-12-05T22:17:01","slug":"marion-rosa","status":"publish","type":"page","link":"https:\/\/lesbellesjourneesdubienetre.com\/index.php\/marion-rosa\/","title":{"rendered":"Marion Rosa"},"content":{"rendered":"\t\t<div data-elementor-type=\"wp-page\" data-elementor-id=\"1034\" class=\"elementor elementor-1034\">\n\t\t\t\t<div class=\"elementor-element elementor-element-da3c3bd e-flex e-con-boxed wpr-particle-no wpr-jarallax-no wpr-parallax-no wpr-sticky-section-no wpr-equal-height-no e-con e-parent\" data-id=\"da3c3bd\" data-element_type=\"container\" data-e-type=\"container\">\n\t\t\t\t\t<div class=\"e-con-inner\">\n\t\t\t\t<div class=\"elementor-element elementor-element-39024d6 elementor-widget elementor-widget-image\" data-id=\"39024d6\" data-element_type=\"widget\" data-e-type=\"widget\" data-widget_type=\"image.default\">\n\t\t\t\t<div class=\"elementor-widget-container\">\n\t\t\t\t\t\t\t\t\t\t\t\t\t\t\t<img fetchpriority=\"high\" decoding=\"async\" width=\"328\" height=\"386\" src=\"https:\/\/lesbellesjourneesdubienetre.com\/wp-content\/uploads\/2024\/12\/Marion_Rosa_naturopathe_toulouse.jpg\" class=\"attachment-large size-large wp-image-1645\" alt=\"\" srcset=\"https:\/\/lesbellesjourneesdubienetre.com\/wp-content\/uploads\/2024\/12\/Marion_Rosa_naturopathe_toulouse.jpg 328w, https:\/\/lesbellesjourneesdubienetre.com\/wp-content\/uploads\/2024\/12\/Marion_Rosa_naturopathe_toulouse-255x300.jpg 255w\" sizes=\"(max-width: 328px) 100vw, 328px\" \/>\t\t\t\t\t\t\t\t\t\t\t\t\t\t\t<\/div>\n\t\t\t\t<\/div>\n\t\t\t\t\t<\/div>\n\t\t\t\t<\/div>\n\t\t<div class=\"elementor-element elementor-element-c84cd27 e-flex e-con-boxed wpr-particle-no wpr-jarallax-no wpr-parallax-no wpr-sticky-section-no wpr-equal-height-no e-con e-parent\" data-id=\"c84cd27\" data-element_type=\"container\" data-e-type=\"container\">\n\t\t\t\t\t<div class=\"e-con-inner\">\n\t\t\t\t<div class=\"elementor-element elementor-element-a65a51a elementor-widget elementor-widget-heading\" data-id=\"a65a51a\" data-element_type=\"widget\" data-e-type=\"widget\" data-widget_type=\"heading.default\">\n\t\t\t\t<div class=\"elementor-widget-container\">\n\t\t\t\t\t<h2 class=\"elementor-heading-title elementor-size-default\"><a href=\"https:\/\/www.toulousenaturopathe.com\/\">Marion Rosa - Naturopathe<\/a><\/h2>\t\t\t\t<\/div>\n\t\t\t\t<\/div>\n\t\t\t\t\t<\/div>\n\t\t\t\t<\/div>\n\t\t<div class=\"elementor-element elementor-element-c10bf16 e-flex e-con-boxed wpr-particle-no wpr-jarallax-no wpr-parallax-no wpr-sticky-section-no wpr-equal-height-no e-con e-parent\" data-id=\"c10bf16\" data-element_type=\"container\" data-e-type=\"container\">\n\t\t\t\t\t<div class=\"e-con-inner\">\n\t\t\t\t<div class=\"elementor-element elementor-element-ca52ba3 elementor-widget elementor-widget-text-editor\" data-id=\"ca52ba3\" data-element_type=\"widget\" data-e-type=\"widget\" data-widget_type=\"text-editor.default\">\n\t\t\t\t<div class=\"elementor-widget-container\">\n\t\t\t\t\t\t\t\t\t<p><span style=\"color: #000000;\">Pr\u00e9sentation des formations de l&rsquo;\u00e9cole Synergie naturopathie dont je dirige l&rsquo;antenne \u00e0 Toulouse.<\/span><\/p><p><span style=\"color: #000000;\">Nous proposons des formations pour devenir naturopathe (cursus complet) ou des stages Bien \u00eatre<\/span><br \/><span style=\"color: #000000;\">\u00e0 la cartes ouverts \u00e0 tous ( particulier et pro du bien \u00eatre) 1 fois par mois \u00e0 Toulouse<\/span><\/p>\t\t\t\t\t\t\t\t<\/div>\n\t\t\t\t<\/div>\n\t\t\t\t<div class=\"elementor-element elementor-element-a14b5e2 elementor-widget elementor-widget-text-editor\" data-id=\"a14b5e2\" data-element_type=\"widget\" data-e-type=\"widget\" data-widget_type=\"text-editor.default\">\n\t\t\t\t<div class=\"elementor-widget-container\">\n\t\t\t\t\t\t\t\t\t<p><span style=\"text-decoration: underline;\">Exposant<\/span> : Marion Rosa<\/p><p><span style=\"text-decoration: underline;\">T\u00e9l\u00e9phone<\/span> : 06 10 98 47 39<\/p><p><span style=\"text-decoration: underline;\">Adresse mail<\/span> : marionrosa.naturopathe@gmail.com<\/p><p><span style=\"text-decoration: underline;\">Site internet<\/span> :\u00a0<a href=\"http:\/\/www.rosamarion.com\">http:\/\/www.rosamarion.com<\/a><\/p><p><span style=\"text-decoration: underline;\">R\u00e9seaux sociaux<\/span> :\u00a0<\/p><ul><li>facebook : ecole synergie narbonne perpignan toulouse<\/li><li>instagram : marionrosa_naturopathe<\/li><\/ul>\t\t\t\t\t\t\t\t<\/div>\n\t\t\t\t<\/div>\n\t\t\t\t\t<\/div>\n\t\t\t\t<\/div>\n\t\t\t\t<\/div>\n\t\t","protected":false},"excerpt":{"rendered":"<p>Marion Rosa &#8211; Naturopathe Pr\u00e9sentation des formations de l&rsquo;\u00e9cole Synergie naturopathie dont je dirige l&rsquo;antenne \u00e0 Toulouse. Nous proposons des formations pour devenir naturopathe (cursus complet) ou des stages Bien \u00eatre\u00e0 la cartes ouverts \u00e0 tous ( particulier et pro du bien \u00eatre) 1 fois par mois \u00e0 Toulouse Exposant : Marion Rosa T\u00e9l\u00e9phone : 06 10 98 47 39 Adresse mail : marionrosa.naturopathe@gmail.com Site internet :\u00a0http:\/\/www.rosamarion.com R\u00e9seaux sociaux :\u00a0 facebook : ecole synergie narbonne perpignan toulouse instagram : marionrosa_naturopathe<\/p>\n","protected":false},"author":1,"featured_media":0,"parent":0,"menu_order":0,"comment_status":"closed","ping_status":"closed","template":"elementor_header_footer","meta":{"footnotes":""},"class_list":["post-1034","page","type-page","status-publish","hentry","entry"],"_links":{"self":[{"href":"https:\/\/lesbellesjourneesdubienetre.com\/index.php\/wp-json\/wp\/v2\/pages\/1034","targetHints":{"allow":["GET"]}}],"collection":[{"href":"https:\/\/lesbellesjourneesdubienetre.com\/index.php\/wp-json\/wp\/v2\/pages"}],"about":[{"href":"https:\/\/lesbellesjourneesdubienetre.com\/index.php\/wp-json\/wp\/v2\/types\/page"}],"author":[{"embeddable":true,"href":"https:\/\/lesbellesjourneesdubienetre.com\/index.php\/wp-json\/wp\/v2\/users\/1"}],"replies":[{"embeddable":true,"href":"https:\/\/lesbellesjourneesdubienetre.com\/index.php\/wp-json\/wp\/v2\/comments?post=1034"}],"version-history":[{"count":16,"href":"https:\/\/lesbellesjourneesdubienetre.com\/index.php\/wp-json\/wp\/v2\/pages\/1034\/revisions"}],"predecessor-version":[{"id":1654,"href":"https:\/\/lesbellesjourneesdubienetre.com\/index.php\/wp-json\/wp\/v2\/pages\/1034\/revisions\/1654"}],"wp:attachment":[{"href":"https:\/\/lesbellesjourneesdubienetre.com\/index.php\/wp-json\/wp\/v2\/media?parent=1034"}],"curies":[{"name":"wp","href":"https:\/\/api.w.org\/{rel}","templated":true}]}}