{"id":1685,"date":"2025-01-04T16:07:43","date_gmt":"2025-01-04T15:07:43","guid":{"rendered":"https:\/\/lesbellesjourneesdubienetre.com\/?page_id=1685"},"modified":"2025-01-25T22:46:11","modified_gmt":"2025-01-25T21:46:11","slug":"st-orens-aurelie-jerome","status":"publish","type":"page","link":"https:\/\/lesbellesjourneesdubienetre.com\/index.php\/st-orens-aurelie-jerome\/","title":{"rendered":"St Orens Aurelie jerome"},"content":{"rendered":"\t\t<div data-elementor-type=\"wp-page\" data-elementor-id=\"1685\" class=\"elementor elementor-1685\">\n\t\t\t\t<div class=\"elementor-element elementor-element-da3c3bd e-flex e-con-boxed wpr-particle-no wpr-jarallax-no wpr-parallax-no wpr-sticky-section-no wpr-equal-height-no e-con e-parent\" data-id=\"da3c3bd\" data-element_type=\"container\" data-e-type=\"container\">\n\t\t\t\t\t<div class=\"e-con-inner\">\n\t\t\t\t<div class=\"elementor-element elementor-element-39024d6 elementor-widget elementor-widget-image\" data-id=\"39024d6\" data-element_type=\"widget\" data-e-type=\"widget\" data-widget_type=\"image.default\">\n\t\t\t\t<div class=\"elementor-widget-container\">\n\t\t\t\t\t\t\t\t\t\t\t\t\t\t\t<img fetchpriority=\"high\" decoding=\"async\" width=\"1024\" height=\"1024\" src=\"https:\/\/lesbellesjourneesdubienetre.com\/wp-content\/uploads\/2025\/01\/logo-1024x1024.png\" class=\"attachment-large size-large wp-image-2222\" alt=\"\" srcset=\"https:\/\/lesbellesjourneesdubienetre.com\/wp-content\/uploads\/2025\/01\/logo-1024x1024.png 1024w, https:\/\/lesbellesjourneesdubienetre.com\/wp-content\/uploads\/2025\/01\/logo-300x300.png 300w, https:\/\/lesbellesjourneesdubienetre.com\/wp-content\/uploads\/2025\/01\/logo-150x150.png 150w, https:\/\/lesbellesjourneesdubienetre.com\/wp-content\/uploads\/2025\/01\/logo-768x768.png 768w, https:\/\/lesbellesjourneesdubienetre.com\/wp-content\/uploads\/2025\/01\/logo-600x600.png 600w, https:\/\/lesbellesjourneesdubienetre.com\/wp-content\/uploads\/2025\/01\/logo.png 1059w\" sizes=\"(max-width: 1024px) 100vw, 1024px\" \/>\t\t\t\t\t\t\t\t\t\t\t\t\t\t\t<\/div>\n\t\t\t\t<\/div>\n\t\t\t\t\t<\/div>\n\t\t\t\t<\/div>\n\t\t<div class=\"elementor-element elementor-element-c84cd27 e-flex e-con-boxed wpr-particle-no wpr-jarallax-no wpr-parallax-no wpr-sticky-section-no wpr-equal-height-no e-con e-parent\" data-id=\"c84cd27\" data-element_type=\"container\" data-e-type=\"container\">\n\t\t\t\t\t<div class=\"e-con-inner\">\n\t\t\t\t<div class=\"elementor-element elementor-element-a65a51a elementor-widget elementor-widget-heading\" data-id=\"a65a51a\" data-element_type=\"widget\" data-e-type=\"widget\" data-widget_type=\"heading.default\">\n\t\t\t\t<div class=\"elementor-widget-container\">\n\t\t\t\t\t<h2 class=\"elementor-heading-title elementor-size-default\">Aur\u00e9lie J\u00e9rome<\/h2>\t\t\t\t<\/div>\n\t\t\t\t<\/div>\n\t\t\t\t\t<\/div>\n\t\t\t\t<\/div>\n\t\t<div class=\"elementor-element elementor-element-c10bf16 e-flex e-con-boxed wpr-particle-no wpr-jarallax-no wpr-parallax-no wpr-sticky-section-no wpr-equal-height-no e-con e-parent\" data-id=\"c10bf16\" data-element_type=\"container\" data-e-type=\"container\">\n\t\t\t\t\t<div class=\"e-con-inner\">\n\t\t\t\t<div class=\"elementor-element elementor-element-ca52ba3 elementor-widget elementor-widget-text-editor\" data-id=\"ca52ba3\" data-element_type=\"widget\" data-e-type=\"widget\" data-widget_type=\"text-editor.default\">\n\t\t\t\t<div class=\"elementor-widget-container\">\n\t\t\t\t\t\t\t\t\t<div class=\"elementToProof_oo_editor_Editor_2_sandBox\"><span style=\"color: #000000;\">\u00ab\u00a0Je vous propose un accompagnement du bien-\u00eatre humain et animal par la Kin\u00e9siologie et le Reiki. Mon approche s\u2019adresse \u00e0 tous les humains, du b\u00e9b\u00e9 au senior, ainsi qu\u2019\u00e0 tous les types d\u2019animaux, qu\u2019ils soient domestiques (chiens, chats, chevaux\u2026) ou plus atypiques. Chaque s\u00e9ance est unique et adapt\u00e9e aux besoins sp\u00e9cifiques de chacun.\u00a0<\/span><\/div><div class=\"elementToProof_oo_editor_Editor_2_sandBox\">\u00a0<\/div><div class=\"elementToProof_oo_editor_Editor_2_sandBox\"><span style=\"color: #000000;\">Chaque \u00eatre, quel que soit son \u00e2ge ou son esp\u00e8ce, peut b\u00e9n\u00e9ficier des bienfaits de la Kin\u00e9siologie et du Reiki pour apaiser le stress, soulager des tensions, am\u00e9liorer la vitalit\u00e9 ou accompagner un processus de gu\u00e9rison. \u00ab\u00a0<\/span><\/div>\t\t\t\t\t\t\t\t<\/div>\n\t\t\t\t<\/div>\n\t\t\t\t<div class=\"elementor-element elementor-element-a14b5e2 elementor-widget elementor-widget-text-editor\" data-id=\"a14b5e2\" data-element_type=\"widget\" data-e-type=\"widget\" data-widget_type=\"text-editor.default\">\n\t\t\t\t<div class=\"elementor-widget-container\">\n\t\t\t\t\t\t\t\t\t<p><span style=\"text-decoration: underline;\">Exposant<\/span> : Aur\u00e9lie J\u00e9rome<\/p><p><span style=\"text-decoration: underline;\">T\u00e9l\u00e9phone<\/span> :07.43.16.92.94<\/p><p><span style=\"text-decoration: underline;\">Adresse mail<\/span> : aureliejeromekinesio@outlook.com<\/p><p><span style=\"text-decoration: underline;\">Site internet<\/span> :\u00a0<a href=\"https:\/\/aureliejeromekinesio.wixsite.com\/reikinesio\">https:\/\/aureliejeromekinesio.wixsite.com\/reikinesio<\/a><\/p><p><span style=\"text-decoration: underline;\">R\u00e9seaux sociaux<\/span> :\u00a0<\/p><p>Facebook : aurelie Jerome-kinesiologie humaine et animale\u00a0<\/p>\t\t\t\t\t\t\t\t<\/div>\n\t\t\t\t<\/div>\n\t\t\t\t\t<\/div>\n\t\t\t\t<\/div>\n\t\t\t\t<\/div>\n\t\t","protected":false},"excerpt":{"rendered":"<p>Aur\u00e9lie J\u00e9rome \u00ab\u00a0Je vous propose un accompagnement du bien-\u00eatre humain et animal par la Kin\u00e9siologie et le Reiki. Mon approche s\u2019adresse \u00e0 tous les humains, du b\u00e9b\u00e9 au senior, ainsi qu\u2019\u00e0 tous les types d\u2019animaux, qu\u2019ils soient domestiques (chiens, chats, chevaux\u2026) ou plus atypiques. Chaque s\u00e9ance est unique et adapt\u00e9e aux besoins sp\u00e9cifiques de chacun.\u00a0\u00a0Chaque \u00eatre, quel que soit son \u00e2ge ou son esp\u00e8ce, peut b\u00e9n\u00e9ficier des bienfaits de la Kin\u00e9siologie et du Reiki pour apaiser le stress, soulager des tensions, am\u00e9liorer la vitalit\u00e9 ou accompagner un processus de gu\u00e9rison. \u00ab\u00a0 Exposant : Aur\u00e9lie J\u00e9rome T\u00e9l\u00e9phone :07.43.16.92.94 Adresse mail : aureliejeromekinesio@outlook.com Site internet :\u00a0https:\/\/aureliejeromekinesio.wixsite.com\/reikinesio R\u00e9seaux sociaux :\u00a0 Facebook : aurelie Jerome-kinesiologie humaine et animale\u00a0<\/p>\n","protected":false},"author":1,"featured_media":0,"parent":0,"menu_order":0,"comment_status":"closed","ping_status":"closed","template":"elementor_header_footer","meta":{"footnotes":""},"class_list":["post-1685","page","type-page","status-publish","hentry","entry"],"_links":{"self":[{"href":"https:\/\/lesbellesjourneesdubienetre.com\/index.php\/wp-json\/wp\/v2\/pages\/1685","targetHints":{"allow":["GET"]}}],"collection":[{"href":"https:\/\/lesbellesjourneesdubienetre.com\/index.php\/wp-json\/wp\/v2\/pages"}],"about":[{"href":"https:\/\/lesbellesjourneesdubienetre.com\/index.php\/wp-json\/wp\/v2\/types\/page"}],"author":[{"embeddable":true,"href":"https:\/\/lesbellesjourneesdubienetre.com\/index.php\/wp-json\/wp\/v2\/users\/1"}],"replies":[{"embeddable":true,"href":"https:\/\/lesbellesjourneesdubienetre.com\/index.php\/wp-json\/wp\/v2\/comments?post=1685"}],"version-history":[{"count":19,"href":"https:\/\/lesbellesjourneesdubienetre.com\/index.php\/wp-json\/wp\/v2\/pages\/1685\/revisions"}],"predecessor-version":[{"id":2225,"href":"https:\/\/lesbellesjourneesdubienetre.com\/index.php\/wp-json\/wp\/v2\/pages\/1685\/revisions\/2225"}],"wp:attachment":[{"href":"https:\/\/lesbellesjourneesdubienetre.com\/index.php\/wp-json\/wp\/v2\/media?parent=1685"}],"curies":[{"name":"wp","href":"https:\/\/api.w.org\/{rel}","templated":true}]}}