{"id":1940,"date":"2025-03-10T16:08:47","date_gmt":"2025-03-10T15:08:47","guid":{"rendered":"https:\/\/lesbellesjourneesdubienetre.com\/?page_id=1940"},"modified":"2025-03-15T00:57:48","modified_gmt":"2025-03-14T23:57:48","slug":"belberaud-ma-bulle-zen-etre","status":"publish","type":"page","link":"https:\/\/lesbellesjourneesdubienetre.com\/index.php\/belberaud-ma-bulle-zen-etre\/","title":{"rendered":"Belberaud Ma bulle zen etre"},"content":{"rendered":"\t\t<div data-elementor-type=\"wp-page\" data-elementor-id=\"1940\" class=\"elementor elementor-1940\">\n\t\t\t\t<div class=\"elementor-element elementor-element-da3c3bd e-flex e-con-boxed wpr-particle-no wpr-jarallax-no wpr-parallax-no wpr-sticky-section-no wpr-equal-height-no e-con e-parent\" data-id=\"da3c3bd\" data-element_type=\"container\" data-e-type=\"container\">\n\t\t\t\t\t<div class=\"e-con-inner\">\n\t\t\t\t<div class=\"elementor-element elementor-element-39024d6 elementor-widget elementor-widget-image\" data-id=\"39024d6\" data-element_type=\"widget\" data-e-type=\"widget\" data-widget_type=\"image.default\">\n\t\t\t\t<div class=\"elementor-widget-container\">\n\t\t\t\t\t\t\t\t\t\t\t\t\t\t\t<img fetchpriority=\"high\" decoding=\"async\" width=\"960\" height=\"433\" src=\"https:\/\/lesbellesjourneesdubienetre.com\/wp-content\/uploads\/2025\/03\/mabullezenetre.png\" class=\"attachment-large size-large wp-image-2888\" alt=\"\" srcset=\"https:\/\/lesbellesjourneesdubienetre.com\/wp-content\/uploads\/2025\/03\/mabullezenetre.png 960w, https:\/\/lesbellesjourneesdubienetre.com\/wp-content\/uploads\/2025\/03\/mabullezenetre-300x135.png 300w, https:\/\/lesbellesjourneesdubienetre.com\/wp-content\/uploads\/2025\/03\/mabullezenetre-768x346.png 768w\" sizes=\"(max-width: 960px) 100vw, 960px\" \/>\t\t\t\t\t\t\t\t\t\t\t\t\t\t\t<\/div>\n\t\t\t\t<\/div>\n\t\t\t\t\t<\/div>\n\t\t\t\t<\/div>\n\t\t<div class=\"elementor-element elementor-element-c84cd27 e-flex e-con-boxed wpr-particle-no wpr-jarallax-no wpr-parallax-no wpr-sticky-section-no wpr-equal-height-no e-con e-parent\" data-id=\"c84cd27\" data-element_type=\"container\" data-e-type=\"container\">\n\t\t\t\t\t<div class=\"e-con-inner\">\n\t\t\t\t<div class=\"elementor-element elementor-element-a65a51a elementor-widget elementor-widget-heading\" data-id=\"a65a51a\" data-element_type=\"widget\" data-e-type=\"widget\" data-widget_type=\"heading.default\">\n\t\t\t\t<div class=\"elementor-widget-container\">\n\t\t\t\t\t<h2 class=\"elementor-heading-title elementor-size-default\">Ma Bulle Zen-\u00catre<\/h2>\t\t\t\t<\/div>\n\t\t\t\t<\/div>\n\t\t\t\t\t<\/div>\n\t\t\t\t<\/div>\n\t\t<div class=\"elementor-element elementor-element-c10bf16 e-flex e-con-boxed wpr-particle-no wpr-jarallax-no wpr-parallax-no wpr-sticky-section-no wpr-equal-height-no e-con e-parent\" data-id=\"c10bf16\" data-element_type=\"container\" data-e-type=\"container\">\n\t\t\t\t\t<div class=\"e-con-inner\">\n\t\t\t\t<div class=\"elementor-element elementor-element-ca52ba3 elementor-widget elementor-widget-text-editor\" data-id=\"ca52ba3\" data-element_type=\"widget\" data-e-type=\"widget\" data-widget_type=\"text-editor.default\">\n\t\t\t\t<div class=\"elementor-widget-container\">\n\t\t\t\t\t\t\t\t\t<p><strong>Je suis \u00c8velyne Malhomme, coach-th\u00e9rapeute holistique &amp; enseignante.<\/strong><\/p><p>En 2014, j\u2019ai <strong>cr\u00e9\u00e9 et ouvert mon cabinet, Ma Bulle Zen-\u00catre,<\/strong> o\u00f9 <strong>j&rsquo;accompagne les femmes en qu\u00eate de z\u00e9nitude, de s\u00e9r\u00e9nit\u00e9, d&rsquo;\u00e9quilibre &amp; de spiritualit\u00e9, vers un mieux-\u00eatre global et en harmonie avec leur essence profonde. <\/strong><\/p><p>J\u2019interviens surtout lors de<strong> passages difficiles, anxiog\u00e8ne &amp; douloureux<\/strong>, <em>(\u00e9motionnels ou physiques)\u00a0<\/em>; <strong>deuil, burn out, d\u00e9pression, m\u00e9nopause, grosse fatigue et lassitude, maladies de peau, probl\u00e8mes digestifs et transit\u2026<\/strong><\/p><p>Lors de mes <strong>accompagnements uniques, personnalis\u00e9s, et totalement adapt\u00e9s<\/strong>, je mets \u00e0 disposition divers <strong>outils holistiques &amp; \u00e9nerg\u00e9tiques<\/strong>, tels que\u00a0;<\/p><ul><li><strong>Les Fleurs de Bach<\/strong> <em>(flacons personnalis\u00e9s cr\u00e9es \u00e0 chaque rendez-vous), <\/em><\/li><li><strong>Les massages \u00e9nerg\u00e9tiques chinois<\/strong><em> (pour \u00f4ter douleurs, stases, blocages\u2026), <\/em><\/li><li><strong>Des soins \u00e9nerg\u00e9tiques &amp; magn\u00e9tisme<\/strong><em> (combler les vides de Qi, apaiser l\u2019esprit \u00f4ter les inflammations), <\/em><\/li><li><strong>Des s\u00e9ances de recouvrement d\u2019\u00e2me<\/strong><em> (pour toutes celles qui d\u00e9sirent travailler sur leur karma, et blessures) <\/em><\/li><\/ul><p>Tout au long des s\u00e9ances, je donne <strong>trucs et astuces <\/strong><strong>\u00ab\u00a0<\/strong><strong>\u00d4 naturel\u00a0!<\/strong><strong>\u00ab\u00a0<\/strong><strong>,<\/strong> en aromath\u00e9rapie, hydrolath\u00e9rapie, phytoth\u00e9rapie et autres\u2026<\/p><p>Et pour toutes les femmes d\u00e9sireuses d\u2019aller plus loin, j\u2019initie au <strong>1<sup>er<\/sup> et 2\u00b0 degr\u00e9 Reiki,<\/strong> j\u2019enseigne les <strong>7 Rayons Sacr\u00e9s<\/strong> et propose des <strong>ateliers au pendule<\/strong> et <strong>\u00ab\u00a0Bonshommes Allumettes\u00a0\u00bb. <\/strong><\/p><p><strong>J\u2019ai \u00e9crit un ebook interactif <\/strong><strong>\u00ab\u00a0<\/strong><strong>M\u00e9diter en toute simplicit\u00e9, pour les d\u00e9butantes<\/strong><em>\u00a0\u00bb (<a href=\"https:\/\/www.mabullezenetre.com\/boutique-spirit-eve\">https:\/\/www.mabullezenetre.com\/boutique-spirit-eve<\/a>), <\/em>qui regroupe <strong>2 workbook<\/strong> (imprimable et num\u00e9rique), ainsi que <strong>5 m\u00e9ditations enregistr\u00e9es par mes soins \u2013 <\/strong>un autre est en pr\u00e9paration\u2026<\/p><p><strong>Je propose des s\u00e9ances en pr\u00e9sentiel et \u00e0 distance<\/strong>. Et re\u00e7ois sur <strong>Castanet Tolosan et Auch<\/strong> (une fois \/ mois)<\/p>\t\t\t\t\t\t\t\t<\/div>\n\t\t\t\t<\/div>\n\t\t\t\t<div class=\"elementor-element elementor-element-a14b5e2 elementor-widget elementor-widget-text-editor\" data-id=\"a14b5e2\" data-element_type=\"widget\" data-e-type=\"widget\" data-widget_type=\"text-editor.default\">\n\t\t\t\t<div class=\"elementor-widget-container\">\n\t\t\t\t\t\t\t\t\t<p><span style=\"text-decoration: underline;\">Exposant<\/span> : Evelyne Malhomme<\/p><p><span style=\"text-decoration: underline;\">T\u00e9l\u00e9phone<\/span> :06.14.20.53.86<\/p><p><span style=\"text-decoration: underline;\">Adresse mail<\/span> : mabullezenetre@gmail.com<\/p><p><span style=\"text-decoration: underline;\">Site internet<\/span> :\u00a0<a href=\"https:\/\/www.mabullezenetre.com\/\" target=\"_blank\" rel=\"noopener\">https:\/\/www.mabullezenetre.com\/<\/a><\/p><p><span style=\"text-decoration: underline;\">R\u00e9seaux sociaux<\/span> :<\/p><p>Facebook : mabullezenetre<\/p><p>Instagram : mabullezenetre<\/p><p><span style=\"text-decoration: underline;\">Conf\u00e9rence<\/span> :<\/p><p><strong>C&rsquo;est quoi la th\u00e9rapie holistique \u00e9nerg\u00e9tique ?<\/strong><\/p><p><strong>Dimanche 18 Mai<\/strong><\/p><p><strong>de 11h30 \u00e0 12h20<\/strong><\/p>\t\t\t\t\t\t\t\t<\/div>\n\t\t\t\t<\/div>\n\t\t\t\t\t<\/div>\n\t\t\t\t<\/div>\n\t\t\t\t<\/div>\n\t\t","protected":false},"excerpt":{"rendered":"<p>Ma Bulle Zen-\u00catre Je suis \u00c8velyne Malhomme, coach-th\u00e9rapeute holistique &amp; enseignante. En 2014, j\u2019ai cr\u00e9\u00e9 et ouvert mon cabinet, Ma Bulle Zen-\u00catre, o\u00f9 j&rsquo;accompagne les femmes en qu\u00eate de z\u00e9nitude, de s\u00e9r\u00e9nit\u00e9, d&rsquo;\u00e9quilibre &amp; de spiritualit\u00e9, vers un mieux-\u00eatre global et en harmonie avec leur essence profonde. J\u2019interviens surtout lors de passages difficiles, anxiog\u00e8ne &amp; douloureux, (\u00e9motionnels ou physiques)\u00a0; deuil, burn out, d\u00e9pression, m\u00e9nopause, grosse fatigue et lassitude, maladies de peau, probl\u00e8mes digestifs et transit\u2026 Lors de mes accompagnements uniques, personnalis\u00e9s, et totalement adapt\u00e9s, je mets \u00e0 disposition divers outils holistiques &amp; \u00e9nerg\u00e9tiques, tels que\u00a0; Les Fleurs de Bach (flacons personnalis\u00e9s cr\u00e9es \u00e0 chaque rendez-vous), Les massages \u00e9nerg\u00e9tiques chinois (pour \u00f4ter douleurs, stases, blocages\u2026), Des soins \u00e9nerg\u00e9tiques &amp; magn\u00e9tisme (combler les vides de Qi, apaiser l\u2019esprit \u00f4ter les inflammations), Des s\u00e9ances de recouvrement d\u2019\u00e2me (pour toutes celles qui d\u00e9sirent travailler sur leur karma, et blessures) Tout au long des s\u00e9ances, je donne trucs et astuces \u00ab\u00a0\u00d4 naturel\u00a0!\u00ab\u00a0, en aromath\u00e9rapie, hydrolath\u00e9rapie, phytoth\u00e9rapie et autres\u2026 Et pour toutes les femmes d\u00e9sireuses d\u2019aller plus loin, j\u2019initie au 1er et 2\u00b0 degr\u00e9 Reiki, j\u2019enseigne les 7 Rayons Sacr\u00e9s et propose des ateliers au pendule et \u00ab\u00a0Bonshommes Allumettes\u00a0\u00bb. J\u2019ai \u00e9crit un ebook interactif \u00ab\u00a0M\u00e9diter en toute simplicit\u00e9, pour les d\u00e9butantes\u00a0\u00bb (https:\/\/www.mabullezenetre.com\/boutique-spirit-eve), qui regroupe 2 workbook (imprimable et num\u00e9rique), ainsi que 5 m\u00e9ditations enregistr\u00e9es par mes soins \u2013 un autre est en pr\u00e9paration\u2026 Je propose des s\u00e9ances en pr\u00e9sentiel et \u00e0 distance. Et re\u00e7ois sur Castanet Tolosan et Auch (une fois \/ mois) Exposant : Evelyne Malhomme T\u00e9l\u00e9phone :06.14.20.53.86 Adresse mail : mabullezenetre@gmail.com Site internet :\u00a0https:\/\/www.mabullezenetre.com\/ R\u00e9seaux sociaux : Facebook : mabullezenetre Instagram : mabullezenetre Conf\u00e9rence : C&rsquo;est quoi la th\u00e9rapie holistique \u00e9nerg\u00e9tique ? Dimanche 18 Mai de 11h30 \u00e0 12h20<\/p>\n","protected":false},"author":1,"featured_media":0,"parent":0,"menu_order":0,"comment_status":"closed","ping_status":"closed","template":"elementor_header_footer","meta":{"footnotes":""},"class_list":["post-1940","page","type-page","status-publish","hentry","entry"],"_links":{"self":[{"href":"https:\/\/lesbellesjourneesdubienetre.com\/index.php\/wp-json\/wp\/v2\/pages\/1940","targetHints":{"allow":["GET"]}}],"collection":[{"href":"https:\/\/lesbellesjourneesdubienetre.com\/index.php\/wp-json\/wp\/v2\/pages"}],"about":[{"href":"https:\/\/lesbellesjourneesdubienetre.com\/index.php\/wp-json\/wp\/v2\/types\/page"}],"author":[{"embeddable":true,"href":"https:\/\/lesbellesjourneesdubienetre.com\/index.php\/wp-json\/wp\/v2\/users\/1"}],"replies":[{"embeddable":true,"href":"https:\/\/lesbellesjourneesdubienetre.com\/index.php\/wp-json\/wp\/v2\/comments?post=1940"}],"version-history":[{"count":25,"href":"https:\/\/lesbellesjourneesdubienetre.com\/index.php\/wp-json\/wp\/v2\/pages\/1940\/revisions"}],"predecessor-version":[{"id":2922,"href":"https:\/\/lesbellesjourneesdubienetre.com\/index.php\/wp-json\/wp\/v2\/pages\/1940\/revisions\/2922"}],"wp:attachment":[{"href":"https:\/\/lesbellesjourneesdubienetre.com\/index.php\/wp-json\/wp\/v2\/media?parent=1940"}],"curies":[{"name":"wp","href":"https:\/\/api.w.org\/{rel}","templated":true}]}}