{"id":2232,"date":"2025-01-25T22:50:31","date_gmt":"2025-01-25T21:50:31","guid":{"rendered":"https:\/\/lesbellesjourneesdubienetre.com\/?page_id=2232"},"modified":"2025-01-25T23:06:24","modified_gmt":"2025-01-25T22:06:24","slug":"st-orens-marion-rosa","status":"publish","type":"page","link":"https:\/\/lesbellesjourneesdubienetre.com\/index.php\/st-orens-marion-rosa\/","title":{"rendered":"st orens-Marion Rosa"},"content":{"rendered":"\t\t<div data-elementor-type=\"wp-page\" data-elementor-id=\"2232\" class=\"elementor elementor-2232\">\n\t\t\t\t<div class=\"elementor-element elementor-element-da3c3bd e-flex e-con-boxed wpr-particle-no wpr-jarallax-no wpr-parallax-no wpr-sticky-section-no wpr-equal-height-no e-con e-parent\" data-id=\"da3c3bd\" data-element_type=\"container\" data-e-type=\"container\">\n\t\t\t\t\t<div class=\"e-con-inner\">\n\t\t\t\t<div class=\"elementor-element elementor-element-39024d6 elementor-widget elementor-widget-image\" data-id=\"39024d6\" data-element_type=\"widget\" data-e-type=\"widget\" data-widget_type=\"image.default\">\n\t\t\t\t<div class=\"elementor-widget-container\">\n\t\t\t\t\t\t\t\t\t\t\t\t\t\t\t<img fetchpriority=\"high\" decoding=\"async\" width=\"1013\" height=\"1024\" src=\"https:\/\/lesbellesjourneesdubienetre.com\/wp-content\/uploads\/2025\/01\/logo-synergie-blanc-1013x1024.jpg\" class=\"attachment-large size-large wp-image-2237\" alt=\"\" srcset=\"https:\/\/lesbellesjourneesdubienetre.com\/wp-content\/uploads\/2025\/01\/logo-synergie-blanc-1013x1024.jpg 1013w, https:\/\/lesbellesjourneesdubienetre.com\/wp-content\/uploads\/2025\/01\/logo-synergie-blanc-297x300.jpg 297w, https:\/\/lesbellesjourneesdubienetre.com\/wp-content\/uploads\/2025\/01\/logo-synergie-blanc-768x776.jpg 768w, https:\/\/lesbellesjourneesdubienetre.com\/wp-content\/uploads\/2025\/01\/logo-synergie-blanc.jpg 1373w\" sizes=\"(max-width: 1013px) 100vw, 1013px\" \/>\t\t\t\t\t\t\t\t\t\t\t\t\t\t\t<\/div>\n\t\t\t\t<\/div>\n\t\t\t\t\t<\/div>\n\t\t\t\t<\/div>\n\t\t<div class=\"elementor-element elementor-element-c84cd27 e-flex e-con-boxed wpr-particle-no wpr-jarallax-no wpr-parallax-no wpr-sticky-section-no wpr-equal-height-no e-con e-parent\" data-id=\"c84cd27\" data-element_type=\"container\" data-e-type=\"container\">\n\t\t\t\t\t<div class=\"e-con-inner\">\n\t\t\t\t<div class=\"elementor-element elementor-element-a65a51a elementor-widget elementor-widget-heading\" data-id=\"a65a51a\" data-element_type=\"widget\" data-e-type=\"widget\" data-widget_type=\"heading.default\">\n\t\t\t\t<div class=\"elementor-widget-container\">\n\t\t\t\t\t<h2 class=\"elementor-heading-title elementor-size-default\"><a href=\"https:\/\/www.toulousenaturopathe.com\/\">Marion Rosa - Naturopathe<\/a><\/h2>\t\t\t\t<\/div>\n\t\t\t\t<\/div>\n\t\t\t\t\t<\/div>\n\t\t\t\t<\/div>\n\t\t<div class=\"elementor-element elementor-element-c10bf16 e-flex e-con-boxed wpr-particle-no wpr-jarallax-no wpr-parallax-no wpr-sticky-section-no wpr-equal-height-no e-con e-parent\" data-id=\"c10bf16\" data-element_type=\"container\" data-e-type=\"container\">\n\t\t\t\t\t<div class=\"e-con-inner\">\n\t\t\t\t<div class=\"elementor-element elementor-element-ca52ba3 elementor-widget elementor-widget-text-editor\" data-id=\"ca52ba3\" data-element_type=\"widget\" data-e-type=\"widget\" data-widget_type=\"text-editor.default\">\n\t\t\t\t<div class=\"elementor-widget-container\">\n\t\t\t\t\t\t\t\t\t<p><span style=\"color: #000000;\">L\u2019\u00c9cole Synergie est pr\u00e9sente partout en France, certifi\u00e9e Qualiopi et enregistr\u00e9e \u00e0 la DREETS. Nous proposons une formation pour devenir naturopathe holistique et des stages en bien-\u00eatre.<\/span><\/p><p><span style=\"color: #000000;\">&#8211; La formation de naturopathe holistique est organis\u00e9e en partie \u00e0 distance et en pr\u00e9sentiel. Les modules th\u00e9oriques sont travaill\u00e9s \u00e0 distance, \u00e0 votre rythme. Les stages pratiques ont lieu en pr\u00e9sentiel, le week-end, \u00e0 Toulouse.<\/span><\/p><p><span style=\"color: #000000;\">Ce cursus est sp\u00e9cifiquement d\u00e9velopp\u00e9 pour acqu\u00e9rir les connaissances et les comp\u00e9tences pratiques n\u00e9cessaires \u00e0 l\u2019exercice de ce m\u00e9tier, mais \u00e9galement pour favoriser son installation et d\u00e9velopper sa client\u00e8le.<\/span><\/p><p><span style=\"color: #000000;\">&#8211; Nous proposons \u00e9galement des modules \u00e0 la carte (stages) , en pr\u00e9sentiel \u00e0 Toulouse, pour vous former \u00e0 diff\u00e9rentes techniques de bien-\u00eatre : Huiles essentielles, Fleurs de Bach, alimentation, phytologie\u2026<\/span><\/p>\t\t\t\t\t\t\t\t<\/div>\n\t\t\t\t<\/div>\n\t\t\t\t<div class=\"elementor-element elementor-element-a14b5e2 elementor-widget elementor-widget-text-editor\" data-id=\"a14b5e2\" data-element_type=\"widget\" data-e-type=\"widget\" data-widget_type=\"text-editor.default\">\n\t\t\t\t<div class=\"elementor-widget-container\">\n\t\t\t\t\t\t\t\t\t<p><span style=\"text-decoration: underline;\">Exposant<\/span> : Marion Rosa<\/p><p><span style=\"text-decoration: underline;\">T\u00e9l\u00e9phone<\/span> : 06 10 98 47 39<\/p><p><span style=\"text-decoration: underline;\">Adresse mail<\/span> : marionrosa.naturopathe@gmail.com<\/p><p><span style=\"text-decoration: underline;\">Site internet<\/span> :\u00a0<a href=\"https:\/\/ecole-synergie.fr\/antenne-toulouse\">https:\/\/ecole-synergie.fr\/antenne-toulouse<\/a><\/p><p><span style=\"text-decoration: underline;\">R\u00e9seaux sociaux<\/span> :\u00a0<\/p><ul><li>facebook :\u00a0<a href=\"https:\/\/www.facebook.com\/Ecole.Synergie.Naturopathie.Perpignan\/\">Mon Facebook<\/a><\/li><li>instagram :\u00a0<a href=\"https:\/\/www.instagram.com\/marionrosa_naturopathe\/\">Mon insta<\/a><\/li><\/ul>\t\t\t\t\t\t\t\t<\/div>\n\t\t\t\t<\/div>\n\t\t\t\t\t<\/div>\n\t\t\t\t<\/div>\n\t\t<div class=\"elementor-element elementor-element-62bce45 e-flex e-con-boxed wpr-particle-no wpr-jarallax-no wpr-parallax-no wpr-sticky-section-no wpr-equal-height-no e-con e-parent\" data-id=\"62bce45\" data-element_type=\"container\" data-e-type=\"container\">\n\t\t\t\t\t<div class=\"e-con-inner\">\n\t\t\t\t<div class=\"elementor-element elementor-element-ebf7c0d elementor-shape-rounded elementor-grid-0 e-grid-align-center elementor-widget elementor-widget-social-icons\" data-id=\"ebf7c0d\" data-element_type=\"widget\" data-e-type=\"widget\" data-widget_type=\"social-icons.default\">\n\t\t\t\t<div class=\"elementor-widget-container\">\n\t\t\t\t\t\t\t<div class=\"elementor-social-icons-wrapper elementor-grid\" role=\"list\">\n\t\t\t\t\t\t\t<span class=\"elementor-grid-item\" role=\"listitem\">\n\t\t\t\t\t<a class=\"elementor-icon elementor-social-icon elementor-social-icon-facebook elementor-repeater-item-c8b254b\" href=\"https:\/\/www.facebook.com\/Ecole.Synergie.Naturopathie.Perpignan\/\" target=\"_blank\">\n\t\t\t\t\t\t<span class=\"elementor-screen-only\">Facebook<\/span>\n\t\t\t\t\t\t<svg aria-hidden=\"true\" class=\"e-font-icon-svg e-fab-facebook\" viewBox=\"0 0 512 512\" xmlns=\"http:\/\/www.w3.org\/2000\/svg\"><path d=\"M504 256C504 119 393 8 256 8S8 119 8 256c0 123.78 90.69 226.38 209.25 245V327.69h-63V256h63v-54.64c0-62.15 37-96.48 93.67-96.48 27.14 0 55.52 4.84 55.52 4.84v61h-31.28c-30.8 0-40.41 19.12-40.41 38.73V256h68.78l-11 71.69h-57.78V501C413.31 482.38 504 379.78 504 256z\"><\/path><\/svg>\t\t\t\t\t<\/a>\n\t\t\t\t<\/span>\n\t\t\t\t\t\t\t<span class=\"elementor-grid-item\" role=\"listitem\">\n\t\t\t\t\t<a class=\"elementor-icon elementor-social-icon elementor-social-icon-instagram elementor-repeater-item-5e76ea4\" href=\"https:\/\/www.instagram.com\/marionrosa_naturopathe\/\" target=\"_blank\">\n\t\t\t\t\t\t<span class=\"elementor-screen-only\">Instagram<\/span>\n\t\t\t\t\t\t<svg aria-hidden=\"true\" class=\"e-font-icon-svg e-fab-instagram\" viewBox=\"0 0 448 512\" xmlns=\"http:\/\/www.w3.org\/2000\/svg\"><path d=\"M224.1 141c-63.6 0-114.9 51.3-114.9 114.9s51.3 114.9 114.9 114.9S339 319.5 339 255.9 287.7 141 224.1 141zm0 189.6c-41.1 0-74.7-33.5-74.7-74.7s33.5-74.7 74.7-74.7 74.7 33.5 74.7 74.7-33.6 74.7-74.7 74.7zm146.4-194.3c0 14.9-12 26.8-26.8 26.8-14.9 0-26.8-12-26.8-26.8s12-26.8 26.8-26.8 26.8 12 26.8 26.8zm76.1 27.2c-1.7-35.9-9.9-67.7-36.2-93.9-26.2-26.2-58-34.4-93.9-36.2-37-2.1-147.9-2.1-184.9 0-35.8 1.7-67.6 9.9-93.9 36.1s-34.4 58-36.2 93.9c-2.1 37-2.1 147.9 0 184.9 1.7 35.9 9.9 67.7 36.2 93.9s58 34.4 93.9 36.2c37 2.1 147.9 2.1 184.9 0 35.9-1.7 67.7-9.9 93.9-36.2 26.2-26.2 34.4-58 36.2-93.9 2.1-37 2.1-147.8 0-184.8zM398.8 388c-7.8 19.6-22.9 34.7-42.6 42.6-29.5 11.7-99.5 9-132.1 9s-102.7 2.6-132.1-9c-19.6-7.8-34.7-22.9-42.6-42.6-11.7-29.5-9-99.5-9-132.1s-2.6-102.7 9-132.1c7.8-19.6 22.9-34.7 42.6-42.6 29.5-11.7 99.5-9 132.1-9s102.7-2.6 132.1 9c19.6 7.8 34.7 22.9 42.6 42.6 11.7 29.5 9 99.5 9 132.1s2.7 102.7-9 132.1z\"><\/path><\/svg>\t\t\t\t\t<\/a>\n\t\t\t\t<\/span>\n\t\t\t\t\t<\/div>\n\t\t\t\t\t\t<\/div>\n\t\t\t\t<\/div>\n\t\t\t\t\t<\/div>\n\t\t\t\t<\/div>\n\t\t\t\t<\/div>\n\t\t","protected":false},"excerpt":{"rendered":"<p>Marion Rosa &#8211; Naturopathe L\u2019\u00c9cole Synergie est pr\u00e9sente partout en France, certifi\u00e9e Qualiopi et enregistr\u00e9e \u00e0 la DREETS. Nous proposons une formation pour devenir naturopathe holistique et des stages en bien-\u00eatre. &#8211; La formation de naturopathe holistique est organis\u00e9e en partie \u00e0 distance et en pr\u00e9sentiel. Les modules th\u00e9oriques sont travaill\u00e9s \u00e0 distance, \u00e0 votre rythme. Les stages pratiques ont lieu en pr\u00e9sentiel, le week-end, \u00e0 Toulouse. Ce cursus est sp\u00e9cifiquement d\u00e9velopp\u00e9 pour acqu\u00e9rir les connaissances et les comp\u00e9tences pratiques n\u00e9cessaires \u00e0 l\u2019exercice de ce m\u00e9tier, mais \u00e9galement pour favoriser son installation et d\u00e9velopper sa client\u00e8le. &#8211; Nous proposons \u00e9galement des modules \u00e0 la carte (stages) , en pr\u00e9sentiel \u00e0 Toulouse, pour vous former \u00e0 diff\u00e9rentes techniques de bien-\u00eatre : Huiles essentielles, Fleurs de Bach, alimentation, phytologie\u2026 Exposant : Marion Rosa T\u00e9l\u00e9phone : 06 10 98 47 39 Adresse mail : marionrosa.naturopathe@gmail.com Site internet :\u00a0https:\/\/ecole-synergie.fr\/antenne-toulouse R\u00e9seaux sociaux :\u00a0 facebook :\u00a0Mon Facebook instagram :\u00a0Mon insta Facebook Instagram<\/p>\n","protected":false},"author":1,"featured_media":0,"parent":0,"menu_order":0,"comment_status":"closed","ping_status":"closed","template":"elementor_header_footer","meta":{"footnotes":""},"class_list":["post-2232","page","type-page","status-publish","hentry","entry"],"_links":{"self":[{"href":"https:\/\/lesbellesjourneesdubienetre.com\/index.php\/wp-json\/wp\/v2\/pages\/2232","targetHints":{"allow":["GET"]}}],"collection":[{"href":"https:\/\/lesbellesjourneesdubienetre.com\/index.php\/wp-json\/wp\/v2\/pages"}],"about":[{"href":"https:\/\/lesbellesjourneesdubienetre.com\/index.php\/wp-json\/wp\/v2\/types\/page"}],"author":[{"embeddable":true,"href":"https:\/\/lesbellesjourneesdubienetre.com\/index.php\/wp-json\/wp\/v2\/users\/1"}],"replies":[{"embeddable":true,"href":"https:\/\/lesbellesjourneesdubienetre.com\/index.php\/wp-json\/wp\/v2\/comments?post=2232"}],"version-history":[{"count":13,"href":"https:\/\/lesbellesjourneesdubienetre.com\/index.php\/wp-json\/wp\/v2\/pages\/2232\/revisions"}],"predecessor-version":[{"id":2247,"href":"https:\/\/lesbellesjourneesdubienetre.com\/index.php\/wp-json\/wp\/v2\/pages\/2232\/revisions\/2247"}],"wp:attachment":[{"href":"https:\/\/lesbellesjourneesdubienetre.com\/index.php\/wp-json\/wp\/v2\/media?parent=2232"}],"curies":[{"name":"wp","href":"https:\/\/api.w.org\/{rel}","templated":true}]}}