{"id":2563,"date":"2025-02-20T16:59:34","date_gmt":"2025-02-20T15:59:34","guid":{"rendered":"https:\/\/lesbellesjourneesdubienetre.com\/?page_id=2563"},"modified":"2025-04-25T20:57:36","modified_gmt":"2025-04-25T18:57:36","slug":"belberaud-maude-galonnier-harmonizel","status":"publish","type":"page","link":"https:\/\/lesbellesjourneesdubienetre.com\/index.php\/belberaud-maude-galonnier-harmonizel\/","title":{"rendered":"Belberaud-Maude Galonnier &#8211; Harmonizel"},"content":{"rendered":"\t\t<div data-elementor-type=\"wp-page\" data-elementor-id=\"2563\" class=\"elementor elementor-2563\">\n\t\t\t\t<div class=\"elementor-element elementor-element-da3c3bd e-con-full e-flex wpr-particle-no wpr-jarallax-no wpr-parallax-no wpr-sticky-section-no wpr-equal-height-no e-con e-parent\" data-id=\"da3c3bd\" data-element_type=\"container\" data-e-type=\"container\">\n\t\t\t\t<div class=\"elementor-element elementor-element-805a7d0 elementor-widget elementor-widget-image\" data-id=\"805a7d0\" data-element_type=\"widget\" data-e-type=\"widget\" data-widget_type=\"image.default\">\n\t\t\t\t<div class=\"elementor-widget-container\">\n\t\t\t\t\t\t\t\t\t\t\t\t\t\t\t<img fetchpriority=\"high\" decoding=\"async\" width=\"300\" height=\"197\" src=\"https:\/\/lesbellesjourneesdubienetre.com\/wp-content\/uploads\/2024\/11\/logo-maude-300x197.jpg\" class=\"attachment-medium size-medium wp-image-1138\" alt=\"\" srcset=\"https:\/\/lesbellesjourneesdubienetre.com\/wp-content\/uploads\/2024\/11\/logo-maude-300x197.jpg 300w, https:\/\/lesbellesjourneesdubienetre.com\/wp-content\/uploads\/2024\/11\/logo-maude-1024x673.jpg 1024w, https:\/\/lesbellesjourneesdubienetre.com\/wp-content\/uploads\/2024\/11\/logo-maude-768x504.jpg 768w, https:\/\/lesbellesjourneesdubienetre.com\/wp-content\/uploads\/2024\/11\/logo-maude.jpg 1046w\" sizes=\"(max-width: 300px) 100vw, 300px\" \/>\t\t\t\t\t\t\t\t\t\t\t\t\t\t\t<\/div>\n\t\t\t\t<\/div>\n\t\t\t\t<\/div>\n\t\t<div class=\"elementor-element elementor-element-c84cd27 e-flex e-con-boxed wpr-particle-no wpr-jarallax-no wpr-parallax-no wpr-sticky-section-no wpr-equal-height-no e-con e-parent\" data-id=\"c84cd27\" data-element_type=\"container\" data-e-type=\"container\">\n\t\t\t\t\t<div class=\"e-con-inner\">\n\t\t\t\t<div class=\"elementor-element elementor-element-a65a51a elementor-widget elementor-widget-heading\" data-id=\"a65a51a\" data-element_type=\"widget\" data-e-type=\"widget\" data-widget_type=\"heading.default\">\n\t\t\t\t<div class=\"elementor-widget-container\">\n\t\t\t\t\t<h2 class=\"elementor-heading-title elementor-size-default\"><a href=\"http:\/\/www.harmonizel.fr\/\">Harmonizel<\/a><\/h2>\t\t\t\t<\/div>\n\t\t\t\t<\/div>\n\t\t\t\t\t<\/div>\n\t\t\t\t<\/div>\n\t\t<div class=\"elementor-element elementor-element-c10bf16 e-flex e-con-boxed wpr-particle-no wpr-jarallax-no wpr-parallax-no wpr-sticky-section-no wpr-equal-height-no e-con e-parent\" data-id=\"c10bf16\" data-element_type=\"container\" data-e-type=\"container\">\n\t\t\t\t\t<div class=\"e-con-inner\">\n\t\t\t\t<div class=\"elementor-element elementor-element-a14b5e2 elementor-widget elementor-widget-text-editor\" data-id=\"a14b5e2\" data-element_type=\"widget\" data-e-type=\"widget\" data-widget_type=\"text-editor.default\">\n\t\t\t\t<div class=\"elementor-widget-container\">\n\t\t\t\t\t\t\t\t\t<p><span style=\"text-decoration: underline;\">Exposant<\/span> : Maude Galonnier<\/p><p><span style=\"text-decoration: underline;\">T\u00e9l\u00e9phone<\/span> : 06.51.07.19.47<\/p><p><span style=\"text-decoration: underline;\">Adresse mail<\/span> : contact@harmonizel.fr<\/p><p><span style=\"text-decoration: underline;\">Site internet<\/span> :\u00a0<a href=\"http:\/\/www.harmonizel.fr\">\/\/www.harmonizel.fr<\/a><\/p><p><span style=\"text-decoration: underline;\">R\u00e9seaux sociaux<\/span> :<\/p><ul><li>Facebook :\u00a0<a href=\"https:\/\/www.facebook.com\/profile.php?id=100095065863835\" target=\"_blank\" rel=\"noopener\">Mon Facebook<\/a><\/li><li>Instagram :\u00a0<a href=\"https:\/\/www.instagram.com\/harmonizel.fr\/\">Mon insta<\/a><\/li><\/ul><p><img decoding=\"async\" class=\"gmail-CToWUd_sandBox alignleft\" src=\"https:\/\/fonts.gstatic.com\/s\/e\/notoemoji\/15.1\/1f3a4\/72.png\" alt=\"\ud83c\udfa4\" width=\"23\" height=\"23\" \/> Atelier:\u00a0 <strong>\u00ab\u00a0Venez vivre en direct une s\u00e9ance de Bior\u00e9sonance\u00a0\u00bb<\/strong><\/p><p><strong>Le Samedi 17 Mai<\/strong><\/p><p><strong>de 16h30 \u00e0 17h20<\/strong><\/p>\t\t\t\t\t\t\t\t<\/div>\n\t\t\t\t<\/div>\n\t\t\t\t<div class=\"elementor-element elementor-element-ca52ba3 elementor-widget elementor-widget-text-editor\" data-id=\"ca52ba3\" data-element_type=\"widget\" data-e-type=\"widget\" data-widget_type=\"text-editor.default\">\n\t\t\t\t<div class=\"elementor-widget-container\">\n\t\t\t\t\t\t\t\t\t<p>D\u00e9couvrez la bior\u00e9sonance, une technique innovante pour soutenir le corps, \u00e0 l&rsquo;aide d&rsquo;un appareil pour analyser et r\u00e9\u00e9quilibrer les perturbations \u00e9lectriques du corps. Sur le stand :<\/p><p>\ud83e\udd29 Des\u00a0<b>mini analyses<\/b>, pour d\u00e9couvrir l&rsquo;approche<\/p><div><div>\ud83c\udf40 R\u00e9servez votre\u00a0<b>bilan sur mesure<\/b>\u00a0ou votre\u00a0detox\u00a0par bior\u00e9sonance<\/div><div>\u00a0<\/div><div>\ud83e\ude78 D\u00e9couvrez les\u00a0<b>m\u00e9daillons HARMONIZEL<\/b>, une solution bien-\u00eatre pour les r\u00e8gles douloureuses et syndrome pr\u00e9menstruel. A porter en toute discr\u00e9tion en bracelet ou collier. Charg\u00e9 avec des fr\u00e9quences de bior\u00e9sonance.<\/div><\/div>\t\t\t\t\t\t\t\t<\/div>\n\t\t\t\t<\/div>\n\t\t\t\t<div class=\"elementor-element elementor-element-b06889e elementor-shape-rounded elementor-grid-0 e-grid-align-center elementor-widget elementor-widget-social-icons\" data-id=\"b06889e\" data-element_type=\"widget\" data-e-type=\"widget\" data-widget_type=\"social-icons.default\">\n\t\t\t\t<div class=\"elementor-widget-container\">\n\t\t\t\t\t\t\t<div class=\"elementor-social-icons-wrapper elementor-grid\" role=\"list\">\n\t\t\t\t\t\t\t<span class=\"elementor-grid-item\" role=\"listitem\">\n\t\t\t\t\t<a class=\"elementor-icon elementor-social-icon elementor-social-icon-facebook elementor-repeater-item-3f49a2a\" href=\"https:\/\/www.facebook.com\/profile.php?id=100095065863835\" target=\"_blank\">\n\t\t\t\t\t\t<span class=\"elementor-screen-only\">Facebook<\/span>\n\t\t\t\t\t\t<svg aria-hidden=\"true\" class=\"e-font-icon-svg e-fab-facebook\" viewBox=\"0 0 512 512\" xmlns=\"http:\/\/www.w3.org\/2000\/svg\"><path d=\"M504 256C504 119 393 8 256 8S8 119 8 256c0 123.78 90.69 226.38 209.25 245V327.69h-63V256h63v-54.64c0-62.15 37-96.48 93.67-96.48 27.14 0 55.52 4.84 55.52 4.84v61h-31.28c-30.8 0-40.41 19.12-40.41 38.73V256h68.78l-11 71.69h-57.78V501C413.31 482.38 504 379.78 504 256z\"><\/path><\/svg>\t\t\t\t\t<\/a>\n\t\t\t\t<\/span>\n\t\t\t\t\t\t\t<span class=\"elementor-grid-item\" role=\"listitem\">\n\t\t\t\t\t<a class=\"elementor-icon elementor-social-icon elementor-social-icon-instagram elementor-repeater-item-e714ebc\" href=\"https:\/\/www.instagram.com\/harmonizel.fr\/\" target=\"_blank\">\n\t\t\t\t\t\t<span class=\"elementor-screen-only\">Instagram<\/span>\n\t\t\t\t\t\t<svg aria-hidden=\"true\" class=\"e-font-icon-svg e-fab-instagram\" viewBox=\"0 0 448 512\" xmlns=\"http:\/\/www.w3.org\/2000\/svg\"><path d=\"M224.1 141c-63.6 0-114.9 51.3-114.9 114.9s51.3 114.9 114.9 114.9S339 319.5 339 255.9 287.7 141 224.1 141zm0 189.6c-41.1 0-74.7-33.5-74.7-74.7s33.5-74.7 74.7-74.7 74.7 33.5 74.7 74.7-33.6 74.7-74.7 74.7zm146.4-194.3c0 14.9-12 26.8-26.8 26.8-14.9 0-26.8-12-26.8-26.8s12-26.8 26.8-26.8 26.8 12 26.8 26.8zm76.1 27.2c-1.7-35.9-9.9-67.7-36.2-93.9-26.2-26.2-58-34.4-93.9-36.2-37-2.1-147.9-2.1-184.9 0-35.8 1.7-67.6 9.9-93.9 36.1s-34.4 58-36.2 93.9c-2.1 37-2.1 147.9 0 184.9 1.7 35.9 9.9 67.7 36.2 93.9s58 34.4 93.9 36.2c37 2.1 147.9 2.1 184.9 0 35.9-1.7 67.7-9.9 93.9-36.2 26.2-26.2 34.4-58 36.2-93.9 2.1-37 2.1-147.8 0-184.8zM398.8 388c-7.8 19.6-22.9 34.7-42.6 42.6-29.5 11.7-99.5 9-132.1 9s-102.7 2.6-132.1-9c-19.6-7.8-34.7-22.9-42.6-42.6-11.7-29.5-9-99.5-9-132.1s-2.6-102.7 9-132.1c7.8-19.6 22.9-34.7 42.6-42.6 29.5-11.7 99.5-9 132.1-9s102.7-2.6 132.1 9c19.6 7.8 34.7 22.9 42.6 42.6 11.7 29.5 9 99.5 9 132.1s2.7 102.7-9 132.1z\"><\/path><\/svg>\t\t\t\t\t<\/a>\n\t\t\t\t<\/span>\n\t\t\t\t\t<\/div>\n\t\t\t\t\t\t<\/div>\n\t\t\t\t<\/div>\n\t\t\t\t\t<\/div>\n\t\t\t\t<\/div>\n\t\t\t\t<\/div>\n\t\t","protected":false},"excerpt":{"rendered":"<p>Harmonizel Exposant : Maude Galonnier T\u00e9l\u00e9phone : 06.51.07.19.47 Adresse mail : contact@harmonizel.fr Site internet :\u00a0\/\/www.harmonizel.fr R\u00e9seaux sociaux : Facebook :\u00a0Mon Facebook Instagram :\u00a0Mon insta Atelier:\u00a0 \u00ab\u00a0Venez vivre en direct une s\u00e9ance de Bior\u00e9sonance\u00a0\u00bb Le Samedi 17 Mai de 16h30 \u00e0 17h20 D\u00e9couvrez la bior\u00e9sonance, une technique innovante pour soutenir le corps, \u00e0 l&rsquo;aide d&rsquo;un appareil pour analyser et r\u00e9\u00e9quilibrer les perturbations \u00e9lectriques du corps. Sur le stand : \ud83e\udd29 Des\u00a0mini analyses, pour d\u00e9couvrir l&rsquo;approche \ud83c\udf40 R\u00e9servez votre\u00a0bilan sur mesure\u00a0ou votre\u00a0detox\u00a0par bior\u00e9sonance\u00a0\ud83e\ude78 D\u00e9couvrez les\u00a0m\u00e9daillons HARMONIZEL, une solution bien-\u00eatre pour les r\u00e8gles douloureuses et syndrome pr\u00e9menstruel. A porter en toute discr\u00e9tion en bracelet ou collier. Charg\u00e9 avec des fr\u00e9quences de bior\u00e9sonance. Facebook Instagram<\/p>\n","protected":false},"author":1,"featured_media":0,"parent":0,"menu_order":0,"comment_status":"closed","ping_status":"closed","template":"elementor_header_footer","meta":{"footnotes":""},"class_list":["post-2563","page","type-page","status-publish","hentry","entry"],"_links":{"self":[{"href":"https:\/\/lesbellesjourneesdubienetre.com\/index.php\/wp-json\/wp\/v2\/pages\/2563","targetHints":{"allow":["GET"]}}],"collection":[{"href":"https:\/\/lesbellesjourneesdubienetre.com\/index.php\/wp-json\/wp\/v2\/pages"}],"about":[{"href":"https:\/\/lesbellesjourneesdubienetre.com\/index.php\/wp-json\/wp\/v2\/types\/page"}],"author":[{"embeddable":true,"href":"https:\/\/lesbellesjourneesdubienetre.com\/index.php\/wp-json\/wp\/v2\/users\/1"}],"replies":[{"embeddable":true,"href":"https:\/\/lesbellesjourneesdubienetre.com\/index.php\/wp-json\/wp\/v2\/comments?post=2563"}],"version-history":[{"count":43,"href":"https:\/\/lesbellesjourneesdubienetre.com\/index.php\/wp-json\/wp\/v2\/pages\/2563\/revisions"}],"predecessor-version":[{"id":3358,"href":"https:\/\/lesbellesjourneesdubienetre.com\/index.php\/wp-json\/wp\/v2\/pages\/2563\/revisions\/3358"}],"wp:attachment":[{"href":"https:\/\/lesbellesjourneesdubienetre.com\/index.php\/wp-json\/wp\/v2\/media?parent=2563"}],"curies":[{"name":"wp","href":"https:\/\/api.w.org\/{rel}","templated":true}]}}