{"id":2923,"date":"2025-03-16T19:11:33","date_gmt":"2025-03-16T18:11:33","guid":{"rendered":"https:\/\/lesbellesjourneesdubienetre.com\/?page_id=2923"},"modified":"2025-04-25T20:38:00","modified_gmt":"2025-04-25T18:38:00","slug":"belberaud-asso-mouvements-pour-soi","status":"publish","type":"page","link":"https:\/\/lesbellesjourneesdubienetre.com\/index.php\/belberaud-asso-mouvements-pour-soi\/","title":{"rendered":"Belberaud Asso  mouvements pour soi"},"content":{"rendered":"\t\t<div data-elementor-type=\"wp-page\" data-elementor-id=\"2923\" class=\"elementor elementor-2923\">\n\t\t\t\t<div class=\"elementor-element elementor-element-da3c3bd e-flex e-con-boxed wpr-particle-no wpr-jarallax-no wpr-parallax-no wpr-sticky-section-no wpr-equal-height-no e-con e-parent\" data-id=\"da3c3bd\" data-element_type=\"container\" data-e-type=\"container\">\n\t\t\t\t\t<div class=\"e-con-inner\">\n\t\t\t\t<div class=\"elementor-element elementor-element-39024d6 elementor-widget elementor-widget-image\" data-id=\"39024d6\" data-element_type=\"widget\" data-e-type=\"widget\" data-widget_type=\"image.default\">\n\t\t\t\t<div class=\"elementor-widget-container\">\n\t\t\t\t\t\t\t\t\t\t\t\t\t\t\t<img fetchpriority=\"high\" decoding=\"async\" width=\"790\" height=\"756\" src=\"https:\/\/lesbellesjourneesdubienetre.com\/wp-content\/uploads\/2024\/12\/mouvementspoursoi.png\" class=\"attachment-large size-large wp-image-1807\" alt=\"\" srcset=\"https:\/\/lesbellesjourneesdubienetre.com\/wp-content\/uploads\/2024\/12\/mouvementspoursoi.png 790w, https:\/\/lesbellesjourneesdubienetre.com\/wp-content\/uploads\/2024\/12\/mouvementspoursoi-300x287.png 300w, https:\/\/lesbellesjourneesdubienetre.com\/wp-content\/uploads\/2024\/12\/mouvementspoursoi-768x735.png 768w\" sizes=\"(max-width: 790px) 100vw, 790px\" \/>\t\t\t\t\t\t\t\t\t\t\t\t\t\t\t<\/div>\n\t\t\t\t<\/div>\n\t\t\t\t\t<\/div>\n\t\t\t\t<\/div>\n\t\t<div class=\"elementor-element elementor-element-c84cd27 e-flex e-con-boxed wpr-particle-no wpr-jarallax-no wpr-parallax-no wpr-sticky-section-no wpr-equal-height-no e-con e-parent\" data-id=\"c84cd27\" data-element_type=\"container\" data-e-type=\"container\">\n\t\t\t\t\t<div class=\"e-con-inner\">\n\t\t\t\t<div class=\"elementor-element elementor-element-a65a51a elementor-widget elementor-widget-heading\" data-id=\"a65a51a\" data-element_type=\"widget\" data-e-type=\"widget\" data-widget_type=\"heading.default\">\n\t\t\t\t<div class=\"elementor-widget-container\">\n\t\t\t\t\t<h2 class=\"elementor-heading-title elementor-size-default\">5 Mouvements pour Soi<\/h2>\t\t\t\t<\/div>\n\t\t\t\t<\/div>\n\t\t\t\t\t<\/div>\n\t\t\t\t<\/div>\n\t\t<div class=\"elementor-element elementor-element-c10bf16 e-flex e-con-boxed wpr-particle-no wpr-jarallax-no wpr-parallax-no wpr-sticky-section-no wpr-equal-height-no e-con e-parent\" data-id=\"c10bf16\" data-element_type=\"container\" data-e-type=\"container\">\n\t\t\t\t\t<div class=\"e-con-inner\">\n\t\t\t\t<div class=\"elementor-element elementor-element-ca52ba3 elementor-widget elementor-widget-text-editor\" data-id=\"ca52ba3\" data-element_type=\"widget\" data-e-type=\"widget\" data-widget_type=\"text-editor.default\">\n\t\t\t\t<div class=\"elementor-widget-container\">\n\t\t\t\t\t\t\t\t\t<p><span style=\"color: #000000;\"><b>5 Mouvements pour Soi QI GONG et M\u00e9ditation <\/b><\/span><\/p><p><span style=\"color: #000000;\">\u00c9cole de Qi Gong et de m\u00e9ditation de la M\u00e9thode Liu Dong.<\/span><\/p><p><span style=\"color: #000000;\">Cours en pr\u00e9sentiel et \u00e0 distance, stages d&rsquo;initiation, stages de pratique , s\u00e9jours de 4 jours\u00a0 en montagne ou \u00e0 l&rsquo;oc\u00e9an.<\/span><\/p>\t\t\t\t\t\t\t\t<\/div>\n\t\t\t\t<\/div>\n\t\t\t\t<div class=\"elementor-element elementor-element-a14b5e2 elementor-widget elementor-widget-text-editor\" data-id=\"a14b5e2\" data-element_type=\"widget\" data-e-type=\"widget\" data-widget_type=\"text-editor.default\">\n\t\t\t\t<div class=\"elementor-widget-container\">\n\t\t\t\t\t\t\t\t\t<p><span style=\"text-decoration: underline;\">Exposant<\/span> : Anne DARNES-GAILHARD<\/p><p><span style=\"text-decoration: underline;\">T\u00e9l\u00e9phone<\/span> :06.28.62.13.70<\/p><p><span style=\"text-decoration: underline;\">Adresse mail<\/span> : 5mouvementspoursoi@gmail.com<\/p><p><span style=\"text-decoration: underline;\">Site internet<\/span> : <a href=\"http:\/\/www.5mouvementspoursoi.fr\">www.5mouvementspoursoi.fr<\/a><\/p><p><span style=\"text-decoration: underline;\">Atelier<\/span>\u00a0:<\/p><div><i><span style=\"font-family: verdana, sans-serif;\">M\u00e9ditation et Pratique du Qi Gong en peine conscience<\/span><\/i><\/div><div><i><span style=\"font-family: verdana, sans-serif;\">par Anne DARNES GAILHARD<\/span><\/i><\/div><div>\u00a0<\/div><p><span style=\"text-decoration: underline;\"><strong>Samedi 17 Mai<\/strong><\/span><\/p><p><strong>18h30 \/ 19h20<\/strong><\/p><p>\u00a0<\/p><div>\u00a0<\/div>\t\t\t\t\t\t\t\t<\/div>\n\t\t\t\t<\/div>\n\t\t\t\t\t<\/div>\n\t\t\t\t<\/div>\n\t\t\t\t<\/div>\n\t\t","protected":false},"excerpt":{"rendered":"<p>5 Mouvements pour Soi 5 Mouvements pour Soi QI GONG et M\u00e9ditation \u00c9cole de Qi Gong et de m\u00e9ditation de la M\u00e9thode Liu Dong. Cours en pr\u00e9sentiel et \u00e0 distance, stages d&rsquo;initiation, stages de pratique , s\u00e9jours de 4 jours\u00a0 en montagne ou \u00e0 l&rsquo;oc\u00e9an. Exposant : Anne DARNES-GAILHARD T\u00e9l\u00e9phone :06.28.62.13.70 Adresse mail : 5mouvementspoursoi@gmail.com Site internet : www.5mouvementspoursoi.fr Atelier\u00a0: M\u00e9ditation et Pratique du Qi Gong en peine consciencepar Anne DARNES GAILHARD\u00a0 Samedi 17 Mai 18h30 \/ 19h20 \u00a0 \u00a0<\/p>\n","protected":false},"author":1,"featured_media":0,"parent":0,"menu_order":0,"comment_status":"closed","ping_status":"closed","template":"elementor_header_footer","meta":{"footnotes":""},"class_list":["post-2923","page","type-page","status-publish","hentry","entry"],"_links":{"self":[{"href":"https:\/\/lesbellesjourneesdubienetre.com\/index.php\/wp-json\/wp\/v2\/pages\/2923","targetHints":{"allow":["GET"]}}],"collection":[{"href":"https:\/\/lesbellesjourneesdubienetre.com\/index.php\/wp-json\/wp\/v2\/pages"}],"about":[{"href":"https:\/\/lesbellesjourneesdubienetre.com\/index.php\/wp-json\/wp\/v2\/types\/page"}],"author":[{"embeddable":true,"href":"https:\/\/lesbellesjourneesdubienetre.com\/index.php\/wp-json\/wp\/v2\/users\/1"}],"replies":[{"embeddable":true,"href":"https:\/\/lesbellesjourneesdubienetre.com\/index.php\/wp-json\/wp\/v2\/comments?post=2923"}],"version-history":[{"count":10,"href":"https:\/\/lesbellesjourneesdubienetre.com\/index.php\/wp-json\/wp\/v2\/pages\/2923\/revisions"}],"predecessor-version":[{"id":3342,"href":"https:\/\/lesbellesjourneesdubienetre.com\/index.php\/wp-json\/wp\/v2\/pages\/2923\/revisions\/3342"}],"wp:attachment":[{"href":"https:\/\/lesbellesjourneesdubienetre.com\/index.php\/wp-json\/wp\/v2\/media?parent=2923"}],"curies":[{"name":"wp","href":"https:\/\/api.w.org\/{rel}","templated":true}]}}