{"id":2945,"date":"2025-03-25T09:12:58","date_gmt":"2025-03-25T08:12:58","guid":{"rendered":"https:\/\/lesbellesjourneesdubienetre.com\/?page_id=2945"},"modified":"2025-03-25T09:20:30","modified_gmt":"2025-03-25T08:20:30","slug":"belberaud-prevention-habitat","status":"publish","type":"page","link":"https:\/\/lesbellesjourneesdubienetre.com\/index.php\/belberaud-prevention-habitat\/","title":{"rendered":"Belberaud prevention habitat"},"content":{"rendered":"\t\t<div data-elementor-type=\"wp-page\" data-elementor-id=\"2945\" class=\"elementor elementor-2945\">\n\t\t\t\t<div class=\"elementor-element elementor-element-da3c3bd e-flex e-con-boxed wpr-particle-no wpr-jarallax-no wpr-parallax-no wpr-sticky-section-no wpr-equal-height-no e-con e-parent\" data-id=\"da3c3bd\" data-element_type=\"container\" data-e-type=\"container\">\n\t\t\t\t\t<div class=\"e-con-inner\">\n\t\t\t\t<div class=\"elementor-element elementor-element-39024d6 elementor-widget elementor-widget-image\" data-id=\"39024d6\" data-element_type=\"widget\" data-e-type=\"widget\" data-widget_type=\"image.default\">\n\t\t\t\t<div class=\"elementor-widget-container\">\n\t\t\t\t\t\t\t\t\t\t\t\t\t\t\t<img decoding=\"async\" width=\"337\" height=\"91\" src=\"https:\/\/lesbellesjourneesdubienetre.com\/wp-content\/uploads\/2025\/03\/Logo-372w-1920w-1920w-removebg-previeweee-364w.webp\" class=\"attachment-large size-large wp-image-3023\" alt=\"\" srcset=\"https:\/\/lesbellesjourneesdubienetre.com\/wp-content\/uploads\/2025\/03\/Logo-372w-1920w-1920w-removebg-previeweee-364w.webp 337w, https:\/\/lesbellesjourneesdubienetre.com\/wp-content\/uploads\/2025\/03\/Logo-372w-1920w-1920w-removebg-previeweee-364w-300x81.webp 300w\" sizes=\"(max-width: 337px) 100vw, 337px\" \/>\t\t\t\t\t\t\t\t\t\t\t\t\t\t\t<\/div>\n\t\t\t\t<\/div>\n\t\t\t\t\t<\/div>\n\t\t\t\t<\/div>\n\t\t<div class=\"elementor-element elementor-element-c84cd27 e-flex e-con-boxed wpr-particle-no wpr-jarallax-no wpr-parallax-no wpr-sticky-section-no wpr-equal-height-no e-con e-parent\" data-id=\"c84cd27\" data-element_type=\"container\" data-e-type=\"container\">\n\t\t\t\t\t<div class=\"e-con-inner\">\n\t\t\t\t<div class=\"elementor-element elementor-element-a65a51a elementor-widget elementor-widget-heading\" data-id=\"a65a51a\" data-element_type=\"widget\" data-e-type=\"widget\" data-widget_type=\"heading.default\">\n\t\t\t\t<div class=\"elementor-widget-container\">\n\t\t\t\t\t<h2 class=\"elementor-heading-title elementor-size-default\">Pr\u00e9vention Habitat<\/h2>\t\t\t\t<\/div>\n\t\t\t\t<\/div>\n\t\t\t\t\t<\/div>\n\t\t\t\t<\/div>\n\t\t<div class=\"elementor-element elementor-element-c10bf16 e-flex e-con-boxed wpr-particle-no wpr-jarallax-no wpr-parallax-no wpr-sticky-section-no wpr-equal-height-no e-con e-parent\" data-id=\"c10bf16\" data-element_type=\"container\" data-e-type=\"container\">\n\t\t\t\t\t<div class=\"e-con-inner\">\n\t\t\t\t<div class=\"elementor-element elementor-element-ca52ba3 elementor-widget elementor-widget-text-editor\" data-id=\"ca52ba3\" data-element_type=\"widget\" data-e-type=\"widget\" data-widget_type=\"text-editor.default\">\n\t\t\t\t<div class=\"elementor-widget-container\">\n\t\t\t\t\t\t\t\t\t<p><span class=\"m-font-size-14 font-size-16\">Nous intervenons pour l&rsquo;entretien et la r\u00e9novation de<\/span><span class=\"m-font-size-14 font-size-16\">\u00a0<\/span><a class=\"m-font-size-14 font-size-16\" href=\"https:\/\/www.preventionhabitat.fr\/toiture\" type=\"page\">toiture<\/a><span class=\"m-font-size-14 font-size-16\">,<\/span><span class=\"m-font-size-14 font-size-16\">\u00a0de\u00a0<\/span><a class=\"m-font-size-14 font-size-16\" href=\"https:\/\/www.preventionhabitat.fr\/charpente\" type=\"page\">charpente<\/a><span class=\"m-font-size-14 font-size-16\">\u00a0<\/span><span class=\"m-font-size-14 font-size-16\">et<\/span><span class=\"m-font-size-14 font-size-16\">\u00a0de\u00a0<\/span><a class=\"m-font-size-14 font-size-16\" href=\"https:\/\/www.preventionhabitat.fr\/ravalement-facade\" type=\"page\">fa\u00e7ade<\/a><span class=\"m-font-size-14 font-size-16\">, ainsi que pour le d\u00e9pannage en urgence 7j\/7 et 24h\/24. Notre entreprise familiale assure depuis plus de 10 ans des travaux en hauteur qui visent \u00e0 pr\u00e9server et valoriser le patrimoine immobilier.<\/span><\/p>\t\t\t\t\t\t\t\t<\/div>\n\t\t\t\t<\/div>\n\t\t\t\t<div class=\"elementor-element elementor-element-a14b5e2 elementor-widget elementor-widget-text-editor\" data-id=\"a14b5e2\" data-element_type=\"widget\" data-e-type=\"widget\" data-widget_type=\"text-editor.default\">\n\t\t\t\t<div class=\"elementor-widget-container\">\n\t\t\t\t\t\t\t\t\t<p><span style=\"text-decoration: underline;\">T\u00e9l\u00e9phone<\/span> : 07.49.12.24.53<\/p><p><span style=\"text-decoration: underline;\">Site internet<\/span> :\u00a0<a href=\"http:\/\/www.preventionhabitat.fr\">http:\/\/www.preventionhabitat.fr<\/a><\/p><p>\u00a0<\/p>\t\t\t\t\t\t\t\t<\/div>\n\t\t\t\t<\/div>\n\t\t\t\t\t<\/div>\n\t\t\t\t<\/div>\n\t\t\t\t<\/div>\n\t\t","protected":false},"excerpt":{"rendered":"<p>Pr\u00e9vention Habitat Nous intervenons pour l&rsquo;entretien et la r\u00e9novation de\u00a0toiture,\u00a0de\u00a0charpente\u00a0et\u00a0de\u00a0fa\u00e7ade, ainsi que pour le d\u00e9pannage en urgence 7j\/7 et 24h\/24. Notre entreprise familiale assure depuis plus de 10 ans des travaux en hauteur qui visent \u00e0 pr\u00e9server et valoriser le patrimoine immobilier. T\u00e9l\u00e9phone : 07.49.12.24.53 Site internet :\u00a0http:\/\/www.preventionhabitat.fr \u00a0<\/p>\n","protected":false},"author":1,"featured_media":0,"parent":0,"menu_order":0,"comment_status":"closed","ping_status":"closed","template":"elementor_header_footer","meta":{"footnotes":""},"class_list":["post-2945","page","type-page","status-publish","hentry","entry"],"_links":{"self":[{"href":"https:\/\/lesbellesjourneesdubienetre.com\/index.php\/wp-json\/wp\/v2\/pages\/2945","targetHints":{"allow":["GET"]}}],"collection":[{"href":"https:\/\/lesbellesjourneesdubienetre.com\/index.php\/wp-json\/wp\/v2\/pages"}],"about":[{"href":"https:\/\/lesbellesjourneesdubienetre.com\/index.php\/wp-json\/wp\/v2\/types\/page"}],"author":[{"embeddable":true,"href":"https:\/\/lesbellesjourneesdubienetre.com\/index.php\/wp-json\/wp\/v2\/users\/1"}],"replies":[{"embeddable":true,"href":"https:\/\/lesbellesjourneesdubienetre.com\/index.php\/wp-json\/wp\/v2\/comments?post=2945"}],"version-history":[{"count":7,"href":"https:\/\/lesbellesjourneesdubienetre.com\/index.php\/wp-json\/wp\/v2\/pages\/2945\/revisions"}],"predecessor-version":[{"id":3030,"href":"https:\/\/lesbellesjourneesdubienetre.com\/index.php\/wp-json\/wp\/v2\/pages\/2945\/revisions\/3030"}],"wp:attachment":[{"href":"https:\/\/lesbellesjourneesdubienetre.com\/index.php\/wp-json\/wp\/v2\/media?parent=2945"}],"curies":[{"name":"wp","href":"https:\/\/api.w.org\/{rel}","templated":true}]}}