{"id":3097,"date":"2025-04-14T11:42:27","date_gmt":"2025-04-14T09:42:27","guid":{"rendered":"https:\/\/lesbellesjourneesdubienetre.com\/?page_id=3097"},"modified":"2025-04-26T11:50:13","modified_gmt":"2025-04-26T09:50:13","slug":"belberaud-christophe-de-flaugergue","status":"publish","type":"page","link":"https:\/\/lesbellesjourneesdubienetre.com\/index.php\/belberaud-christophe-de-flaugergue\/","title":{"rendered":"Belberaud Christophe de flaugergue"},"content":{"rendered":"\t\t<div data-elementor-type=\"wp-page\" data-elementor-id=\"3097\" class=\"elementor elementor-3097\">\n\t\t\t\t<div class=\"elementor-element elementor-element-da3c3bd e-flex e-con-boxed wpr-particle-no wpr-jarallax-no wpr-parallax-no wpr-sticky-section-no wpr-equal-height-no e-con e-parent\" data-id=\"da3c3bd\" data-element_type=\"container\" data-e-type=\"container\">\n\t\t\t\t\t<div class=\"e-con-inner\">\n\t\t\t\t<div class=\"elementor-element elementor-element-39024d6 elementor-widget elementor-widget-image\" data-id=\"39024d6\" data-element_type=\"widget\" data-e-type=\"widget\" data-widget_type=\"image.default\">\n\t\t\t\t<div class=\"elementor-widget-container\">\n\t\t\t\t\t\t\t\t\t\t\t\t\t\t\t<img decoding=\"async\" width=\"80\" height=\"80\" src=\"https:\/\/lesbellesjourneesdubienetre.com\/wp-content\/uploads\/2025\/04\/christophe.jpg\" class=\"attachment-large size-large wp-image-3190\" alt=\"\" \/>\t\t\t\t\t\t\t\t\t\t\t\t\t\t\t<\/div>\n\t\t\t\t<\/div>\n\t\t\t\t\t<\/div>\n\t\t\t\t<\/div>\n\t\t<div class=\"elementor-element elementor-element-c84cd27 e-flex e-con-boxed wpr-particle-no wpr-jarallax-no wpr-parallax-no wpr-sticky-section-no wpr-equal-height-no e-con e-parent\" data-id=\"c84cd27\" data-element_type=\"container\" data-e-type=\"container\">\n\t\t\t\t\t<div class=\"e-con-inner\">\n\t\t\t\t<div class=\"elementor-element elementor-element-a65a51a elementor-widget elementor-widget-heading\" data-id=\"a65a51a\" data-element_type=\"widget\" data-e-type=\"widget\" data-widget_type=\"heading.default\">\n\t\t\t\t<div class=\"elementor-widget-container\">\n\t\t\t\t\t<h2 class=\"elementor-heading-title elementor-size-default\">Christophe De Flaugergues<\/h2>\t\t\t\t<\/div>\n\t\t\t\t<\/div>\n\t\t\t\t\t<\/div>\n\t\t\t\t<\/div>\n\t\t<div class=\"elementor-element elementor-element-c10bf16 e-flex e-con-boxed wpr-particle-no wpr-jarallax-no wpr-parallax-no wpr-sticky-section-no wpr-equal-height-no e-con e-parent\" data-id=\"c10bf16\" data-element_type=\"container\" data-e-type=\"container\">\n\t\t\t\t\t<div class=\"e-con-inner\">\n\t\t\t\t<div class=\"elementor-element elementor-element-ca52ba3 elementor-widget elementor-widget-text-editor\" data-id=\"ca52ba3\" data-element_type=\"widget\" data-e-type=\"widget\" data-widget_type=\"text-editor.default\">\n\t\t\t\t<div class=\"elementor-widget-container\">\n\t\t\t\t\t\t\t\t\t<p>Je suis Christophe De Flaugergues, sp\u00e9cialiste en appareillage orthop\u00e9dique sur mesure et de s\u00e9rie, ainsi qu&rsquo;en compression m\u00e9dicale. Mon objectif est de vous accompagner avec des solutions adapt\u00e9es \u00e0 votre quotidien, en prenant en compte vos besoins sp\u00e9cifiques et votre mode de vie. Je vous propose des solutions adapt\u00e9es \u00e0 votre situation : \u2705 Douleurs de croissance chez l\u2019enfant (Osgood-Schlatter, Sever) \u2013 Votre enfant souffre de douleurs aux genoux ou aux talons ? Je mets en place un protocole sp\u00e9cifique sur 3 mois, incluant un suivi personnalis\u00e9 avec orth\u00e8ses adapt\u00e9es ainsi qu&rsquo;un plan d&rsquo;auto-r\u00e9education, pour soulager la douleur et accompagner sa croissance. \u2705 Orth\u00e8ses (ou atelles) sur mesure et de s\u00e9rie \u2013 Pour stabiliser vos articulations, corriger votre posture et vous aider \u00e0 mieux bouger au quotidien. \u2705 Contentions et attelles \u2013 Pour soulager les pathologies articulaires, ligamentaires et musculaires. \u2705 Semelles orthop\u00e9diques et posturales \u2013 Si vous ressentez des douleurs aux pieds, aux genoux ou au dos, des semelles adapt\u00e9es peuvent corriger votre posture et am\u00e9liorer votre confort. \u2705 Phl\u00e9bologie et lymphologie \u2013 Compression m\u00e9dicale pour traiter l\u2019insuffisance veineuse, le lymph\u0153d\u00e8me et pr\u00e9venir les thromboses. \u2705 Syndrome d\u2019Ehlers-Danlos (SED) et fibromyalgie Chaque patient est unique et m\u00e9rite une attention particuli\u00e8re, ainsi je vous propose: \u2714 Une approche personnalis\u00e9e : Chaque patient est unique, et je prends le temps d\u2019\u00e9couter votre situation pour vous proposer la meilleure solution. \u2714 Un protocole structur\u00e9 : Pour les douleurs de croissance, un suivi sur 3 mois permet d\u2019assurer une am\u00e9lioration progressive et durable. \u2714 Un vrai savoir-faire : Gr\u00e2ce \u00e0 mon exp\u00e9rience et r\u00e9seau multidisciplinaire, je vous conseille les dispositifs les plus adapt\u00e9s \u00e0 votre pathologie. \u2714 Un suivi r\u00e9gulier : Mon accompagnement ne s\u2019arr\u00eate pas \u00e0 la livraison de votre appareillage. Je reste \u00e0 votre disposition pour assurer votre confort sur le long terme.<\/p>\t\t\t\t\t\t\t\t<\/div>\n\t\t\t\t<\/div>\n\t\t\t\t<div class=\"elementor-element elementor-element-a14b5e2 elementor-widget elementor-widget-text-editor\" data-id=\"a14b5e2\" data-element_type=\"widget\" data-e-type=\"widget\" data-widget_type=\"text-editor.default\">\n\t\t\t\t<div class=\"elementor-widget-container\">\n\t\t\t\t\t\t\t\t\t<p><span style=\"text-decoration: underline;\">T\u00e9l\u00e9phone<\/span> : 06 03 08 18 64<\/p><p><span style=\"text-decoration: underline;\">Adresse mail<\/span> : Christophe.df@tournefeuille-orthopedie.fr<\/p><p><span style=\"text-decoration: underline;\">Site internet<\/span> :\u00a0<a href=\"https:\/\/tournefeuille-orthopedie.fr\">https:\/\/tournefeuille-orthopedie.fr<\/a><\/p><p><span style=\"text-decoration: underline;\">Conf\u00e9rence<\/span> :\u00a0<\/p><p><strong>Posturologie et Bien-\u00catre<\/strong><\/p><p><strong>Samedi 17 Mai de 13h30 \u00e0 14h20<\/strong><\/p>\t\t\t\t\t\t\t\t<\/div>\n\t\t\t\t<\/div>\n\t\t\t\t\t<\/div>\n\t\t\t\t<\/div>\n\t\t\t\t<\/div>\n\t\t","protected":false},"excerpt":{"rendered":"<p>Christophe De Flaugergues Je suis Christophe De Flaugergues, sp\u00e9cialiste en appareillage orthop\u00e9dique sur mesure et de s\u00e9rie, ainsi qu&rsquo;en compression m\u00e9dicale. Mon objectif est de vous accompagner avec des solutions adapt\u00e9es \u00e0 votre quotidien, en prenant en compte vos besoins sp\u00e9cifiques et votre mode de vie. Je vous propose des solutions adapt\u00e9es \u00e0 votre situation : \u2705 Douleurs de croissance chez l\u2019enfant (Osgood-Schlatter, Sever) \u2013 Votre enfant souffre de douleurs aux genoux ou aux talons ? Je mets en place un protocole sp\u00e9cifique sur 3 mois, incluant un suivi personnalis\u00e9 avec orth\u00e8ses adapt\u00e9es ainsi qu&rsquo;un plan d&rsquo;auto-r\u00e9education, pour soulager la douleur et accompagner sa croissance. \u2705 Orth\u00e8ses (ou atelles) sur mesure et de s\u00e9rie \u2013 Pour stabiliser vos articulations, corriger votre posture et vous aider \u00e0 mieux bouger au quotidien. \u2705 Contentions et attelles \u2013 Pour soulager les pathologies articulaires, ligamentaires et musculaires. \u2705 Semelles orthop\u00e9diques et posturales \u2013 Si vous ressentez des douleurs aux pieds, aux genoux ou au dos, des semelles adapt\u00e9es peuvent corriger votre posture et am\u00e9liorer votre confort. \u2705 Phl\u00e9bologie et lymphologie \u2013 Compression m\u00e9dicale pour traiter l\u2019insuffisance veineuse, le lymph\u0153d\u00e8me et pr\u00e9venir les thromboses. \u2705 Syndrome d\u2019Ehlers-Danlos (SED) et fibromyalgie Chaque patient est unique et m\u00e9rite une attention particuli\u00e8re, ainsi je vous propose: \u2714 Une approche personnalis\u00e9e : Chaque patient est unique, et je prends le temps d\u2019\u00e9couter votre situation pour vous proposer la meilleure solution. \u2714 Un protocole structur\u00e9 : Pour les douleurs de croissance, un suivi sur 3 mois permet d\u2019assurer une am\u00e9lioration progressive et durable. \u2714 Un vrai savoir-faire : Gr\u00e2ce \u00e0 mon exp\u00e9rience et r\u00e9seau multidisciplinaire, je vous conseille les dispositifs les plus adapt\u00e9s \u00e0 votre pathologie. \u2714 Un suivi r\u00e9gulier : Mon accompagnement ne s\u2019arr\u00eate pas \u00e0 la livraison de votre appareillage. Je reste \u00e0 votre disposition pour assurer votre confort sur le long terme. T\u00e9l\u00e9phone : 06 03 08 18 64 Adresse mail : Christophe.df@tournefeuille-orthopedie.fr Site internet :\u00a0https:\/\/tournefeuille-orthopedie.fr Conf\u00e9rence :\u00a0 Posturologie et Bien-\u00catre Samedi 17 Mai de 13h30 \u00e0 14h20<\/p>\n","protected":false},"author":1,"featured_media":0,"parent":0,"menu_order":0,"comment_status":"closed","ping_status":"closed","template":"elementor_header_footer","meta":{"footnotes":""},"class_list":["post-3097","page","type-page","status-publish","hentry","entry"],"_links":{"self":[{"href":"https:\/\/lesbellesjourneesdubienetre.com\/index.php\/wp-json\/wp\/v2\/pages\/3097","targetHints":{"allow":["GET"]}}],"collection":[{"href":"https:\/\/lesbellesjourneesdubienetre.com\/index.php\/wp-json\/wp\/v2\/pages"}],"about":[{"href":"https:\/\/lesbellesjourneesdubienetre.com\/index.php\/wp-json\/wp\/v2\/types\/page"}],"author":[{"embeddable":true,"href":"https:\/\/lesbellesjourneesdubienetre.com\/index.php\/wp-json\/wp\/v2\/users\/1"}],"replies":[{"embeddable":true,"href":"https:\/\/lesbellesjourneesdubienetre.com\/index.php\/wp-json\/wp\/v2\/comments?post=3097"}],"version-history":[{"count":4,"href":"https:\/\/lesbellesjourneesdubienetre.com\/index.php\/wp-json\/wp\/v2\/pages\/3097\/revisions"}],"predecessor-version":[{"id":3388,"href":"https:\/\/lesbellesjourneesdubienetre.com\/index.php\/wp-json\/wp\/v2\/pages\/3097\/revisions\/3388"}],"wp:attachment":[{"href":"https:\/\/lesbellesjourneesdubienetre.com\/index.php\/wp-json\/wp\/v2\/media?parent=3097"}],"curies":[{"name":"wp","href":"https:\/\/api.w.org\/{rel}","templated":true}]}}