{"id":36,"date":"2024-09-17T10:01:06","date_gmt":"2024-09-17T08:01:06","guid":{"rendered":"http:\/\/lesbellesjourneesdubienetre.com\/?page_id=36"},"modified":"2026-03-14T19:12:43","modified_gmt":"2026-03-14T18:12:43","slug":"devenir-exposant","status":"publish","type":"page","link":"https:\/\/lesbellesjourneesdubienetre.com\/index.php\/devenir-exposant\/","title":{"rendered":"Devenir exposant"},"content":{"rendered":"\t\t<div data-elementor-type=\"wp-page\" data-elementor-id=\"36\" class=\"elementor elementor-36\">\n\t\t\t\t<div class=\"elementor-element elementor-element-5bdf4e4 e-flex e-con-boxed wpr-particle-no wpr-jarallax-no wpr-parallax-no wpr-sticky-section-no wpr-equal-height-no e-con e-parent\" data-id=\"5bdf4e4\" data-element_type=\"container\" data-e-type=\"container\">\n\t\t\t\t\t<div class=\"e-con-inner\">\n\t\t<div class=\"elementor-element elementor-element-162556d e-con-full e-flex wpr-particle-no wpr-jarallax-no wpr-parallax-no wpr-sticky-section-no wpr-equal-height-no e-con e-child\" data-id=\"162556d\" data-element_type=\"container\" data-e-type=\"container\">\n\t\t\t\t<div class=\"elementor-element elementor-element-7528a7e elementor-widget elementor-widget-heading\" data-id=\"7528a7e\" data-element_type=\"widget\" data-e-type=\"widget\" data-widget_type=\"heading.default\">\n\t\t\t\t<div class=\"elementor-widget-container\">\n\t\t\t\t\t<h2 class=\"elementor-heading-title elementor-size-default\">Contact : Pierre Lagasse<\/h2>\t\t\t\t<\/div>\n\t\t\t\t<\/div>\n\t\t<div class=\"elementor-element elementor-element-9e58cd8 e-con-full e-flex wpr-particle-no wpr-jarallax-no wpr-parallax-no wpr-sticky-section-no wpr-equal-height-no e-con e-child\" data-id=\"9e58cd8\" data-element_type=\"container\" data-e-type=\"container\">\n\t\t\t\t<div class=\"elementor-element elementor-element-bba76ef elementor-widget elementor-widget-text-editor\" data-id=\"bba76ef\" data-element_type=\"widget\" data-e-type=\"widget\" data-widget_type=\"text-editor.default\">\n\t\t\t\t<div class=\"elementor-widget-container\">\n\t\t\t\t\t\t\t\t\t<p><span style=\"color: #000000;\"><span style=\"text-decoration: underline;\">T\u00e9l\u00e9phone<\/span> : 06 19 11 05 91<\/span><\/p>\t\t\t\t\t\t\t\t<\/div>\n\t\t\t\t<\/div>\n\t\t\t\t<\/div>\n\t\t\t\t<\/div>\n\t\t<div class=\"elementor-element elementor-element-a25d649 e-con-full e-flex wpr-particle-no wpr-jarallax-no wpr-parallax-no wpr-sticky-section-no wpr-equal-height-no e-con e-child\" data-id=\"a25d649\" data-element_type=\"container\" data-e-type=\"container\">\n\t\t\t\t<div class=\"elementor-element elementor-element-1099aa6 elementor-widget elementor-widget-text-editor\" data-id=\"1099aa6\" data-element_type=\"widget\" data-e-type=\"widget\" data-widget_type=\"text-editor.default\">\n\t\t\t\t<div class=\"elementor-widget-container\">\n\t\t\t\t\t\t\t\t\t<p><span style=\"color: #000000;\"><u>Ou envoyer votre demande en remplissant le formulaire ci-dessous<\/u><\/span><\/p>\t\t\t\t\t\t\t\t<\/div>\n\t\t\t\t<\/div>\n\t\t\t\t<\/div>\n\t\t\t\t<div class=\"elementor-element elementor-element-16725f2 elementor-widget elementor-widget-shortcode\" data-id=\"16725f2\" data-element_type=\"widget\" data-e-type=\"widget\" data-widget_type=\"shortcode.default\">\n\t\t\t\t<div class=\"elementor-widget-container\">\n\t\t\t\t\t\t\t<div class=\"elementor-shortcode\"><div class=\"forminator-ui forminator-custom-form forminator-custom-form-77 forminator-design--material  forminator_ajax\" data-forminator-render=\"0\" data-form=\"forminator-module-77\" data-uid=\"69e62169d19b0\"><br\/><\/div><form\n\t\t\t\tid=\"forminator-module-77\"\n\t\t\t\tclass=\"forminator-ui forminator-custom-form forminator-custom-form-77 forminator-design--material  forminator_ajax\"\n\t\t\t\tmethod=\"post\"\n\t\t\t\tdata-forminator-render=\"0\"\n\t\t\t\tdata-form-id=\"77\"\n\t\t\t\t data-color-option=\"default\" data-design=\"material\" data-grid=\"open\" style=\"display: none;\"\n\t\t\t\tdata-uid=\"69e62169d19b0\"\n\t\t\t><div role=\"alert\" aria-live=\"polite\" class=\"forminator-response-message forminator-error\" aria-hidden=\"true\"><\/div><div class=\"forminator-row\"><div id=\"name-1\" class=\"forminator-field-name forminator-col forminator-col-12 \"><div class=\"forminator-field\"><label for=\"forminator-field-name-1_69e62169d19b0\" id=\"forminator-field-name-1_69e62169d19b0-label\" class=\"forminator-label\">Nom pr\u00e9nom <span class=\"forminator-required\">*<\/span><\/label><input type=\"text\" name=\"name-1\" value=\"\" placeholder=\"\" id=\"forminator-field-name-1_69e62169d19b0\" class=\"forminator-input forminator-name--field\" aria-required=\"true\" autocomplete=\"name\" \/><\/div><\/div><\/div><div class=\"forminator-row\"><div id=\"textarea-1\" class=\"forminator-field-textarea forminator-col forminator-col-12 \"><div class=\"forminator-field\"><label for=\"forminator-field-textarea-1_69e62169d19b0\" id=\"forminator-field-textarea-1_69e62169d19b0-label\" class=\"forminator-label\">Raison sociale<\/label><textarea name=\"textarea-1\" placeholder=\"\" id=\"forminator-field-textarea-1_69e62169d19b0\" class=\"forminator-textarea\" rows=\"6\" style=\"min-height:10px;\" ><\/textarea><\/div><\/div><\/div><div class=\"forminator-row\"><div id=\"phone-1\" class=\"forminator-field-phone forminator-col forminator-col-12 \"><div class=\"forminator-field\"><label for=\"forminator-field-phone-1_69e62169d19b0\" id=\"forminator-field-phone-1_69e62169d19b0-label\" class=\"forminator-label\">T\u00e9l\u00e9phone<\/label><input type=\"text\" name=\"phone-1\" value=\"\" placeholder=\"\" id=\"forminator-field-phone-1_69e62169d19b0\" class=\"forminator-input forminator-field--phone\" data-required=\"\" aria-required=\"false\" autocomplete=\"off\" \/><\/div><\/div><\/div><div class=\"forminator-row\"><div id=\"email-1\" class=\"forminator-field-email forminator-col forminator-col-12 \"><div class=\"forminator-field\"><label for=\"forminator-field-email-1_69e62169d19b0\" id=\"forminator-field-email-1_69e62169d19b0-label\" class=\"forminator-label\">Adresse email<\/label><input type=\"email\" name=\"email-1\" value=\"\" placeholder=\"\" id=\"forminator-field-email-1_69e62169d19b0\" class=\"forminator-input forminator-email--field\" data-required=\"\" aria-required=\"false\" autocomplete=\"email\" \/><\/div><\/div><\/div><div class=\"forminator-row\"><div id=\"textarea-2\" class=\"forminator-field-textarea forminator-col forminator-col-12 \"><div class=\"forminator-field\"><label for=\"forminator-field-textarea-2_69e62169d19b0\" id=\"forminator-field-textarea-2_69e62169d19b0-label\" class=\"forminator-label\">Type d&#039;activit\u00e9<\/label><textarea name=\"textarea-2\" placeholder=\"\" id=\"forminator-field-textarea-2_69e62169d19b0\" class=\"forminator-textarea\" rows=\"6\" style=\"min-height:140px;\" ><\/textarea><\/div><\/div><\/div><div class=\"forminator-row\"><div id=\"checkbox-1\" class=\"forminator-field-checkbox forminator-col forminator-col-12 \"><div role=\"group\" class=\"forminator-field\" aria-labelledby=\"forminator-checkbox-group-forminator-field-checkbox-1-69e62169d19b0-label\"><span id=\"forminator-checkbox-group-forminator-field-checkbox-1-69e62169d19b0-label\" class=\"forminator-label\">Salon qui vous int\u00e9resse<\/span><label id=\"forminator-field-checkbox-1-1-69e62169d19b0-label\" for=\"forminator-field-checkbox-1-1-69e62169d19b0\" class=\"forminator-checkbox\" title=\"Eaunes\"><input type=\"checkbox\" name=\"checkbox-1[]\" value=\"one\" id=\"forminator-field-checkbox-1-1-69e62169d19b0\" aria-labelledby=\"forminator-field-checkbox-1-1-69e62169d19b0-label\" data-calculation=\"0\"   data-hidden-behavior=\"zero\"\/><span class=\"forminator-checkbox-box\" aria-hidden=\"true\"><\/span><span class=\"forminator-checkbox-label\">Eaunes<\/span><\/label><label id=\"forminator-field-checkbox-1-2-69e62169d19b0-label\" for=\"forminator-field-checkbox-1-2-69e62169d19b0\" class=\"forminator-checkbox\" title=\"Saint-Orens\"><input type=\"checkbox\" name=\"checkbox-1[]\" value=\"two\" id=\"forminator-field-checkbox-1-2-69e62169d19b0\" aria-labelledby=\"forminator-field-checkbox-1-2-69e62169d19b0-label\" data-calculation=\"0\"   data-hidden-behavior=\"zero\"\/><span class=\"forminator-checkbox-box\" aria-hidden=\"true\"><\/span><span class=\"forminator-checkbox-label\">Saint-Orens<\/span><\/label><label id=\"forminator-field-checkbox-1-3-69e62169d19b0-label\" for=\"forminator-field-checkbox-1-3-69e62169d19b0\" class=\"forminator-checkbox\" title=\"Belberaud\"><input type=\"checkbox\" name=\"checkbox-1[]\" value=\"Belb\" id=\"forminator-field-checkbox-1-3-69e62169d19b0\" aria-labelledby=\"forminator-field-checkbox-1-3-69e62169d19b0-label\" data-calculation=\"0\"   data-hidden-behavior=\"zero\"\/><span class=\"forminator-checkbox-box\" aria-hidden=\"true\"><\/span><span class=\"forminator-checkbox-label\">Belberaud<\/span><\/label><label id=\"forminator-field-checkbox-1-4-69e62169d19b0-label\" for=\"forminator-field-checkbox-1-4-69e62169d19b0\" class=\"forminator-checkbox\" title=\"Labastidette\"><input type=\"checkbox\" name=\"checkbox-1[]\" value=\"Labastidette\" id=\"forminator-field-checkbox-1-4-69e62169d19b0\" aria-labelledby=\"forminator-field-checkbox-1-4-69e62169d19b0-label\" data-calculation=\"0\"   data-hidden-behavior=\"zero\"\/><span class=\"forminator-checkbox-box\" aria-hidden=\"true\"><\/span><span class=\"forminator-checkbox-label\">Labastidette<\/span><\/label><label id=\"forminator-field-checkbox-1-5-69e62169d19b0-label\" for=\"forminator-field-checkbox-1-5-69e62169d19b0\" class=\"forminator-checkbox\" title=\"Lamasqu\u00e8re\"><input type=\"checkbox\" name=\"checkbox-1[]\" value=\"Lamasqu\u00e8re\" id=\"forminator-field-checkbox-1-5-69e62169d19b0\" aria-labelledby=\"forminator-field-checkbox-1-5-69e62169d19b0-label\" data-calculation=\"0\"   data-hidden-behavior=\"zero\"\/><span class=\"forminator-checkbox-box\" aria-hidden=\"true\"><\/span><span class=\"forminator-checkbox-label\">Lamasqu\u00e8re<\/span><\/label><\/div><\/div><\/div><div class=\"forminator-row\"><div id=\"url-1\" class=\"forminator-field-url forminator-col forminator-col-12 \"><div class=\"forminator-field\"><label for=\"forminator-field-url-1_69e62169d19b0\" id=\"forminator-field-url-1_69e62169d19b0-label\" class=\"forminator-label\">Site web<\/label><input type=\"url\" name=\"url-1\" value=\"\" placeholder=\"\" id=\"forminator-field-url-1_69e62169d19b0\" class=\"forminator-input forminator-website--field\" data-required=\"\" aria-required=\"false\" \/><\/div><\/div><\/div><div class=\"forminator-row\"><div id=\"textarea-3\" class=\"forminator-field-textarea forminator-col forminator-col-12 \"><div class=\"forminator-field\"><label for=\"forminator-field-textarea-3_69e62169d19b0\" id=\"forminator-field-textarea-3_69e62169d19b0-label\" class=\"forminator-label\">Message, informations compl\u00e9mentaires, remarques et descriptions compl\u00e8te de votre activit\u00e9<\/label><textarea name=\"textarea-3\" placeholder=\"\" id=\"forminator-field-textarea-3_69e62169d19b0\" class=\"forminator-textarea\" rows=\"6\" style=\"min-height:140px;\" ><\/textarea><\/div><\/div><\/div><input type=\"hidden\" name=\"referer_url\" value=\"\" \/><div class=\"forminator-row forminator-row-last\"><div class=\"forminator-col\"><div class=\"forminator-field\"><button class=\"forminator-button forminator-button-submit\"><span>Envoyer le message<\/span><span aria-hidden=\"true\"><\/span><\/button><\/div><\/div><\/div><input type=\"hidden\" id=\"forminator_nonce\" name=\"forminator_nonce\" value=\"83f92b5286\" \/><input type=\"hidden\" name=\"_wp_http_referer\" value=\"\/index.php\/wp-json\/wp\/v2\/pages\/36\" \/><input type=\"hidden\" name=\"form_id\" value=\"77\"><input type=\"hidden\" name=\"page_id\" value=\"36\"><input type=\"hidden\" name=\"form_type\" value=\"default\"><input type=\"hidden\" name=\"current_url\" value=\"https:\/\/lesbellesjourneesdubienetre.com\/index.php\/devenir-exposant\/\"><input type=\"hidden\" name=\"render_id\" value=\"0\"><input type=\"hidden\" name=\"action\" value=\"forminator_submit_form_custom-forms\"><\/form><\/div>\n\t\t\t\t\t\t<\/div>\n\t\t\t\t<\/div>\n\t\t<div class=\"elementor-element elementor-element-8637a4c e-con-full e-flex wpr-particle-no wpr-jarallax-no wpr-parallax-no wpr-sticky-section-no wpr-equal-height-no e-con e-child\" data-id=\"8637a4c\" data-element_type=\"container\" data-e-type=\"container\">\n\t\t\t\t<\/div>\n\t\t\t\t\t<\/div>\n\t\t\t\t<\/div>\n\t\t\t\t<\/div>\n\t\t","protected":false},"excerpt":{"rendered":"<p>Contact : Pierre Lagasse T\u00e9l\u00e9phone : 06 19 11 05 91 Ou envoyer votre demande en remplissant le formulaire ci-dessous<\/p>\n","protected":false},"author":1,"featured_media":0,"parent":0,"menu_order":0,"comment_status":"closed","ping_status":"closed","template":"elementor_header_footer","meta":{"footnotes":""},"class_list":["post-36","page","type-page","status-publish","hentry","entry"],"_links":{"self":[{"href":"https:\/\/lesbellesjourneesdubienetre.com\/index.php\/wp-json\/wp\/v2\/pages\/36","targetHints":{"allow":["GET"]}}],"collection":[{"href":"https:\/\/lesbellesjourneesdubienetre.com\/index.php\/wp-json\/wp\/v2\/pages"}],"about":[{"href":"https:\/\/lesbellesjourneesdubienetre.com\/index.php\/wp-json\/wp\/v2\/types\/page"}],"author":[{"embeddable":true,"href":"https:\/\/lesbellesjourneesdubienetre.com\/index.php\/wp-json\/wp\/v2\/users\/1"}],"replies":[{"embeddable":true,"href":"https:\/\/lesbellesjourneesdubienetre.com\/index.php\/wp-json\/wp\/v2\/comments?post=36"}],"version-history":[{"count":13,"href":"https:\/\/lesbellesjourneesdubienetre.com\/index.php\/wp-json\/wp\/v2\/pages\/36\/revisions"}],"predecessor-version":[{"id":6346,"href":"https:\/\/lesbellesjourneesdubienetre.com\/index.php\/wp-json\/wp\/v2\/pages\/36\/revisions\/6346"}],"wp:attachment":[{"href":"https:\/\/lesbellesjourneesdubienetre.com\/index.php\/wp-json\/wp\/v2\/media?parent=36"}],"curies":[{"name":"wp","href":"https:\/\/api.w.org\/{rel}","templated":true}]}}