{"id":456,"date":"2024-10-12T15:43:44","date_gmt":"2024-10-12T13:43:44","guid":{"rendered":"https:\/\/lesbellesjourneesdubienetre.com\/?page_id=456"},"modified":"2025-01-07T19:15:26","modified_gmt":"2025-01-07T18:15:26","slug":"lutzi-ateliers","status":"publish","type":"page","link":"https:\/\/lesbellesjourneesdubienetre.com\/index.php\/lutzi-ateliers\/","title":{"rendered":"St Orens Lutzi ateliers"},"content":{"rendered":"\t\t<div data-elementor-type=\"wp-page\" data-elementor-id=\"456\" class=\"elementor elementor-456\">\n\t\t\t\t<div class=\"elementor-element elementor-element-da3c3bd e-flex e-con-boxed wpr-particle-no wpr-jarallax-no wpr-parallax-no wpr-sticky-section-no e-con e-parent\" data-id=\"da3c3bd\" data-element_type=\"container\" data-e-type=\"container\">\n\t\t\t\t\t<div class=\"e-con-inner\">\n\t\t\t\t<div class=\"elementor-element elementor-element-39024d6 elementor-widget elementor-widget-image\" data-id=\"39024d6\" data-element_type=\"widget\" data-e-type=\"widget\" data-widget_type=\"image.default\">\n\t\t\t\t<div class=\"elementor-widget-container\">\n\t\t\t\t\t\t\t\t\t\t\t\t\t\t\t<img decoding=\"async\" width=\"150\" height=\"150\" src=\"https:\/\/lesbellesjourneesdubienetre.com\/wp-content\/uploads\/2024\/10\/logo-marron-150x150-1.png\" class=\"attachment-medium size-medium wp-image-504\" alt=\"\" \/>\t\t\t\t\t\t\t\t\t\t\t\t\t\t\t<\/div>\n\t\t\t\t<\/div>\n\t\t\t\t\t<\/div>\n\t\t\t\t<\/div>\n\t\t<div class=\"elementor-element elementor-element-c84cd27 e-flex e-con-boxed wpr-particle-no wpr-jarallax-no wpr-parallax-no wpr-sticky-section-no e-con e-parent\" data-id=\"c84cd27\" data-element_type=\"container\" data-e-type=\"container\">\n\t\t\t\t\t<div class=\"e-con-inner\">\n\t\t\t\t<div class=\"elementor-element elementor-element-a65a51a elementor-widget elementor-widget-heading\" data-id=\"a65a51a\" data-element_type=\"widget\" data-e-type=\"widget\" data-widget_type=\"heading.default\">\n\t\t\t\t<div class=\"elementor-widget-container\">\n\t\t\t\t\t<h2 class=\"elementor-heading-title elementor-size-default\">Lutzi Ateliers<\/h2>\t\t\t\t<\/div>\n\t\t\t\t<\/div>\n\t\t\t\t\t<\/div>\n\t\t\t\t<\/div>\n\t\t<div class=\"elementor-element elementor-element-c10bf16 e-flex e-con-boxed wpr-particle-no wpr-jarallax-no wpr-parallax-no wpr-sticky-section-no e-con e-parent\" data-id=\"c10bf16\" data-element_type=\"container\" data-e-type=\"container\">\n\t\t\t\t\t<div class=\"e-con-inner\">\n\t\t\t\t<div class=\"elementor-element elementor-element-ca52ba3 elementor-widget elementor-widget-text-editor\" data-id=\"ca52ba3\" data-element_type=\"widget\" data-e-type=\"widget\" data-widget_type=\"text-editor.default\">\n\t\t\t\t<div class=\"elementor-widget-container\">\n\t\t\t\t\t\t\t\t\t<ul><li><span style=\"color: #333333;\">Cr\u00e9ation de bracelets, colliers, bouvles d&rsquo;oreilles en pierres, coffrets bien-\u00eatre (pierres, bougies), oracles.<\/span><\/li><li>Carte visite Kin\u00e9siologie<\/li><\/ul>\t\t\t\t\t\t\t\t<\/div>\n\t\t\t\t<\/div>\n\t\t\t\t<div class=\"elementor-element elementor-element-a14b5e2 elementor-widget elementor-widget-text-editor\" data-id=\"a14b5e2\" data-element_type=\"widget\" data-e-type=\"widget\" data-widget_type=\"text-editor.default\">\n\t\t\t\t<div class=\"elementor-widget-container\">\n\t\t\t\t\t\t\t\t\t<p><span style=\"text-decoration: underline;\">Exposant<\/span> : Bousquet Laurence<\/p><p><span style=\"text-decoration: underline;\">T\u00e9l\u00e9phone<\/span> :06.19.90.26.35<\/p><p><span style=\"text-decoration: underline;\">Adresse mail<\/span> : contact@lutziateliers.fr<\/p><p><span style=\"text-decoration: underline;\">Site internet<\/span> :\u00a0<a href=\"http:\/\/www.lutziateliers.com\">http:\/\/www.lutziateliers.com<\/a><\/p><p><span style=\"text-decoration: underline;\">R\u00e9seaux sociaux<\/span> :\u00a0<\/p><ul><li>facebook : lutzi ateliers<\/li><li>instagram : lutzi_ateliers<\/li><\/ul><p>\u00a0<\/p>\t\t\t\t\t\t\t\t<\/div>\n\t\t\t\t<\/div>\n\t\t\t\t\t<\/div>\n\t\t\t\t<\/div>\n\t\t\t\t<\/div>\n\t\t","protected":false},"excerpt":{"rendered":"<p>Lutzi Ateliers Cr\u00e9ation de bracelets, colliers, bouvles d&rsquo;oreilles en pierres, coffrets bien-\u00eatre (pierres, bougies), oracles. Carte visite Kin\u00e9siologie Exposant : Bousquet Laurence T\u00e9l\u00e9phone :06.19.90.26.35 Adresse mail : contact@lutziateliers.fr Site internet :\u00a0http:\/\/www.lutziateliers.com R\u00e9seaux sociaux :\u00a0 facebook : lutzi ateliers instagram : lutzi_ateliers \u00a0<\/p>\n","protected":false},"author":1,"featured_media":0,"parent":0,"menu_order":0,"comment_status":"closed","ping_status":"closed","template":"elementor_header_footer","meta":{"footnotes":""},"class_list":["post-456","page","type-page","status-publish","hentry","entry"],"_links":{"self":[{"href":"https:\/\/lesbellesjourneesdubienetre.com\/index.php\/wp-json\/wp\/v2\/pages\/456","targetHints":{"allow":["GET"]}}],"collection":[{"href":"https:\/\/lesbellesjourneesdubienetre.com\/index.php\/wp-json\/wp\/v2\/pages"}],"about":[{"href":"https:\/\/lesbellesjourneesdubienetre.com\/index.php\/wp-json\/wp\/v2\/types\/page"}],"author":[{"embeddable":true,"href":"https:\/\/lesbellesjourneesdubienetre.com\/index.php\/wp-json\/wp\/v2\/users\/1"}],"replies":[{"embeddable":true,"href":"https:\/\/lesbellesjourneesdubienetre.com\/index.php\/wp-json\/wp\/v2\/comments?post=456"}],"version-history":[{"count":11,"href":"https:\/\/lesbellesjourneesdubienetre.com\/index.php\/wp-json\/wp\/v2\/pages\/456\/revisions"}],"predecessor-version":[{"id":1989,"href":"https:\/\/lesbellesjourneesdubienetre.com\/index.php\/wp-json\/wp\/v2\/pages\/456\/revisions\/1989"}],"wp:attachment":[{"href":"https:\/\/lesbellesjourneesdubienetre.com\/index.php\/wp-json\/wp\/v2\/media?parent=456"}],"curies":[{"name":"wp","href":"https:\/\/api.w.org\/{rel}","templated":true}]}}