{"id":4591,"date":"2025-11-11T15:26:25","date_gmt":"2025-11-11T14:26:25","guid":{"rendered":"https:\/\/lesbellesjourneesdubienetre.com\/?page_id=4591"},"modified":"2025-11-11T15:37:18","modified_gmt":"2025-11-11T14:37:18","slug":"eaunes-2025-lumiere-et-sens","status":"publish","type":"page","link":"https:\/\/lesbellesjourneesdubienetre.com\/index.php\/eaunes-2025-lumiere-et-sens\/","title":{"rendered":"Eaunes 2025 Lumiere et sens"},"content":{"rendered":"\t\t<div data-elementor-type=\"wp-page\" data-elementor-id=\"4591\" class=\"elementor elementor-4591\">\n\t\t\t\t<div class=\"elementor-element elementor-element-da3c3bd e-flex e-con-boxed wpr-particle-no wpr-jarallax-no wpr-parallax-no wpr-sticky-section-no wpr-equal-height-no e-con e-parent\" data-id=\"da3c3bd\" data-element_type=\"container\" data-e-type=\"container\">\n\t\t\t\t\t<div class=\"e-con-inner\">\n\t\t\t\t<div class=\"elementor-element elementor-element-39024d6 elementor-widget elementor-widget-image\" data-id=\"39024d6\" data-element_type=\"widget\" data-e-type=\"widget\" data-widget_type=\"image.default\">\n\t\t\t\t<div class=\"elementor-widget-container\">\n\t\t\t\t\t\t\t\t\t\t\t\t\t\t\t<img fetchpriority=\"high\" decoding=\"async\" width=\"1024\" height=\"1024\" src=\"https:\/\/lesbellesjourneesdubienetre.com\/wp-content\/uploads\/2025\/11\/lumiere-et-sens-1024x1024.webp\" class=\"attachment-large size-large wp-image-4833\" alt=\"\" srcset=\"https:\/\/lesbellesjourneesdubienetre.com\/wp-content\/uploads\/2025\/11\/lumiere-et-sens-1024x1024.webp 1024w, https:\/\/lesbellesjourneesdubienetre.com\/wp-content\/uploads\/2025\/11\/lumiere-et-sens-300x300.webp 300w, https:\/\/lesbellesjourneesdubienetre.com\/wp-content\/uploads\/2025\/11\/lumiere-et-sens-150x150.webp 150w, https:\/\/lesbellesjourneesdubienetre.com\/wp-content\/uploads\/2025\/11\/lumiere-et-sens-768x768.webp 768w, https:\/\/lesbellesjourneesdubienetre.com\/wp-content\/uploads\/2025\/11\/lumiere-et-sens-600x600.webp 600w, https:\/\/lesbellesjourneesdubienetre.com\/wp-content\/uploads\/2025\/11\/lumiere-et-sens.webp 1440w\" sizes=\"(max-width: 1024px) 100vw, 1024px\" \/>\t\t\t\t\t\t\t\t\t\t\t\t\t\t\t<\/div>\n\t\t\t\t<\/div>\n\t\t\t\t\t<\/div>\n\t\t\t\t<\/div>\n\t\t<div class=\"elementor-element elementor-element-c84cd27 e-flex e-con-boxed wpr-particle-no wpr-jarallax-no wpr-parallax-no wpr-sticky-section-no wpr-equal-height-no e-con e-parent\" data-id=\"c84cd27\" data-element_type=\"container\" data-e-type=\"container\">\n\t\t\t\t\t<div class=\"e-con-inner\">\n\t\t\t\t<div class=\"elementor-element elementor-element-a65a51a elementor-widget elementor-widget-heading\" data-id=\"a65a51a\" data-element_type=\"widget\" data-e-type=\"widget\" data-widget_type=\"heading.default\">\n\t\t\t\t<div class=\"elementor-widget-container\">\n\t\t\t\t\t<h2 class=\"elementor-heading-title elementor-size-default\">Lumi\u00e8re et Sens<\/h2>\t\t\t\t<\/div>\n\t\t\t\t<\/div>\n\t\t\t\t\t<\/div>\n\t\t\t\t<\/div>\n\t\t<div class=\"elementor-element elementor-element-c10bf16 e-flex e-con-boxed wpr-particle-no wpr-jarallax-no wpr-parallax-no wpr-sticky-section-no wpr-equal-height-no e-con e-parent\" data-id=\"c10bf16\" data-element_type=\"container\" data-e-type=\"container\">\n\t\t\t\t\t<div class=\"e-con-inner\">\n\t\t\t\t<div class=\"elementor-element elementor-element-ca52ba3 elementor-widget elementor-widget-text-editor\" data-id=\"ca52ba3\" data-element_type=\"widget\" data-e-type=\"widget\" data-widget_type=\"text-editor.default\">\n\t\t\t\t<div class=\"elementor-widget-container\">\n\t\t\t\t\t\t\t\t\t<p><span style=\"color: #000000;\">Je propose des massages bien-\u00eatre et soin \u00e9nerg\u00e9tique LAHOCHI.<\/span><\/p><p>Sur le salon, je proposerai un massage de t\u00eate en 15mn pour d\u00e9couvrir le shirotchampi.<\/p>\t\t\t\t\t\t\t\t<\/div>\n\t\t\t\t<\/div>\n\t\t\t\t<div class=\"elementor-element elementor-element-a14b5e2 elementor-widget elementor-widget-text-editor\" data-id=\"a14b5e2\" data-element_type=\"widget\" data-e-type=\"widget\" data-widget_type=\"text-editor.default\">\n\t\t\t\t<div class=\"elementor-widget-container\">\n\t\t\t\t\t\t\t\t\t<p><span style=\"text-decoration: underline;\">T\u00e9l\u00e9phone<\/span> :07.56.82.58.66<\/p><p><span style=\"text-decoration: underline;\">Adresse mail<\/span> : pauline.k.massage@gmail.com<\/p><p><span style=\"text-decoration: underline;\">Site internet<\/span> :\u00a0<a href=\"http:\/\/www.lumiereetsens-massage.fr\">http:\/\/www.lumiereetsens-massage.fr<\/a><\/p><p><span style=\"text-decoration: underline;\">R\u00e9seaux sociaux<\/span> :\u00a0<\/p><p>Instagram : lumiere_etsens<\/p>\t\t\t\t\t\t\t\t<\/div>\n\t\t\t\t<\/div>\n\t\t\t\t\t<\/div>\n\t\t\t\t<\/div>\n\t\t\t\t<\/div>\n\t\t","protected":false},"excerpt":{"rendered":"<p>Lumi\u00e8re et Sens Je propose des massages bien-\u00eatre et soin \u00e9nerg\u00e9tique LAHOCHI. Sur le salon, je proposerai un massage de t\u00eate en 15mn pour d\u00e9couvrir le shirotchampi. T\u00e9l\u00e9phone :07.56.82.58.66 Adresse mail : pauline.k.massage@gmail.com Site internet :\u00a0http:\/\/www.lumiereetsens-massage.fr R\u00e9seaux sociaux :\u00a0 Instagram : lumiere_etsens<\/p>\n","protected":false},"author":1,"featured_media":0,"parent":0,"menu_order":0,"comment_status":"closed","ping_status":"closed","template":"elementor_header_footer","meta":{"footnotes":""},"class_list":["post-4591","page","type-page","status-publish","hentry","entry"],"_links":{"self":[{"href":"https:\/\/lesbellesjourneesdubienetre.com\/index.php\/wp-json\/wp\/v2\/pages\/4591","targetHints":{"allow":["GET"]}}],"collection":[{"href":"https:\/\/lesbellesjourneesdubienetre.com\/index.php\/wp-json\/wp\/v2\/pages"}],"about":[{"href":"https:\/\/lesbellesjourneesdubienetre.com\/index.php\/wp-json\/wp\/v2\/types\/page"}],"author":[{"embeddable":true,"href":"https:\/\/lesbellesjourneesdubienetre.com\/index.php\/wp-json\/wp\/v2\/users\/1"}],"replies":[{"embeddable":true,"href":"https:\/\/lesbellesjourneesdubienetre.com\/index.php\/wp-json\/wp\/v2\/comments?post=4591"}],"version-history":[{"count":7,"href":"https:\/\/lesbellesjourneesdubienetre.com\/index.php\/wp-json\/wp\/v2\/pages\/4591\/revisions"}],"predecessor-version":[{"id":4840,"href":"https:\/\/lesbellesjourneesdubienetre.com\/index.php\/wp-json\/wp\/v2\/pages\/4591\/revisions\/4840"}],"wp:attachment":[{"href":"https:\/\/lesbellesjourneesdubienetre.com\/index.php\/wp-json\/wp\/v2\/media?parent=4591"}],"curies":[{"name":"wp","href":"https:\/\/api.w.org\/{rel}","templated":true}]}}