{"id":493,"date":"2024-10-15T14:00:34","date_gmt":"2024-10-15T12:00:34","guid":{"rendered":"https:\/\/lesbellesjourneesdubienetre.com\/?page_id=493"},"modified":"2024-10-17T22:14:00","modified_gmt":"2024-10-17T20:14:00","slug":"sebastien-asciak","status":"publish","type":"page","link":"https:\/\/lesbellesjourneesdubienetre.com\/index.php\/sebastien-asciak\/","title":{"rendered":"S\u00e9bastien ASCIAK"},"content":{"rendered":"\t\t<div data-elementor-type=\"wp-page\" data-elementor-id=\"493\" class=\"elementor elementor-493\">\n\t\t\t\t<div class=\"elementor-element elementor-element-da3c3bd e-flex e-con-boxed wpr-particle-no wpr-jarallax-no wpr-parallax-no wpr-sticky-section-no wpr-equal-height-no e-con e-parent\" data-id=\"da3c3bd\" data-element_type=\"container\" data-e-type=\"container\">\n\t\t\t\t\t<div class=\"e-con-inner\">\n\t\t\t\t<div class=\"elementor-element elementor-element-39024d6 elementor-widget elementor-widget-image\" data-id=\"39024d6\" data-element_type=\"widget\" data-e-type=\"widget\" data-widget_type=\"image.default\">\n\t\t\t\t<div class=\"elementor-widget-container\">\n\t\t\t\t\t\t\t\t\t\t\t\t\t\t\t<img fetchpriority=\"high\" decoding=\"async\" width=\"512\" height=\"512\" src=\"https:\/\/lesbellesjourneesdubienetre.com\/wp-content\/uploads\/2024\/09\/cropped-326341308_1360959734677113_4162664009500153005_n.png\" class=\"attachment-large size-large wp-image-191\" alt=\"\" srcset=\"https:\/\/lesbellesjourneesdubienetre.com\/wp-content\/uploads\/2024\/09\/cropped-326341308_1360959734677113_4162664009500153005_n.png 512w, https:\/\/lesbellesjourneesdubienetre.com\/wp-content\/uploads\/2024\/09\/cropped-326341308_1360959734677113_4162664009500153005_n-300x300.png 300w, https:\/\/lesbellesjourneesdubienetre.com\/wp-content\/uploads\/2024\/09\/cropped-326341308_1360959734677113_4162664009500153005_n-150x150.png 150w, https:\/\/lesbellesjourneesdubienetre.com\/wp-content\/uploads\/2024\/09\/cropped-326341308_1360959734677113_4162664009500153005_n-270x270.png 270w, https:\/\/lesbellesjourneesdubienetre.com\/wp-content\/uploads\/2024\/09\/cropped-326341308_1360959734677113_4162664009500153005_n-192x192.png 192w, https:\/\/lesbellesjourneesdubienetre.com\/wp-content\/uploads\/2024\/09\/cropped-326341308_1360959734677113_4162664009500153005_n-180x180.png 180w, https:\/\/lesbellesjourneesdubienetre.com\/wp-content\/uploads\/2024\/09\/cropped-326341308_1360959734677113_4162664009500153005_n-32x32.png 32w\" sizes=\"(max-width: 512px) 100vw, 512px\" \/>\t\t\t\t\t\t\t\t\t\t\t\t\t\t\t<\/div>\n\t\t\t\t<\/div>\n\t\t\t\t\t<\/div>\n\t\t\t\t<\/div>\n\t\t<div class=\"elementor-element elementor-element-c84cd27 e-flex e-con-boxed wpr-particle-no wpr-jarallax-no wpr-parallax-no wpr-sticky-section-no wpr-equal-height-no e-con e-parent\" data-id=\"c84cd27\" data-element_type=\"container\" data-e-type=\"container\">\n\t\t\t\t\t<div class=\"e-con-inner\">\n\t\t\t\t<div class=\"elementor-element elementor-element-a65a51a elementor-widget elementor-widget-heading\" data-id=\"a65a51a\" data-element_type=\"widget\" data-e-type=\"widget\" data-widget_type=\"heading.default\">\n\t\t\t\t<div class=\"elementor-widget-container\">\n\t\t\t\t\t<h2 class=\"elementor-heading-title elementor-size-default\">S\u00e9bastien ASCIAK<\/h2>\t\t\t\t<\/div>\n\t\t\t\t<\/div>\n\t\t\t\t\t<\/div>\n\t\t\t\t<\/div>\n\t\t<div class=\"elementor-element elementor-element-c10bf16 e-flex e-con-boxed wpr-particle-no wpr-jarallax-no wpr-parallax-no wpr-sticky-section-no wpr-equal-height-no e-con e-parent\" data-id=\"c10bf16\" data-element_type=\"container\" data-e-type=\"container\">\n\t\t\t\t\t<div class=\"e-con-inner\">\n\t\t\t\t<div class=\"elementor-element elementor-element-ca52ba3 elementor-widget elementor-widget-text-editor\" data-id=\"ca52ba3\" data-element_type=\"widget\" data-e-type=\"widget\" data-widget_type=\"text-editor.default\">\n\t\t\t\t<div class=\"elementor-widget-container\">\n\t\t\t\t\t\t\t\t\t<p>Soins avec ma table en bois \u00a0\u00bb violoncelle th\u00e9rapeutique \u00a0\u00bb que j&rsquo;ai cr\u00e9\u00e9.<\/p><p>Vente sur commande de la table<\/p>\t\t\t\t\t\t\t\t<\/div>\n\t\t\t\t<\/div>\n\t\t\t\t<div class=\"elementor-element elementor-element-a14b5e2 elementor-widget elementor-widget-text-editor\" data-id=\"a14b5e2\" data-element_type=\"widget\" data-e-type=\"widget\" data-widget_type=\"text-editor.default\">\n\t\t\t\t<div class=\"elementor-widget-container\">\n\t\t\t\t\t\t\t\t\t<p><span style=\"text-decoration: underline;\">Exposant<\/span> : S\u00e9bastien ASCIAK<\/p><p><span style=\"text-decoration: underline;\">T\u00e9l\u00e9phone<\/span> :06.22.53.87.81<\/p><p><span style=\"text-decoration: underline;\">Adresse mail<\/span> : skred09@hotmail.fr<\/p><p><span style=\"text-decoration: underline;\">R\u00e9seaux sociaux<\/span> :\u00a0<\/p><p>Facebook : Fluide vibes<\/p><p>Youtube : Fluide vibes<\/p><p>\u00a0<\/p>\t\t\t\t\t\t\t\t<\/div>\n\t\t\t\t<\/div>\n\t\t\t\t\t<\/div>\n\t\t\t\t<\/div>\n\t\t\t\t<\/div>\n\t\t","protected":false},"excerpt":{"rendered":"<p>S\u00e9bastien ASCIAK Soins avec ma table en bois \u00a0\u00bb violoncelle th\u00e9rapeutique \u00a0\u00bb que j&rsquo;ai cr\u00e9\u00e9. Vente sur commande de la table Exposant : S\u00e9bastien ASCIAK T\u00e9l\u00e9phone :06.22.53.87.81 Adresse mail : skred09@hotmail.fr R\u00e9seaux sociaux :\u00a0 Facebook : Fluide vibes Youtube : Fluide vibes \u00a0<\/p>\n","protected":false},"author":1,"featured_media":0,"parent":0,"menu_order":0,"comment_status":"closed","ping_status":"closed","template":"elementor_header_footer","meta":{"footnotes":""},"class_list":["post-493","page","type-page","status-publish","hentry","entry"],"_links":{"self":[{"href":"https:\/\/lesbellesjourneesdubienetre.com\/index.php\/wp-json\/wp\/v2\/pages\/493","targetHints":{"allow":["GET"]}}],"collection":[{"href":"https:\/\/lesbellesjourneesdubienetre.com\/index.php\/wp-json\/wp\/v2\/pages"}],"about":[{"href":"https:\/\/lesbellesjourneesdubienetre.com\/index.php\/wp-json\/wp\/v2\/types\/page"}],"author":[{"embeddable":true,"href":"https:\/\/lesbellesjourneesdubienetre.com\/index.php\/wp-json\/wp\/v2\/users\/1"}],"replies":[{"embeddable":true,"href":"https:\/\/lesbellesjourneesdubienetre.com\/index.php\/wp-json\/wp\/v2\/comments?post=493"}],"version-history":[{"count":7,"href":"https:\/\/lesbellesjourneesdubienetre.com\/index.php\/wp-json\/wp\/v2\/pages\/493\/revisions"}],"predecessor-version":[{"id":778,"href":"https:\/\/lesbellesjourneesdubienetre.com\/index.php\/wp-json\/wp\/v2\/pages\/493\/revisions\/778"}],"wp:attachment":[{"href":"https:\/\/lesbellesjourneesdubienetre.com\/index.php\/wp-json\/wp\/v2\/media?parent=493"}],"curies":[{"name":"wp","href":"https:\/\/api.w.org\/{rel}","templated":true}]}}