{"id":5441,"date":"2026-01-08T11:23:43","date_gmt":"2026-01-08T10:23:43","guid":{"rendered":"https:\/\/lesbellesjourneesdubienetre.com\/?page_id=5441"},"modified":"2026-01-08T11:25:06","modified_gmt":"2026-01-08T10:25:06","slug":"belberaud-2026-aurelie-andreu-taillandier","status":"publish","type":"page","link":"https:\/\/lesbellesjourneesdubienetre.com\/index.php\/belberaud-2026-aurelie-andreu-taillandier\/","title":{"rendered":"Belberaud 2026 Aur\u00e9lie ANDREU TAILLANDIER"},"content":{"rendered":"\t\t<div data-elementor-type=\"wp-page\" data-elementor-id=\"5441\" class=\"elementor elementor-5441\">\n\t\t\t\t<div class=\"elementor-element elementor-element-da3c3bd e-flex e-con-boxed wpr-particle-no wpr-jarallax-no wpr-parallax-no wpr-sticky-section-no e-con e-parent\" data-id=\"da3c3bd\" data-element_type=\"container\" data-e-type=\"container\">\n\t\t\t\t\t<div class=\"e-con-inner\">\n\t\t\t\t<div class=\"elementor-element elementor-element-39024d6 elementor-widget elementor-widget-image\" data-id=\"39024d6\" data-element_type=\"widget\" data-e-type=\"widget\" data-widget_type=\"image.default\">\n\t\t\t\t<div class=\"elementor-widget-container\">\n\t\t\t\t\t\t\t\t\t\t\t\t\t\t\t<img fetchpriority=\"high\" decoding=\"async\" width=\"360\" height=\"358\" src=\"https:\/\/lesbellesjourneesdubienetre.com\/wp-content\/uploads\/2025\/10\/aurelie-andreu.webp\" class=\"attachment-large size-large wp-image-4466\" alt=\"\" srcset=\"https:\/\/lesbellesjourneesdubienetre.com\/wp-content\/uploads\/2025\/10\/aurelie-andreu.webp 360w, https:\/\/lesbellesjourneesdubienetre.com\/wp-content\/uploads\/2025\/10\/aurelie-andreu-300x298.webp 300w, https:\/\/lesbellesjourneesdubienetre.com\/wp-content\/uploads\/2025\/10\/aurelie-andreu-150x150.webp 150w\" sizes=\"(max-width: 360px) 100vw, 360px\" \/>\t\t\t\t\t\t\t\t\t\t\t\t\t\t\t<\/div>\n\t\t\t\t<\/div>\n\t\t\t\t\t<\/div>\n\t\t\t\t<\/div>\n\t\t<div class=\"elementor-element elementor-element-c84cd27 e-flex e-con-boxed wpr-particle-no wpr-jarallax-no wpr-parallax-no wpr-sticky-section-no e-con e-parent\" data-id=\"c84cd27\" data-element_type=\"container\" data-e-type=\"container\">\n\t\t\t\t\t<div class=\"e-con-inner\">\n\t\t\t\t<div class=\"elementor-element elementor-element-a65a51a elementor-widget elementor-widget-heading\" data-id=\"a65a51a\" data-element_type=\"widget\" data-e-type=\"widget\" data-widget_type=\"heading.default\">\n\t\t\t\t<div class=\"elementor-widget-container\">\n\t\t\t\t\t<h2 class=\"elementor-heading-title elementor-size-default\">Aur\u00e9lie ANDREU-TAILLANDIER<\/h2>\t\t\t\t<\/div>\n\t\t\t\t<\/div>\n\t\t\t\t\t<\/div>\n\t\t\t\t<\/div>\n\t\t<div class=\"elementor-element elementor-element-c10bf16 e-flex e-con-boxed wpr-particle-no wpr-jarallax-no wpr-parallax-no wpr-sticky-section-no e-con e-parent\" data-id=\"c10bf16\" data-element_type=\"container\" data-e-type=\"container\">\n\t\t\t\t\t<div class=\"e-con-inner\">\n\t\t\t\t<div class=\"elementor-element elementor-element-ca52ba3 elementor-widget elementor-widget-text-editor\" data-id=\"ca52ba3\" data-element_type=\"widget\" data-e-type=\"widget\" data-widget_type=\"text-editor.default\">\n\t\t\t\t<div class=\"elementor-widget-container\">\n\t\t\t\t\t\t\t\t\t<p><span style=\"color: #000000;\">J&rsquo;accompagne les personnes \u00e0 se lib\u00e9rer de leur peurs et blocages qui emp\u00eachent d&rsquo;avancer sereinement dans la vie et d&rsquo;\u00eatre pleinement Soi.<\/span><\/p><p>Pour cela, j&rsquo;utilise les outils suivants :<\/p><ul><li>base en psychologie<\/li><li>protocoles de lib\u00e9ration des m\u00e9moires du pass\u00e9 ( Karmiques et Trang\u00e9n\u00e9rationnelle )<\/li><li>Nettoyages \u00e9nerg\u00e9tiques<\/li><li>M\u00e9thode inspir\u00e9e de l&rsquo;EMDR<\/li><li>Canalisations<\/li><li>Approche psycho-corporelle<\/li><li>Visualisations<\/li><\/ul>\t\t\t\t\t\t\t\t<\/div>\n\t\t\t\t<\/div>\n\t\t\t\t<div class=\"elementor-element elementor-element-a14b5e2 elementor-widget elementor-widget-text-editor\" data-id=\"a14b5e2\" data-element_type=\"widget\" data-e-type=\"widget\" data-widget_type=\"text-editor.default\">\n\t\t\t\t<div class=\"elementor-widget-container\">\n\t\t\t\t\t\t\t\t\t<p><span style=\"text-decoration: underline;\">T\u00e9l\u00e9phone<\/span> : 06.17.80.29.37<\/p><p><span style=\"text-decoration: underline;\">Site internet<\/span> :\u00a0<a href=\"http:\/\/www.aurelie-andreu.fr\">http:\/\/www.aurelie-andreu.fr<\/a><\/p><p><span style=\"text-decoration: underline;\">R\u00e9seaux sociaux<\/span> : soul_body_in_harmony<\/p>\t\t\t\t\t\t\t\t<\/div>\n\t\t\t\t<\/div>\n\t\t\t\t\t<\/div>\n\t\t\t\t<\/div>\n\t\t\t\t<\/div>\n\t\t","protected":false},"excerpt":{"rendered":"<p>Aur\u00e9lie ANDREU-TAILLANDIER J&rsquo;accompagne les personnes \u00e0 se lib\u00e9rer de leur peurs et blocages qui emp\u00eachent d&rsquo;avancer sereinement dans la vie et d&rsquo;\u00eatre pleinement Soi. Pour cela, j&rsquo;utilise les outils suivants : base en psychologie protocoles de lib\u00e9ration des m\u00e9moires du pass\u00e9 ( Karmiques et Trang\u00e9n\u00e9rationnelle ) Nettoyages \u00e9nerg\u00e9tiques M\u00e9thode inspir\u00e9e de l&rsquo;EMDR Canalisations Approche psycho-corporelle Visualisations T\u00e9l\u00e9phone : 06.17.80.29.37 Site internet :\u00a0http:\/\/www.aurelie-andreu.fr R\u00e9seaux sociaux : soul_body_in_harmony<\/p>\n","protected":false},"author":1,"featured_media":0,"parent":0,"menu_order":0,"comment_status":"closed","ping_status":"closed","template":"elementor_header_footer","meta":{"footnotes":""},"class_list":["post-5441","page","type-page","status-publish","hentry","entry"],"_links":{"self":[{"href":"https:\/\/lesbellesjourneesdubienetre.com\/index.php\/wp-json\/wp\/v2\/pages\/5441","targetHints":{"allow":["GET"]}}],"collection":[{"href":"https:\/\/lesbellesjourneesdubienetre.com\/index.php\/wp-json\/wp\/v2\/pages"}],"about":[{"href":"https:\/\/lesbellesjourneesdubienetre.com\/index.php\/wp-json\/wp\/v2\/types\/page"}],"author":[{"embeddable":true,"href":"https:\/\/lesbellesjourneesdubienetre.com\/index.php\/wp-json\/wp\/v2\/users\/1"}],"replies":[{"embeddable":true,"href":"https:\/\/lesbellesjourneesdubienetre.com\/index.php\/wp-json\/wp\/v2\/comments?post=5441"}],"version-history":[{"count":4,"href":"https:\/\/lesbellesjourneesdubienetre.com\/index.php\/wp-json\/wp\/v2\/pages\/5441\/revisions"}],"predecessor-version":[{"id":5448,"href":"https:\/\/lesbellesjourneesdubienetre.com\/index.php\/wp-json\/wp\/v2\/pages\/5441\/revisions\/5448"}],"wp:attachment":[{"href":"https:\/\/lesbellesjourneesdubienetre.com\/index.php\/wp-json\/wp\/v2\/media?parent=5441"}],"curies":[{"name":"wp","href":"https:\/\/api.w.org\/{rel}","templated":true}]}}