{"id":5579,"date":"2026-01-16T18:17:54","date_gmt":"2026-01-16T17:17:54","guid":{"rendered":"https:\/\/lesbellesjourneesdubienetre.com\/?page_id=5579"},"modified":"2026-03-11T08:43:27","modified_gmt":"2026-03-11T07:43:27","slug":"belberaud-2026-sandra-levesque","status":"publish","type":"page","link":"https:\/\/lesbellesjourneesdubienetre.com\/index.php\/belberaud-2026-sandra-levesque\/","title":{"rendered":"Belberaud 2026 Sandra Levesque"},"content":{"rendered":"\t\t<div data-elementor-type=\"wp-page\" data-elementor-id=\"5579\" class=\"elementor elementor-5579\">\n\t\t\t\t<div class=\"elementor-element elementor-element-da3c3bd e-flex e-con-boxed wpr-particle-no wpr-jarallax-no wpr-parallax-no wpr-sticky-section-no e-con e-parent\" data-id=\"da3c3bd\" data-element_type=\"container\" data-e-type=\"container\">\n\t\t\t\t\t<div class=\"e-con-inner\">\n\t\t\t\t<div class=\"elementor-element elementor-element-39024d6 elementor-widget elementor-widget-image\" data-id=\"39024d6\" data-element_type=\"widget\" data-e-type=\"widget\" data-widget_type=\"image.default\">\n\t\t\t\t<div class=\"elementor-widget-container\">\n\t\t\t\t\t\t\t\t\t\t\t\t\t\t\t<img fetchpriority=\"high\" decoding=\"async\" width=\"425\" height=\"425\" src=\"https:\/\/lesbellesjourneesdubienetre.com\/wp-content\/uploads\/2026\/01\/logo-malle-du-bien-etre.png\" class=\"attachment-large size-large wp-image-5563\" alt=\"\" srcset=\"https:\/\/lesbellesjourneesdubienetre.com\/wp-content\/uploads\/2026\/01\/logo-malle-du-bien-etre.png 425w, https:\/\/lesbellesjourneesdubienetre.com\/wp-content\/uploads\/2026\/01\/logo-malle-du-bien-etre-300x300.png 300w, https:\/\/lesbellesjourneesdubienetre.com\/wp-content\/uploads\/2026\/01\/logo-malle-du-bien-etre-150x150.png 150w\" sizes=\"(max-width: 425px) 100vw, 425px\" \/>\t\t\t\t\t\t\t\t\t\t\t\t\t\t\t<\/div>\n\t\t\t\t<\/div>\n\t\t\t\t\t<\/div>\n\t\t\t\t<\/div>\n\t\t<div class=\"elementor-element elementor-element-c84cd27 e-flex e-con-boxed wpr-particle-no wpr-jarallax-no wpr-parallax-no wpr-sticky-section-no e-con e-parent\" data-id=\"c84cd27\" data-element_type=\"container\" data-e-type=\"container\">\n\t\t\t\t\t<div class=\"e-con-inner\">\n\t\t\t\t<div class=\"elementor-element elementor-element-a65a51a elementor-widget elementor-widget-heading\" data-id=\"a65a51a\" data-element_type=\"widget\" data-e-type=\"widget\" data-widget_type=\"heading.default\">\n\t\t\t\t<div class=\"elementor-widget-container\">\n\t\t\t\t\t<h2 class=\"elementor-heading-title elementor-size-default\">Association La Malle du Bien-\u00catre<\/h2>\t\t\t\t<\/div>\n\t\t\t\t<\/div>\n\t\t\t\t\t<\/div>\n\t\t\t\t<\/div>\n\t\t<div class=\"elementor-element elementor-element-c10bf16 e-con-full e-flex wpr-particle-no wpr-jarallax-no wpr-parallax-no wpr-sticky-section-no e-con e-parent\" data-id=\"c10bf16\" data-element_type=\"container\" data-e-type=\"container\">\n\t\t\t\t<div class=\"elementor-element elementor-element-ca52ba3 elementor-widget elementor-widget-text-editor\" data-id=\"ca52ba3\" data-element_type=\"widget\" data-e-type=\"widget\" data-widget_type=\"text-editor.default\">\n\t\t\t\t<div class=\"elementor-widget-container\">\n\t\t\t\t\t\t\t\t\t<p><span style=\"color: #000000;\">La Kin\u00e9siologie est une technique de r\u00e9\u00e9quilibrage psycho-corporelle.<\/span><\/p><p>Elle s&rsquo;attache au bien-\u00eatre global de la personne en tenant compte des aspects physiques, psychiques, psychologiques, \u00e9motionnels et mental.<\/p><p>La kin\u00e9siologie s&rsquo;appuie sur un test musculaire qui permet d&rsquo;aller interroger le corps ( Stress, confiance, burn out, troubles dys, tdh &#8230;.)\u00a0\u00a0<\/p><p>Soins en magn\u00e9tisme<\/p><p>Vente de bracelets en pierres semi-pr\u00e9cieuses<\/p>\t\t\t\t\t\t\t\t<\/div>\n\t\t\t\t<\/div>\n\t\t\t\t<div class=\"elementor-element elementor-element-a14b5e2 elementor-drop-cap-yes elementor-drop-cap-view-default elementor-widget elementor-widget-text-editor\" data-id=\"a14b5e2\" data-element_type=\"widget\" data-e-type=\"widget\" data-settings=\"{&quot;drop_cap&quot;:&quot;yes&quot;}\" data-widget_type=\"text-editor.default\">\n\t\t\t\t<div class=\"elementor-widget-container\">\n\t\t\t\t\t\t\t\t\t<p><span style=\"text-decoration: underline;\">T\u00e9l\u00e9phone<\/span> : 06.26.79.47.31<\/p><p><span style=\"text-decoration: underline;\">Adresse mail<\/span> : levesquesandra@orange.fr<\/p><p><span style=\"text-decoration: underline;\">Site internet<\/span> :\u00a0<a href=\"http:\/\/roulinggstone.fr\">http:\/\/roulinggstone.fr<\/a><\/p><p><span style=\"text-decoration: underline;\">R\u00e9seaux sociaux<\/span> :\u00a0<\/p><p>Instagram :\u00a0<a href=\"https:\/\/www.instagram.com\/roulingg.stone\/\">Mon insta<\/a><\/p><p><span style=\"text-decoration: underline;\">Conf\u00e9rence<\/span> :\u00a0<\/p><p><strong>Les TDAH et les multi \u00a0\u00bb DYS \u00ab\u00a0<\/strong><\/p><p><b>Dimanche 31 Mai 2026<\/b><\/p><p><strong>11h30 \u00e0 12h20<\/strong><\/p>\t\t\t\t\t\t\t\t<\/div>\n\t\t\t\t<\/div>\n\t\t\t\t<\/div>\n\t\t\t\t<\/div>\n\t\t","protected":false},"excerpt":{"rendered":"<p>Association La Malle du Bien-\u00catre La Kin\u00e9siologie est une technique de r\u00e9\u00e9quilibrage psycho-corporelle. Elle s&rsquo;attache au bien-\u00eatre global de la personne en tenant compte des aspects physiques, psychiques, psychologiques, \u00e9motionnels et mental. La kin\u00e9siologie s&rsquo;appuie sur un test musculaire qui permet d&rsquo;aller interroger le corps ( Stress, confiance, burn out, troubles dys, tdh &#8230;.)\u00a0\u00a0 Soins en magn\u00e9tisme Vente de bracelets en pierres semi-pr\u00e9cieuses T\u00e9l\u00e9phone : 06.26.79.47.31 Adresse mail : levesquesandra@orange.fr Site internet :\u00a0http:\/\/roulinggstone.fr R\u00e9seaux sociaux :\u00a0 Instagram :\u00a0Mon insta Conf\u00e9rence :\u00a0 Les TDAH et les multi \u00a0\u00bb DYS \u00ab\u00a0 Dimanche 31 Mai 2026 11h30 \u00e0 12h20<\/p>\n","protected":false},"author":1,"featured_media":0,"parent":0,"menu_order":0,"comment_status":"closed","ping_status":"closed","template":"elementor_header_footer","meta":{"footnotes":""},"class_list":["post-5579","page","type-page","status-publish","hentry","entry"],"_links":{"self":[{"href":"https:\/\/lesbellesjourneesdubienetre.com\/index.php\/wp-json\/wp\/v2\/pages\/5579","targetHints":{"allow":["GET"]}}],"collection":[{"href":"https:\/\/lesbellesjourneesdubienetre.com\/index.php\/wp-json\/wp\/v2\/pages"}],"about":[{"href":"https:\/\/lesbellesjourneesdubienetre.com\/index.php\/wp-json\/wp\/v2\/types\/page"}],"author":[{"embeddable":true,"href":"https:\/\/lesbellesjourneesdubienetre.com\/index.php\/wp-json\/wp\/v2\/users\/1"}],"replies":[{"embeddable":true,"href":"https:\/\/lesbellesjourneesdubienetre.com\/index.php\/wp-json\/wp\/v2\/comments?post=5579"}],"version-history":[{"count":7,"href":"https:\/\/lesbellesjourneesdubienetre.com\/index.php\/wp-json\/wp\/v2\/pages\/5579\/revisions"}],"predecessor-version":[{"id":6233,"href":"https:\/\/lesbellesjourneesdubienetre.com\/index.php\/wp-json\/wp\/v2\/pages\/5579\/revisions\/6233"}],"wp:attachment":[{"href":"https:\/\/lesbellesjourneesdubienetre.com\/index.php\/wp-json\/wp\/v2\/media?parent=5579"}],"curies":[{"name":"wp","href":"https:\/\/api.w.org\/{rel}","templated":true}]}}