{"id":5759,"date":"2026-01-27T15:20:40","date_gmt":"2026-01-27T14:20:40","guid":{"rendered":"https:\/\/lesbellesjourneesdubienetre.com\/?page_id=5759"},"modified":"2026-03-11T08:30:55","modified_gmt":"2026-03-11T07:30:55","slug":"belberaud-2026-delfactory","status":"publish","type":"page","link":"https:\/\/lesbellesjourneesdubienetre.com\/index.php\/belberaud-2026-delfactory\/","title":{"rendered":"Belberaud 2026 Delfactory"},"content":{"rendered":"\t\t<div data-elementor-type=\"wp-page\" data-elementor-id=\"5759\" class=\"elementor elementor-5759\">\n\t\t\t\t<div class=\"elementor-element elementor-element-da3c3bd e-flex e-con-boxed wpr-particle-no wpr-jarallax-no wpr-parallax-no wpr-sticky-section-no e-con e-parent\" data-id=\"da3c3bd\" data-element_type=\"container\" data-e-type=\"container\">\n\t\t\t\t\t<div class=\"e-con-inner\">\n\t\t\t\t<div class=\"elementor-element elementor-element-39024d6 elementor-widget elementor-widget-image\" data-id=\"39024d6\" data-element_type=\"widget\" data-e-type=\"widget\" data-widget_type=\"image.default\">\n\t\t\t\t<div class=\"elementor-widget-container\">\n\t\t\t\t\t\t\t\t\t\t\t\t\t\t\t<img fetchpriority=\"high\" decoding=\"async\" width=\"500\" height=\"500\" src=\"https:\/\/lesbellesjourneesdubienetre.com\/wp-content\/uploads\/2026\/01\/Happy-made.jpg\" class=\"attachment-large size-large wp-image-5740\" alt=\"\" srcset=\"https:\/\/lesbellesjourneesdubienetre.com\/wp-content\/uploads\/2026\/01\/Happy-made.jpg 500w, https:\/\/lesbellesjourneesdubienetre.com\/wp-content\/uploads\/2026\/01\/Happy-made-300x300.jpg 300w, https:\/\/lesbellesjourneesdubienetre.com\/wp-content\/uploads\/2026\/01\/Happy-made-150x150.jpg 150w\" sizes=\"(max-width: 500px) 100vw, 500px\" \/>\t\t\t\t\t\t\t\t\t\t\t\t\t\t\t<\/div>\n\t\t\t\t<\/div>\n\t\t\t\t\t<\/div>\n\t\t\t\t<\/div>\n\t\t<div class=\"elementor-element elementor-element-c84cd27 e-flex e-con-boxed wpr-particle-no wpr-jarallax-no wpr-parallax-no wpr-sticky-section-no e-con e-parent\" data-id=\"c84cd27\" data-element_type=\"container\" data-e-type=\"container\">\n\t\t\t\t\t<div class=\"e-con-inner\">\n\t\t\t\t<div class=\"elementor-element elementor-element-a65a51a elementor-widget elementor-widget-heading\" data-id=\"a65a51a\" data-element_type=\"widget\" data-e-type=\"widget\" data-widget_type=\"heading.default\">\n\t\t\t\t<div class=\"elementor-widget-container\">\n\t\t\t\t\t<h2 class=\"elementor-heading-title elementor-size-default\">Delfactory<\/h2>\t\t\t\t<\/div>\n\t\t\t\t<\/div>\n\t\t\t\t\t<\/div>\n\t\t\t\t<\/div>\n\t\t<div class=\"elementor-element elementor-element-c10bf16 e-flex e-con-boxed wpr-particle-no wpr-jarallax-no wpr-parallax-no wpr-sticky-section-no e-con e-parent\" data-id=\"c10bf16\" data-element_type=\"container\" data-e-type=\"container\">\n\t\t\t\t\t<div class=\"e-con-inner\">\n\t\t\t\t<div class=\"elementor-element elementor-element-ca52ba3 elementor-widget elementor-widget-text-editor\" data-id=\"ca52ba3\" data-element_type=\"widget\" data-e-type=\"widget\" data-widget_type=\"text-editor.default\">\n\t\t\t\t<div class=\"elementor-widget-container\">\n\t\t\t\t\t\t\t\t\t<p>Happy made Cosmetics &#8211; Le soin visage personnalisable et 3-en-1<br \/><br \/>Happy made Cosmetics est une jeune marque toulousaine qui r\u00e9invente le soin visage avec un concept unique : la cure personnalis\u00e9e 3-en-1.<br \/>Chaque soin se cr\u00e9e en direct en m\u00e9langeant simplement :<br \/><br \/>-une base, adapt\u00e9e au type de peau (fluide pour les peaux mixtes \u00e0 grasses, riche pour les peaux s\u00e8ches ou sensibles),<br \/>-un actif cibl\u00e9, choisi selon la pr\u00e9occupation du moment (imperfections, rougeurs, perte d\u2019\u00e9clat).<br \/><br \/>En 30 secondes, votre soin devient 3-en-1 : cr\u00e8me de jour (avec la base) + s\u00e9rum (avec l&rsquo;actif) + soin contour des yeux.<br \/>Un produit unique, sur-mesure, efficace et pr\u00eat \u00e0 l\u2019emploi.<br \/><br \/>Happy made a \u00e9t\u00e9 conceptualis\u00e9 \u00e0 Toulouse par moi-m\u00eame, cosm\u00e9tologue, tout est fabriqu\u00e9 en France (\u00e0 Pau !), avec plus de 99 % d\u2019ingr\u00e9dients d\u2019origine naturelle.<br \/>Les pots sont rechargeables.<br \/>Une cosm\u00e9tique locale, douce et respectueuse, qui marie science et plaisir pour prendre soin de votre peau sans compromis.<br \/><br \/>Avec Happy made, la beaut\u00e9 devient personnalis\u00e9e, interactive, 3-en-1 et locale.<\/p>\t\t\t\t\t\t\t\t<\/div>\n\t\t\t\t<\/div>\n\t\t\t\t<div class=\"elementor-element elementor-element-a14b5e2 elementor-widget elementor-widget-text-editor\" data-id=\"a14b5e2\" data-element_type=\"widget\" data-e-type=\"widget\" data-widget_type=\"text-editor.default\">\n\t\t\t\t<div class=\"elementor-widget-container\">\n\t\t\t\t\t\t\t\t\t<p><span style=\"text-decoration: underline;\">T\u00e9l\u00e9phone<\/span> :06.48.22.69.82<\/p><p><span style=\"text-decoration: underline;\">Site internet<\/span> :\u00a0<a href=\"http:\/\/www.happymade-cosmetics.com\">https:\/happymade-cosmetics.com<\/a><\/p><p><span style=\"text-decoration: underline;\">R\u00e9seaux sociaux<\/span> :\u00a0<\/p><p>Facebook :\u00a0<a href=\"https:\/\/www.facebook.com\/happymade.cosmetics\">https:\/\/www.facebook.com\/happymade.cosmetics<\/a><\/p><p>Instagram :\u00a0<a href=\"https:\/\/www.instagram.com\/happymade_cosmetics\">https:\/\/www.instagram.com\/happymade_cosmetics<\/a><\/p><p><span style=\"text-decoration: underline;\">Conf\u00e9rence :<\/span><\/p><p><strong>Peau et cerveau : comprendre les liens invisible<\/strong>s<\/p><p>Objectif : Aider le public \u00e0 comprendre pourquoi les probl\u00e9mes de peau ne sont pas uniquement cutan\u00e9s, mais aussi psychologiques, hormonaux et \u00e9motionnels et comment sortir du cercle vicieux<\/p><p><strong>Samedi 30 Mai 2026<\/strong><\/p><p><strong>16h30 \u00e0 17h20<\/strong><\/p>\t\t\t\t\t\t\t\t<\/div>\n\t\t\t\t<\/div>\n\t\t\t\t\t<\/div>\n\t\t\t\t<\/div>\n\t\t\t\t<\/div>\n\t\t","protected":false},"excerpt":{"rendered":"<p>Delfactory Happy made Cosmetics &#8211; Le soin visage personnalisable et 3-en-1 Happy made Cosmetics est une jeune marque toulousaine qui r\u00e9invente le soin visage avec un concept unique : la cure personnalis\u00e9e 3-en-1.Chaque soin se cr\u00e9e en direct en m\u00e9langeant simplement : -une base, adapt\u00e9e au type de peau (fluide pour les peaux mixtes \u00e0 grasses, riche pour les peaux s\u00e8ches ou sensibles),-un actif cibl\u00e9, choisi selon la pr\u00e9occupation du moment (imperfections, rougeurs, perte d\u2019\u00e9clat). En 30 secondes, votre soin devient 3-en-1 : cr\u00e8me de jour (avec la base) + s\u00e9rum (avec l&rsquo;actif) + soin contour des yeux.Un produit unique, sur-mesure, efficace et pr\u00eat \u00e0 l\u2019emploi. Happy made a \u00e9t\u00e9 conceptualis\u00e9 \u00e0 Toulouse par moi-m\u00eame, cosm\u00e9tologue, tout est fabriqu\u00e9 en France (\u00e0 Pau !), avec plus de 99 % d\u2019ingr\u00e9dients d\u2019origine naturelle.Les pots sont rechargeables.Une cosm\u00e9tique locale, douce et respectueuse, qui marie science et plaisir pour prendre soin de votre peau sans compromis. Avec Happy made, la beaut\u00e9 devient personnalis\u00e9e, interactive, 3-en-1 et locale. T\u00e9l\u00e9phone :06.48.22.69.82 Site internet :\u00a0https:\/happymade-cosmetics.com R\u00e9seaux sociaux :\u00a0 Facebook :\u00a0https:\/\/www.facebook.com\/happymade.cosmetics Instagram :\u00a0https:\/\/www.instagram.com\/happymade_cosmetics Conf\u00e9rence : Peau et cerveau : comprendre les liens invisibles Objectif : Aider le public \u00e0 comprendre pourquoi les probl\u00e9mes de peau ne sont pas uniquement cutan\u00e9s, mais aussi psychologiques, hormonaux et \u00e9motionnels et comment sortir du cercle vicieux Samedi 30 Mai 2026 16h30 \u00e0 17h20<\/p>\n","protected":false},"author":1,"featured_media":0,"parent":0,"menu_order":0,"comment_status":"closed","ping_status":"closed","template":"elementor_header_footer","meta":{"footnotes":""},"class_list":["post-5759","page","type-page","status-publish","hentry","entry"],"_links":{"self":[{"href":"https:\/\/lesbellesjourneesdubienetre.com\/index.php\/wp-json\/wp\/v2\/pages\/5759","targetHints":{"allow":["GET"]}}],"collection":[{"href":"https:\/\/lesbellesjourneesdubienetre.com\/index.php\/wp-json\/wp\/v2\/pages"}],"about":[{"href":"https:\/\/lesbellesjourneesdubienetre.com\/index.php\/wp-json\/wp\/v2\/types\/page"}],"author":[{"embeddable":true,"href":"https:\/\/lesbellesjourneesdubienetre.com\/index.php\/wp-json\/wp\/v2\/users\/1"}],"replies":[{"embeddable":true,"href":"https:\/\/lesbellesjourneesdubienetre.com\/index.php\/wp-json\/wp\/v2\/comments?post=5759"}],"version-history":[{"count":13,"href":"https:\/\/lesbellesjourneesdubienetre.com\/index.php\/wp-json\/wp\/v2\/pages\/5759\/revisions"}],"predecessor-version":[{"id":6221,"href":"https:\/\/lesbellesjourneesdubienetre.com\/index.php\/wp-json\/wp\/v2\/pages\/5759\/revisions\/6221"}],"wp:attachment":[{"href":"https:\/\/lesbellesjourneesdubienetre.com\/index.php\/wp-json\/wp\/v2\/media?parent=5759"}],"curies":[{"name":"wp","href":"https:\/\/api.w.org\/{rel}","templated":true}]}}