{"id":5768,"date":"2026-01-27T15:30:04","date_gmt":"2026-01-27T14:30:04","guid":{"rendered":"https:\/\/lesbellesjourneesdubienetre.com\/?page_id=5768"},"modified":"2026-03-11T08:49:10","modified_gmt":"2026-03-11T07:49:10","slug":"belberaud-2026-christian-bruel","status":"publish","type":"page","link":"https:\/\/lesbellesjourneesdubienetre.com\/index.php\/belberaud-2026-christian-bruel\/","title":{"rendered":"Belberaud 2026 Christian Bruel"},"content":{"rendered":"\t\t<div data-elementor-type=\"wp-page\" data-elementor-id=\"5768\" class=\"elementor elementor-5768\">\n\t\t\t\t<div class=\"elementor-element elementor-element-da3c3bd e-flex e-con-boxed wpr-particle-no wpr-jarallax-no wpr-parallax-no wpr-sticky-section-no e-con e-parent\" data-id=\"da3c3bd\" data-element_type=\"container\" data-e-type=\"container\">\n\t\t\t\t\t<div class=\"e-con-inner\">\n\t\t\t\t<div class=\"elementor-element elementor-element-39024d6 elementor-widget elementor-widget-image\" data-id=\"39024d6\" data-element_type=\"widget\" data-e-type=\"widget\" data-widget_type=\"image.default\">\n\t\t\t\t<div class=\"elementor-widget-container\">\n\t\t\t\t\t\t\t\t\t\t\t\t\t\t\t<img fetchpriority=\"high\" decoding=\"async\" width=\"492\" height=\"251\" src=\"https:\/\/lesbellesjourneesdubienetre.com\/wp-content\/uploads\/2025\/04\/christian-bruel.png\" class=\"attachment-large size-large wp-image-3140\" alt=\"\" srcset=\"https:\/\/lesbellesjourneesdubienetre.com\/wp-content\/uploads\/2025\/04\/christian-bruel.png 492w, https:\/\/lesbellesjourneesdubienetre.com\/wp-content\/uploads\/2025\/04\/christian-bruel-300x153.png 300w\" sizes=\"(max-width: 492px) 100vw, 492px\" \/>\t\t\t\t\t\t\t\t\t\t\t\t\t\t\t<\/div>\n\t\t\t\t<\/div>\n\t\t\t\t\t<\/div>\n\t\t\t\t<\/div>\n\t\t<div class=\"elementor-element elementor-element-c84cd27 e-flex e-con-boxed wpr-particle-no wpr-jarallax-no wpr-parallax-no wpr-sticky-section-no e-con e-parent\" data-id=\"c84cd27\" data-element_type=\"container\" data-e-type=\"container\">\n\t\t\t\t\t<div class=\"e-con-inner\">\n\t\t\t\t<div class=\"elementor-element elementor-element-a65a51a elementor-widget elementor-widget-heading\" data-id=\"a65a51a\" data-element_type=\"widget\" data-e-type=\"widget\" data-widget_type=\"heading.default\">\n\t\t\t\t<div class=\"elementor-widget-container\">\n\t\t\t\t\t<h2 class=\"elementor-heading-title elementor-size-default\">Christian Bruel<\/h2>\t\t\t\t<\/div>\n\t\t\t\t<\/div>\n\t\t\t\t\t<\/div>\n\t\t\t\t<\/div>\n\t\t<div class=\"elementor-element elementor-element-c10bf16 e-flex e-con-boxed wpr-particle-no wpr-jarallax-no wpr-parallax-no wpr-sticky-section-no e-con e-parent\" data-id=\"c10bf16\" data-element_type=\"container\" data-e-type=\"container\">\n\t\t\t\t\t<div class=\"e-con-inner\">\n\t\t\t\t<div class=\"elementor-element elementor-element-ca52ba3 elementor-widget elementor-widget-text-editor\" data-id=\"ca52ba3\" data-element_type=\"widget\" data-e-type=\"widget\" data-widget_type=\"text-editor.default\">\n\t\t\t\t<div class=\"elementor-widget-container\">\n\t\t\t\t\t\t\t\t\t<p>Avec la <strong>Sophrologie<\/strong>, je vous propose un accompagnement tout au long du parcours de la maladie (op\u00e9rations, traitements\u2026), en <u>compl\u00e9ment<\/u> des soins m\u00e9dicaux. La sophrologie aide \u00e0 mieux traverser cette p\u00e9riode en apportant un espace de calme, d\u2019\u00e9coute et de ressourcement.<\/p><p>J\u2019accompagne \u00e9galement les personnes en p\u00e9riodes de stress et d\u2019anxi\u00e9t\u00e9 li\u00e9es \u00e0 la pr\u00e9paration d\u2019un concours ou d\u2019un examen.<\/p><p>Avec <strong>Hypnose<\/strong>, je vous propose de mettre un terme \u00e0 votre consommation de tabac.<\/p><p>Bien d\u2019autres sujets peuvent \u00eatre trait\u00e9s avec ces deux activit\u00e9s, <strong>Sophrologie<\/strong> et <strong>Hypnose<\/strong>.<\/p>\t\t\t\t\t\t\t\t<\/div>\n\t\t\t\t<\/div>\n\t\t\t\t<div class=\"elementor-element elementor-element-a14b5e2 elementor-widget elementor-widget-text-editor\" data-id=\"a14b5e2\" data-element_type=\"widget\" data-e-type=\"widget\" data-widget_type=\"text-editor.default\">\n\t\t\t\t<div class=\"elementor-widget-container\">\n\t\t\t\t\t\t\t\t\t<p><span style=\"text-decoration: underline;\">Exposant<\/span> : Christian Bruel<\/p><p><span style=\"text-decoration: underline;\">T\u00e9l\u00e9phone<\/span> : 06.79.76.07.28<\/p><p><span style=\"text-decoration: underline;\">Adresse mail<\/span> : christian.bruel.sophyp@gmail.com<\/p><p><span style=\"text-decoration: underline;\">Site internet<\/span> :\u00a0<a href=\"http:\/\/www.christianbruel-sophyp.fr\">http:\/\/www.christianbruel-sophyp.fr<\/a><\/p><p><span style=\"text-decoration: underline;\">R\u00e9seaux sociaux<\/span> :\u00a0<\/p><p>Facebook : sophyp.31<\/p><p>Linkedin : christian-bruel-99a365308\/recent-activity\/all\/<\/p><p><span style=\"text-decoration: underline;\">Conf\u00e9rence :<\/span> <strong>Titre \u00e0 venir<\/strong><\/p><p><strong>Dimanche 31 Mai 2026<\/strong><\/p><p><strong>15h30 \u00e0 16h20<\/strong><\/p>\t\t\t\t\t\t\t\t<\/div>\n\t\t\t\t<\/div>\n\t\t\t\t\t<\/div>\n\t\t\t\t<\/div>\n\t\t\t\t<\/div>\n\t\t","protected":false},"excerpt":{"rendered":"<p>Christian Bruel Avec la Sophrologie, je vous propose un accompagnement tout au long du parcours de la maladie (op\u00e9rations, traitements\u2026), en compl\u00e9ment des soins m\u00e9dicaux. La sophrologie aide \u00e0 mieux traverser cette p\u00e9riode en apportant un espace de calme, d\u2019\u00e9coute et de ressourcement. J\u2019accompagne \u00e9galement les personnes en p\u00e9riodes de stress et d\u2019anxi\u00e9t\u00e9 li\u00e9es \u00e0 la pr\u00e9paration d\u2019un concours ou d\u2019un examen. Avec Hypnose, je vous propose de mettre un terme \u00e0 votre consommation de tabac. Bien d\u2019autres sujets peuvent \u00eatre trait\u00e9s avec ces deux activit\u00e9s, Sophrologie et Hypnose. Exposant : Christian Bruel T\u00e9l\u00e9phone : 06.79.76.07.28 Adresse mail : christian.bruel.sophyp@gmail.com Site internet :\u00a0http:\/\/www.christianbruel-sophyp.fr R\u00e9seaux sociaux :\u00a0 Facebook : sophyp.31 Linkedin : christian-bruel-99a365308\/recent-activity\/all\/ Conf\u00e9rence : Titre \u00e0 venir Dimanche 31 Mai 2026 15h30 \u00e0 16h20<\/p>\n","protected":false},"author":1,"featured_media":0,"parent":0,"menu_order":0,"comment_status":"closed","ping_status":"closed","template":"elementor_header_footer","meta":{"footnotes":""},"class_list":["post-5768","page","type-page","status-publish","hentry","entry"],"_links":{"self":[{"href":"https:\/\/lesbellesjourneesdubienetre.com\/index.php\/wp-json\/wp\/v2\/pages\/5768","targetHints":{"allow":["GET"]}}],"collection":[{"href":"https:\/\/lesbellesjourneesdubienetre.com\/index.php\/wp-json\/wp\/v2\/pages"}],"about":[{"href":"https:\/\/lesbellesjourneesdubienetre.com\/index.php\/wp-json\/wp\/v2\/types\/page"}],"author":[{"embeddable":true,"href":"https:\/\/lesbellesjourneesdubienetre.com\/index.php\/wp-json\/wp\/v2\/users\/1"}],"replies":[{"embeddable":true,"href":"https:\/\/lesbellesjourneesdubienetre.com\/index.php\/wp-json\/wp\/v2\/comments?post=5768"}],"version-history":[{"count":7,"href":"https:\/\/lesbellesjourneesdubienetre.com\/index.php\/wp-json\/wp\/v2\/pages\/5768\/revisions"}],"predecessor-version":[{"id":6243,"href":"https:\/\/lesbellesjourneesdubienetre.com\/index.php\/wp-json\/wp\/v2\/pages\/5768\/revisions\/6243"}],"wp:attachment":[{"href":"https:\/\/lesbellesjourneesdubienetre.com\/index.php\/wp-json\/wp\/v2\/media?parent=5768"}],"curies":[{"name":"wp","href":"https:\/\/api.w.org\/{rel}","templated":true}]}}