{"id":6309,"date":"2026-03-14T18:17:13","date_gmt":"2026-03-14T17:17:13","guid":{"rendered":"https:\/\/lesbellesjourneesdubienetre.com\/?page_id=6309"},"modified":"2026-04-03T17:50:53","modified_gmt":"2026-04-03T15:50:53","slug":"exposants-eaunes-2026","status":"publish","type":"page","link":"https:\/\/lesbellesjourneesdubienetre.com\/index.php\/exposants-eaunes-2026\/","title":{"rendered":"Exposants Eaunes 2026"},"content":{"rendered":"\t\t<div data-elementor-type=\"wp-page\" data-elementor-id=\"6309\" class=\"elementor elementor-6309\">\n\t\t\t\t<div class=\"elementor-element elementor-element-b755225 e-flex e-con-boxed wpr-particle-no wpr-jarallax-no wpr-parallax-no wpr-sticky-section-no wpr-equal-height-no e-con e-parent\" data-id=\"b755225\" data-element_type=\"container\" data-e-type=\"container\">\n\t\t\t\t\t<div class=\"e-con-inner\">\n\t\t\t\t<div class=\"elementor-element elementor-element-8e9aa51 elementor-widget__width-inherit elementor-widget elementor-widget-heading\" data-id=\"8e9aa51\" data-element_type=\"widget\" data-e-type=\"widget\" data-widget_type=\"heading.default\">\n\t\t\t\t<div class=\"elementor-widget-container\">\n\t\t\t\t\t<h2 class=\"elementor-heading-title elementor-size-default\">Exposants Eaunes 2026<\/h2>\t\t\t\t<\/div>\n\t\t\t\t<\/div>\n\t\t\t\t\t<\/div>\n\t\t\t\t<\/div>\n\t\t<div class=\"elementor-element elementor-element-21118ad e-grid e-con-full wpr-particle-no wpr-jarallax-no wpr-parallax-no wpr-sticky-section-no wpr-equal-height-no e-con e-parent\" data-id=\"21118ad\" data-element_type=\"container\" data-e-type=\"container\">\n\t\t\t\t<div class=\"elementor-element elementor-element-f8f2eca elementor-widget elementor-widget-image\" data-id=\"f8f2eca\" data-element_type=\"widget\" data-e-type=\"widget\" data-widget_type=\"image.default\">\n\t\t\t\t<div class=\"elementor-widget-container\">\n\t\t\t\t\t\t\t\t\t\t\t\t<figure class=\"wp-caption\">\n\t\t\t\t\t\t\t\t\t\t\t<a href=\"https:\/\/lesbellesjourneesdubienetre.com\/index.php\/eaunes-2026-erve\/\">\n\t\t\t\t\t\t\t<img decoding=\"async\" width=\"273\" height=\"136\" src=\"https:\/\/lesbellesjourneesdubienetre.com\/wp-content\/uploads\/2024\/11\/federation-erve-france.png\" class=\"attachment-large size-large wp-image-1259\" alt=\"\" \/>\t\t\t\t\t\t\t\t<\/a>\n\t\t\t\t\t\t\t\t\t\t\t<figcaption class=\"widget-image-caption wp-caption-text\">Ecole de R\u00e9flexologie et de Vecturs Energ\u00e9tiques<\/figcaption>\n\t\t\t\t\t\t\t\t\t\t<\/figure>\n\t\t\t\t\t\t\t\t\t<\/div>\n\t\t\t\t<\/div>\n\t\t\t\t<div class=\"elementor-element elementor-element-2603adb elementor-widget elementor-widget-image\" data-id=\"2603adb\" data-element_type=\"widget\" data-e-type=\"widget\" data-widget_type=\"image.default\">\n\t\t\t\t<div class=\"elementor-widget-container\">\n\t\t\t\t\t\t\t\t\t\t\t\t<figure class=\"wp-caption\">\n\t\t\t\t\t\t\t\t\t\t\t<a href=\"https:\/\/lesbellesjourneesdubienetre.com\/index.php\/eaunes-2026-le-jardin-demilie\/\">\n\t\t\t\t\t\t\t<img fetchpriority=\"high\" decoding=\"async\" width=\"401\" height=\"568\" src=\"https:\/\/lesbellesjourneesdubienetre.com\/wp-content\/uploads\/2025\/08\/le-jardin-demilie.jpg\" class=\"attachment-large size-large wp-image-3914\" alt=\"\" srcset=\"https:\/\/lesbellesjourneesdubienetre.com\/wp-content\/uploads\/2025\/08\/le-jardin-demilie.jpg 401w, https:\/\/lesbellesjourneesdubienetre.com\/wp-content\/uploads\/2025\/08\/le-jardin-demilie-212x300.jpg 212w\" sizes=\"(max-width: 401px) 100vw, 401px\" \/>\t\t\t\t\t\t\t\t<\/a>\n\t\t\t\t\t\t\t\t\t\t\t<figcaption class=\"widget-image-caption wp-caption-text\">Le jardin d'Emilie<\/figcaption>\n\t\t\t\t\t\t\t\t\t\t<\/figure>\n\t\t\t\t\t\t\t\t\t<\/div>\n\t\t\t\t<\/div>\n\t\t\t\t<div class=\"elementor-element elementor-element-ea252f3 elementor-widget elementor-widget-image\" data-id=\"ea252f3\" data-element_type=\"widget\" data-e-type=\"widget\" data-widget_type=\"image.default\">\n\t\t\t\t<div class=\"elementor-widget-container\">\n\t\t\t\t\t\t\t\t\t\t\t\t<figure class=\"wp-caption\">\n\t\t\t\t\t\t\t\t\t\t\t<a href=\"https:\/\/lesbellesjourneesdubienetre.com\/index.php\/eaunes-2026-virginie-coille\/\">\n\t\t\t\t\t\t\t<img decoding=\"async\" width=\"357\" height=\"625\" src=\"https:\/\/lesbellesjourneesdubienetre.com\/wp-content\/uploads\/2025\/12\/virginie-coillle.jpg\" class=\"attachment-large size-large wp-image-5256\" alt=\"\" srcset=\"https:\/\/lesbellesjourneesdubienetre.com\/wp-content\/uploads\/2025\/12\/virginie-coillle.jpg 357w, https:\/\/lesbellesjourneesdubienetre.com\/wp-content\/uploads\/2025\/12\/virginie-coillle-171x300.jpg 171w\" sizes=\"(max-width: 357px) 100vw, 357px\" \/>\t\t\t\t\t\t\t\t<\/a>\n\t\t\t\t\t\t\t\t\t\t\t<figcaption class=\"widget-image-caption wp-caption-text\">Virginie Coille<\/figcaption>\n\t\t\t\t\t\t\t\t\t\t<\/figure>\n\t\t\t\t\t\t\t\t\t<\/div>\n\t\t\t\t<\/div>\n\t\t\t\t<div class=\"elementor-element elementor-element-93e9530 elementor-widget elementor-widget-image\" data-id=\"93e9530\" data-element_type=\"widget\" data-e-type=\"widget\" data-widget_type=\"image.default\">\n\t\t\t\t<div class=\"elementor-widget-container\">\n\t\t\t\t\t\t\t\t\t\t\t\t<figure class=\"wp-caption\">\n\t\t\t\t\t\t\t\t\t\t\t<a href=\"https:\/\/lesbellesjourneesdubienetre.com\/index.php\/eaunes-2026-pole-geobio\/\">\n\t\t\t\t\t\t\t<img loading=\"lazy\" decoding=\"async\" width=\"128\" height=\"129\" src=\"https:\/\/lesbellesjourneesdubienetre.com\/wp-content\/uploads\/2026\/03\/OIP.jpg\" class=\"attachment-large size-large wp-image-6381\" alt=\"\" \/>\t\t\t\t\t\t\t\t<\/a>\n\t\t\t\t\t\t\t\t\t\t\t<figcaption class=\"widget-image-caption wp-caption-text\">P\u00f4le G\u00e9obio<\/figcaption>\n\t\t\t\t\t\t\t\t\t\t<\/figure>\n\t\t\t\t\t\t\t\t\t<\/div>\n\t\t\t\t<\/div>\n\t\t\t\t<div class=\"elementor-element elementor-element-e09f1ae elementor-widget elementor-widget-image\" data-id=\"e09f1ae\" data-element_type=\"widget\" data-e-type=\"widget\" data-widget_type=\"image.default\">\n\t\t\t\t<div class=\"elementor-widget-container\">\n\t\t\t\t\t\t\t\t\t\t\t\t<figure class=\"wp-caption\">\n\t\t\t\t\t\t\t\t\t\t\t<a href=\"https:\/\/lesbellesjourneesdubienetre.com\/index.php\/eaunes-2026-gael-huchet\/\">\n\t\t\t\t\t\t\t<img loading=\"lazy\" decoding=\"async\" width=\"500\" height=\"500\" src=\"https:\/\/lesbellesjourneesdubienetre.com\/wp-content\/uploads\/2026\/02\/gael-huchet.jpg\" class=\"attachment-large size-large wp-image-6031\" alt=\"\" srcset=\"https:\/\/lesbellesjourneesdubienetre.com\/wp-content\/uploads\/2026\/02\/gael-huchet.jpg 500w, https:\/\/lesbellesjourneesdubienetre.com\/wp-content\/uploads\/2026\/02\/gael-huchet-300x300.jpg 300w, https:\/\/lesbellesjourneesdubienetre.com\/wp-content\/uploads\/2026\/02\/gael-huchet-150x150.jpg 150w\" sizes=\"(max-width: 500px) 100vw, 500px\" \/>\t\t\t\t\t\t\t\t<\/a>\n\t\t\t\t\t\t\t\t\t\t\t<figcaption class=\"widget-image-caption wp-caption-text\">Ga\u00ebl Huchet Enaud<\/figcaption>\n\t\t\t\t\t\t\t\t\t\t<\/figure>\n\t\t\t\t\t\t\t\t\t<\/div>\n\t\t\t\t<\/div>\n\t\t\t\t<div class=\"elementor-element elementor-element-044a2ae elementor-widget elementor-widget-image\" data-id=\"044a2ae\" data-element_type=\"widget\" data-e-type=\"widget\" data-widget_type=\"image.default\">\n\t\t\t\t<div class=\"elementor-widget-container\">\n\t\t\t\t\t\t\t\t\t\t\t\t<figure class=\"wp-caption\">\n\t\t\t\t\t\t\t\t\t\t\t<a href=\"https:\/\/lesbellesjourneesdubienetre.com\/index.php\/eaunes-2026-sandrine-lacorre\/\">\n\t\t\t\t\t\t\t<img loading=\"lazy\" decoding=\"async\" width=\"1024\" height=\"780\" src=\"https:\/\/lesbellesjourneesdubienetre.com\/wp-content\/uploads\/2026\/03\/160690164_201173665138268_3297400613937394698_n-1-1024x780.jpg\" class=\"attachment-large size-large wp-image-6449\" alt=\"\" srcset=\"https:\/\/lesbellesjourneesdubienetre.com\/wp-content\/uploads\/2026\/03\/160690164_201173665138268_3297400613937394698_n-1-1024x780.jpg 1024w, https:\/\/lesbellesjourneesdubienetre.com\/wp-content\/uploads\/2026\/03\/160690164_201173665138268_3297400613937394698_n-1-300x229.jpg 300w, https:\/\/lesbellesjourneesdubienetre.com\/wp-content\/uploads\/2026\/03\/160690164_201173665138268_3297400613937394698_n-1-768x585.jpg 768w, https:\/\/lesbellesjourneesdubienetre.com\/wp-content\/uploads\/2026\/03\/160690164_201173665138268_3297400613937394698_n-1-1536x1170.jpg 1536w, https:\/\/lesbellesjourneesdubienetre.com\/wp-content\/uploads\/2026\/03\/160690164_201173665138268_3297400613937394698_n-1.jpg 2048w\" sizes=\"(max-width: 1024px) 100vw, 1024px\" \/>\t\t\t\t\t\t\t\t<\/a>\n\t\t\t\t\t\t\t\t\t\t\t<figcaption class=\"widget-image-caption wp-caption-text\">Gaia Stone Lithoth\u00e9rapie<\/figcaption>\n\t\t\t\t\t\t\t\t\t\t<\/figure>\n\t\t\t\t\t\t\t\t\t<\/div>\n\t\t\t\t<\/div>\n\t\t\t\t<div class=\"elementor-element elementor-element-f2baf2a elementor-widget elementor-widget-image\" data-id=\"f2baf2a\" data-element_type=\"widget\" data-e-type=\"widget\" data-widget_type=\"image.default\">\n\t\t\t\t<div class=\"elementor-widget-container\">\n\t\t\t\t\t\t\t\t\t\t\t\t<figure class=\"wp-caption\">\n\t\t\t\t\t\t\t\t\t\t\t<a href=\"https:\/\/lesbellesjourneesdubienetre.com\/index.php\/eaunes-2026-vmvd\/\">\n\t\t\t\t\t\t\t<img loading=\"lazy\" decoding=\"async\" width=\"1000\" height=\"1000\" src=\"https:\/\/lesbellesjourneesdubienetre.com\/wp-content\/uploads\/2024\/10\/vmvdfond.png\" class=\"attachment-large size-large wp-image-280\" alt=\"\" srcset=\"https:\/\/lesbellesjourneesdubienetre.com\/wp-content\/uploads\/2024\/10\/vmvdfond.png 1000w, https:\/\/lesbellesjourneesdubienetre.com\/wp-content\/uploads\/2024\/10\/vmvdfond-300x300.png 300w, https:\/\/lesbellesjourneesdubienetre.com\/wp-content\/uploads\/2024\/10\/vmvdfond-150x150.png 150w, https:\/\/lesbellesjourneesdubienetre.com\/wp-content\/uploads\/2024\/10\/vmvdfond-768x768.png 768w, https:\/\/lesbellesjourneesdubienetre.com\/wp-content\/uploads\/2024\/10\/vmvdfond-600x600.png 600w\" sizes=\"(max-width: 1000px) 100vw, 1000px\" \/>\t\t\t\t\t\t\t\t<\/a>\n\t\t\t\t\t\t\t\t\t\t\t<figcaption class=\"widget-image-caption wp-caption-text\">Votre Main Vous Dit<\/figcaption>\n\t\t\t\t\t\t\t\t\t\t<\/figure>\n\t\t\t\t\t\t\t\t\t<\/div>\n\t\t\t\t<\/div>\n\t\t\t\t<div class=\"elementor-element elementor-element-491ec09 elementor-widget elementor-widget-image\" data-id=\"491ec09\" data-element_type=\"widget\" data-e-type=\"widget\" data-widget_type=\"image.default\">\n\t\t\t\t<div class=\"elementor-widget-container\">\n\t\t\t\t\t\t\t\t\t\t\t\t<figure class=\"wp-caption\">\n\t\t\t\t\t\t\t\t\t\t\t<a href=\"https:\/\/lesbellesjourneesdubienetre.com\/index.php\/eaunes-2026-muriel-virleux\/\">\n\t\t\t\t\t\t\t<img loading=\"lazy\" decoding=\"async\" width=\"512\" height=\"512\" src=\"https:\/\/lesbellesjourneesdubienetre.com\/wp-content\/uploads\/2024\/12\/cropped-326341308_1360959734677113_4162664009500153005_n.png\" class=\"attachment-large size-large wp-image-1693\" alt=\"\" srcset=\"https:\/\/lesbellesjourneesdubienetre.com\/wp-content\/uploads\/2024\/12\/cropped-326341308_1360959734677113_4162664009500153005_n.png 512w, https:\/\/lesbellesjourneesdubienetre.com\/wp-content\/uploads\/2024\/12\/cropped-326341308_1360959734677113_4162664009500153005_n-300x300.png 300w, https:\/\/lesbellesjourneesdubienetre.com\/wp-content\/uploads\/2024\/12\/cropped-326341308_1360959734677113_4162664009500153005_n-150x150.png 150w\" sizes=\"(max-width: 512px) 100vw, 512px\" \/>\t\t\t\t\t\t\t\t<\/a>\n\t\t\t\t\t\t\t\t\t\t\t<figcaption class=\"widget-image-caption wp-caption-text\">Muriel VIRLEUX<\/figcaption>\n\t\t\t\t\t\t\t\t\t\t<\/figure>\n\t\t\t\t\t\t\t\t\t<\/div>\n\t\t\t\t<\/div>\n\t\t\t\t<div class=\"elementor-element elementor-element-d5a7478 elementor-widget elementor-widget-image\" data-id=\"d5a7478\" data-element_type=\"widget\" data-e-type=\"widget\" data-widget_type=\"image.default\">\n\t\t\t\t<div class=\"elementor-widget-container\">\n\t\t\t\t\t\t\t\t\t\t\t\t<figure class=\"wp-caption\">\n\t\t\t\t\t\t\t\t\t\t\t<a href=\"https:\/\/lesbellesjourneesdubienetre.com\/index.php\/eaunes-2026-annie-bonet\/\">\n\t\t\t\t\t\t\t<img loading=\"lazy\" decoding=\"async\" width=\"565\" height=\"568\" src=\"https:\/\/lesbellesjourneesdubienetre.com\/wp-content\/uploads\/2026\/02\/bonet.jpg\" class=\"attachment-large size-large wp-image-5995\" alt=\"\" srcset=\"https:\/\/lesbellesjourneesdubienetre.com\/wp-content\/uploads\/2026\/02\/bonet.jpg 565w, https:\/\/lesbellesjourneesdubienetre.com\/wp-content\/uploads\/2026\/02\/bonet-298x300.jpg 298w, https:\/\/lesbellesjourneesdubienetre.com\/wp-content\/uploads\/2026\/02\/bonet-150x150.jpg 150w\" sizes=\"(max-width: 565px) 100vw, 565px\" \/>\t\t\t\t\t\t\t\t<\/a>\n\t\t\t\t\t\t\t\t\t\t\t<figcaption class=\"widget-image-caption wp-caption-text\">Annie BONET<\/figcaption>\n\t\t\t\t\t\t\t\t\t\t<\/figure>\n\t\t\t\t\t\t\t\t\t<\/div>\n\t\t\t\t<\/div>\n\t\t\t\t<div class=\"elementor-element elementor-element-6a7cafb elementor-widget elementor-widget-image\" data-id=\"6a7cafb\" data-element_type=\"widget\" data-e-type=\"widget\" data-widget_type=\"image.default\">\n\t\t\t\t<div class=\"elementor-widget-container\">\n\t\t\t\t\t\t\t\t\t\t\t\t<figure class=\"wp-caption\">\n\t\t\t\t\t\t\t\t\t\t<img loading=\"lazy\" decoding=\"async\" width=\"512\" height=\"512\" src=\"https:\/\/lesbellesjourneesdubienetre.com\/wp-content\/uploads\/2024\/12\/cropped-326341308_1360959734677113_4162664009500153005_n.png\" class=\"attachment-large size-large wp-image-1693\" alt=\"\" srcset=\"https:\/\/lesbellesjourneesdubienetre.com\/wp-content\/uploads\/2024\/12\/cropped-326341308_1360959734677113_4162664009500153005_n.png 512w, https:\/\/lesbellesjourneesdubienetre.com\/wp-content\/uploads\/2024\/12\/cropped-326341308_1360959734677113_4162664009500153005_n-300x300.png 300w, https:\/\/lesbellesjourneesdubienetre.com\/wp-content\/uploads\/2024\/12\/cropped-326341308_1360959734677113_4162664009500153005_n-150x150.png 150w\" sizes=\"(max-width: 512px) 100vw, 512px\" \/>\t\t\t\t\t\t\t\t\t\t\t<figcaption class=\"widget-image-caption wp-caption-text\">Exposant<\/figcaption>\n\t\t\t\t\t\t\t\t\t\t<\/figure>\n\t\t\t\t\t\t\t\t\t<\/div>\n\t\t\t\t<\/div>\n\t\t\t\t<div class=\"elementor-element elementor-element-ff63ec8 elementor-widget elementor-widget-image\" data-id=\"ff63ec8\" data-element_type=\"widget\" data-e-type=\"widget\" data-widget_type=\"image.default\">\n\t\t\t\t<div class=\"elementor-widget-container\">\n\t\t\t\t\t\t\t\t\t\t\t\t<figure class=\"wp-caption\">\n\t\t\t\t\t\t\t\t\t\t<img loading=\"lazy\" decoding=\"async\" width=\"512\" height=\"512\" src=\"https:\/\/lesbellesjourneesdubienetre.com\/wp-content\/uploads\/2024\/12\/cropped-326341308_1360959734677113_4162664009500153005_n.png\" class=\"attachment-large size-large wp-image-1693\" alt=\"\" srcset=\"https:\/\/lesbellesjourneesdubienetre.com\/wp-content\/uploads\/2024\/12\/cropped-326341308_1360959734677113_4162664009500153005_n.png 512w, https:\/\/lesbellesjourneesdubienetre.com\/wp-content\/uploads\/2024\/12\/cropped-326341308_1360959734677113_4162664009500153005_n-300x300.png 300w, https:\/\/lesbellesjourneesdubienetre.com\/wp-content\/uploads\/2024\/12\/cropped-326341308_1360959734677113_4162664009500153005_n-150x150.png 150w\" sizes=\"(max-width: 512px) 100vw, 512px\" \/>\t\t\t\t\t\t\t\t\t\t\t<figcaption class=\"widget-image-caption wp-caption-text\">Exposant<\/figcaption>\n\t\t\t\t\t\t\t\t\t\t<\/figure>\n\t\t\t\t\t\t\t\t\t<\/div>\n\t\t\t\t<\/div>\n\t\t\t\t<div class=\"elementor-element elementor-element-ccd3dfd elementor-widget elementor-widget-image\" data-id=\"ccd3dfd\" data-element_type=\"widget\" data-e-type=\"widget\" data-widget_type=\"image.default\">\n\t\t\t\t<div class=\"elementor-widget-container\">\n\t\t\t\t\t\t\t\t\t\t\t\t<figure class=\"wp-caption\">\n\t\t\t\t\t\t\t\t\t\t<img loading=\"lazy\" decoding=\"async\" width=\"512\" height=\"512\" src=\"https:\/\/lesbellesjourneesdubienetre.com\/wp-content\/uploads\/2024\/12\/cropped-326341308_1360959734677113_4162664009500153005_n.png\" class=\"attachment-large size-large wp-image-1693\" alt=\"\" srcset=\"https:\/\/lesbellesjourneesdubienetre.com\/wp-content\/uploads\/2024\/12\/cropped-326341308_1360959734677113_4162664009500153005_n.png 512w, https:\/\/lesbellesjourneesdubienetre.com\/wp-content\/uploads\/2024\/12\/cropped-326341308_1360959734677113_4162664009500153005_n-300x300.png 300w, https:\/\/lesbellesjourneesdubienetre.com\/wp-content\/uploads\/2024\/12\/cropped-326341308_1360959734677113_4162664009500153005_n-150x150.png 150w\" sizes=\"(max-width: 512px) 100vw, 512px\" \/>\t\t\t\t\t\t\t\t\t\t\t<figcaption class=\"widget-image-caption wp-caption-text\">Exposant<\/figcaption>\n\t\t\t\t\t\t\t\t\t\t<\/figure>\n\t\t\t\t\t\t\t\t\t<\/div>\n\t\t\t\t<\/div>\n\t\t\t\t<\/div>\n\t\t<div class=\"elementor-element elementor-element-ed408a5 e-grid e-con-full wpr-particle-no wpr-jarallax-no wpr-parallax-no wpr-sticky-section-no wpr-equal-height-no e-con e-parent\" data-id=\"ed408a5\" data-element_type=\"container\" data-e-type=\"container\">\n\t\t\t\t<\/div>\n\t\t<div class=\"elementor-element elementor-element-25a62ff e-flex e-con-boxed wpr-particle-no wpr-jarallax-no wpr-parallax-no wpr-sticky-section-no wpr-equal-height-no e-con e-parent\" data-id=\"25a62ff\" data-element_type=\"container\" data-e-type=\"container\">\n\t\t\t\t\t<div class=\"e-con-inner\">\n\t\t\t\t<div class=\"elementor-element elementor-element-326837c elementor-widget elementor-widget-image\" data-id=\"326837c\" data-element_type=\"widget\" data-e-type=\"widget\" data-widget_type=\"image.default\">\n\t\t\t\t<div class=\"elementor-widget-container\">\n\t\t\t\t\t\t\t\t\t\t\t\t\t\t\t<img loading=\"lazy\" decoding=\"async\" width=\"1024\" height=\"332\" src=\"https:\/\/lesbellesjourneesdubienetre.com\/wp-content\/uploads\/2024\/09\/cropped-logo-belles-journees-1-1024x332.png\" class=\"attachment-large size-large wp-image-3573\" alt=\"\" srcset=\"https:\/\/lesbellesjourneesdubienetre.com\/wp-content\/uploads\/2024\/09\/cropped-logo-belles-journees-1-1024x332.png 1024w, https:\/\/lesbellesjourneesdubienetre.com\/wp-content\/uploads\/2024\/09\/cropped-logo-belles-journees-1-300x97.png 300w, https:\/\/lesbellesjourneesdubienetre.com\/wp-content\/uploads\/2024\/09\/cropped-logo-belles-journees-1-768x249.png 768w, https:\/\/lesbellesjourneesdubienetre.com\/wp-content\/uploads\/2024\/09\/cropped-logo-belles-journees-1.png 1487w\" sizes=\"(max-width: 1024px) 100vw, 1024px\" \/>\t\t\t\t\t\t\t\t\t\t\t\t\t\t\t<\/div>\n\t\t\t\t<\/div>\n\t\t\t\t\t<\/div>\n\t\t\t\t<\/div>\n\t\t\t\t<\/div>\n\t\t","protected":false},"excerpt":{"rendered":"<p>Exposants Eaunes 2026 Ecole de R\u00e9flexologie et de Vecturs Energ\u00e9tiques Le jardin d&rsquo;Emilie Virginie Coille P\u00f4le G\u00e9obio Ga\u00ebl Huchet Enaud Gaia Stone Lithoth\u00e9rapie Votre Main Vous Dit Muriel VIRLEUX Annie BONET Exposant Exposant Exposant<\/p>\n","protected":false},"author":1,"featured_media":0,"parent":0,"menu_order":0,"comment_status":"closed","ping_status":"closed","template":"","meta":{"footnotes":""},"class_list":["post-6309","page","type-page","status-publish","hentry","entry"],"_links":{"self":[{"href":"https:\/\/lesbellesjourneesdubienetre.com\/index.php\/wp-json\/wp\/v2\/pages\/6309","targetHints":{"allow":["GET"]}}],"collection":[{"href":"https:\/\/lesbellesjourneesdubienetre.com\/index.php\/wp-json\/wp\/v2\/pages"}],"about":[{"href":"https:\/\/lesbellesjourneesdubienetre.com\/index.php\/wp-json\/wp\/v2\/types\/page"}],"author":[{"embeddable":true,"href":"https:\/\/lesbellesjourneesdubienetre.com\/index.php\/wp-json\/wp\/v2\/users\/1"}],"replies":[{"embeddable":true,"href":"https:\/\/lesbellesjourneesdubienetre.com\/index.php\/wp-json\/wp\/v2\/comments?post=6309"}],"version-history":[{"count":42,"href":"https:\/\/lesbellesjourneesdubienetre.com\/index.php\/wp-json\/wp\/v2\/pages\/6309\/revisions"}],"predecessor-version":[{"id":6566,"href":"https:\/\/lesbellesjourneesdubienetre.com\/index.php\/wp-json\/wp\/v2\/pages\/6309\/revisions\/6566"}],"wp:attachment":[{"href":"https:\/\/lesbellesjourneesdubienetre.com\/index.php\/wp-json\/wp\/v2\/media?parent=6309"}],"curies":[{"name":"wp","href":"https:\/\/api.w.org\/{rel}","templated":true}]}}