{"id":6356,"date":"2026-03-15T12:06:38","date_gmt":"2026-03-15T11:06:38","guid":{"rendered":"https:\/\/lesbellesjourneesdubienetre.com\/?page_id=6356"},"modified":"2026-03-15T12:07:14","modified_gmt":"2026-03-15T11:07:14","slug":"eaunes-2026-erve","status":"publish","type":"page","link":"https:\/\/lesbellesjourneesdubienetre.com\/index.php\/eaunes-2026-erve\/","title":{"rendered":"Eaunes 2026 ERVE"},"content":{"rendered":"\t\t<div data-elementor-type=\"wp-page\" data-elementor-id=\"6356\" class=\"elementor elementor-6356\">\n\t\t\t\t<div class=\"elementor-element elementor-element-da3c3bd e-flex e-con-boxed wpr-particle-no wpr-jarallax-no wpr-parallax-no wpr-sticky-section-no wpr-equal-height-no e-con e-parent\" data-id=\"da3c3bd\" data-element_type=\"container\" data-e-type=\"container\">\n\t\t\t\t\t<div class=\"e-con-inner\">\n\t\t\t\t<div class=\"elementor-element elementor-element-39024d6 elementor-widget elementor-widget-image\" data-id=\"39024d6\" data-element_type=\"widget\" data-e-type=\"widget\" data-widget_type=\"image.default\">\n\t\t\t\t<div class=\"elementor-widget-container\">\n\t\t\t\t\t\t\t\t\t\t\t\t\t\t\t<img decoding=\"async\" width=\"273\" height=\"136\" src=\"https:\/\/lesbellesjourneesdubienetre.com\/wp-content\/uploads\/2024\/11\/federation-erve-france.png\" class=\"attachment-large size-large wp-image-1259\" alt=\"\" \/>\t\t\t\t\t\t\t\t\t\t\t\t\t\t\t<\/div>\n\t\t\t\t<\/div>\n\t\t\t\t\t<\/div>\n\t\t\t\t<\/div>\n\t\t<div class=\"elementor-element elementor-element-c84cd27 e-flex e-con-boxed wpr-particle-no wpr-jarallax-no wpr-parallax-no wpr-sticky-section-no wpr-equal-height-no e-con e-parent\" data-id=\"c84cd27\" data-element_type=\"container\" data-e-type=\"container\">\n\t\t\t\t\t<div class=\"e-con-inner\">\n\t\t\t\t<div class=\"elementor-element elementor-element-a65a51a elementor-widget elementor-widget-heading\" data-id=\"a65a51a\" data-element_type=\"widget\" data-e-type=\"widget\" data-widget_type=\"heading.default\">\n\t\t\t\t<div class=\"elementor-widget-container\">\n\t\t\t\t\t<h2 class=\"elementor-heading-title elementor-size-default\">Ecole de R\u00e9flexologie et de Vecteurs Energ\u00e9tiques<\/h2>\t\t\t\t<\/div>\n\t\t\t\t<\/div>\n\t\t\t\t\t<\/div>\n\t\t\t\t<\/div>\n\t\t<div class=\"elementor-element elementor-element-c10bf16 e-flex e-con-boxed wpr-particle-no wpr-jarallax-no wpr-parallax-no wpr-sticky-section-no wpr-equal-height-no e-con e-parent\" data-id=\"c10bf16\" data-element_type=\"container\" data-e-type=\"container\">\n\t\t\t\t\t<div class=\"e-con-inner\">\n\t\t\t\t<div class=\"elementor-element elementor-element-ca52ba3 elementor-widget elementor-widget-text-editor\" data-id=\"ca52ba3\" data-element_type=\"widget\" data-e-type=\"widget\" data-widget_type=\"text-editor.default\">\n\t\t\t\t<div class=\"elementor-widget-container\">\n\t\t\t\t\t\t\t\t\t<p><span style=\"color: #000000;\">Notre \u00e9cole s&rsquo;est donn\u00e9e pour mission d&rsquo;<strong>enseigner<\/strong>, de\u00a0<strong>pratiquer<\/strong>, et de\u00a0<strong>promouvoir<\/strong>\u00a0la r\u00e9flexologie traditionnelle et vectorielle\u00a9 de la mani\u00e8re la plus large possible.<\/span><\/p><p><span style=\"color: #000000;\">La sp\u00e9cificit\u00e9 de notre formation est la m\u00e9thode \u00c9RV\u00c9-FRANCE qui allie la r\u00e9flexologie traditionnelle et les vecteurs \u00e9nerg\u00e9tiques.<\/span><\/p><p><span style=\"color: #000000;\">C&rsquo;est une m\u00e9thode qui consiste par un toucher sp\u00e9cifique appliqu\u00e9 sur des zones et points r\u00e9flexes ainsi que sur des trajets, de localiser les tensions et de r\u00e9tablir l&rsquo;\u00e9quilibre du corps. Les trajets du vectoriel ont pour but de relancer les \u00e9nergies Ying Yang de mani\u00e8re \u00e0 lib\u00e9rer les toxines plus efficacement.<\/span><\/p>\t\t\t\t\t\t\t\t<\/div>\n\t\t\t\t<\/div>\n\t\t\t\t<div class=\"elementor-element elementor-element-a14b5e2 elementor-widget elementor-widget-text-editor\" data-id=\"a14b5e2\" data-element_type=\"widget\" data-e-type=\"widget\" data-widget_type=\"text-editor.default\">\n\t\t\t\t<div class=\"elementor-widget-container\">\n\t\t\t\t\t\t\t\t\t<p><span style=\"text-decoration: underline;\">Exposant<\/span> : Pierre Lagasse<\/p><p><span style=\"text-decoration: underline;\">T\u00e9l\u00e9phone<\/span> : 06.19.11.05.91<\/p><p><span style=\"text-decoration: underline;\">Adresse mail<\/span> : tgserve-france@orange.fr<\/p><p><span style=\"text-decoration: underline;\">Site internet<\/span> :\u00a0<a href=\"http:\/\/www.reflexologie-erve-toulouse.org\">http:\/\/www.reflexologie-erve-toulouse.org<\/a><\/p><p>\u00a0<\/p>\t\t\t\t\t\t\t\t<\/div>\n\t\t\t\t<\/div>\n\t\t\t\t\t<\/div>\n\t\t\t\t<\/div>\n\t\t\t\t<\/div>\n\t\t","protected":false},"excerpt":{"rendered":"<p>Ecole de R\u00e9flexologie et de Vecteurs Energ\u00e9tiques Notre \u00e9cole s&rsquo;est donn\u00e9e pour mission d&rsquo;enseigner, de\u00a0pratiquer, et de\u00a0promouvoir\u00a0la r\u00e9flexologie traditionnelle et vectorielle\u00a9 de la mani\u00e8re la plus large possible. La sp\u00e9cificit\u00e9 de notre formation est la m\u00e9thode \u00c9RV\u00c9-FRANCE qui allie la r\u00e9flexologie traditionnelle et les vecteurs \u00e9nerg\u00e9tiques. C&rsquo;est une m\u00e9thode qui consiste par un toucher sp\u00e9cifique appliqu\u00e9 sur des zones et points r\u00e9flexes ainsi que sur des trajets, de localiser les tensions et de r\u00e9tablir l&rsquo;\u00e9quilibre du corps. Les trajets du vectoriel ont pour but de relancer les \u00e9nergies Ying Yang de mani\u00e8re \u00e0 lib\u00e9rer les toxines plus efficacement. Exposant : Pierre Lagasse T\u00e9l\u00e9phone : 06.19.11.05.91 Adresse mail : tgserve-france@orange.fr Site internet :\u00a0http:\/\/www.reflexologie-erve-toulouse.org \u00a0<\/p>\n","protected":false},"author":1,"featured_media":0,"parent":0,"menu_order":0,"comment_status":"closed","ping_status":"closed","template":"elementor_header_footer","meta":{"footnotes":""},"class_list":["post-6356","page","type-page","status-publish","hentry","entry"],"_links":{"self":[{"href":"https:\/\/lesbellesjourneesdubienetre.com\/index.php\/wp-json\/wp\/v2\/pages\/6356","targetHints":{"allow":["GET"]}}],"collection":[{"href":"https:\/\/lesbellesjourneesdubienetre.com\/index.php\/wp-json\/wp\/v2\/pages"}],"about":[{"href":"https:\/\/lesbellesjourneesdubienetre.com\/index.php\/wp-json\/wp\/v2\/types\/page"}],"author":[{"embeddable":true,"href":"https:\/\/lesbellesjourneesdubienetre.com\/index.php\/wp-json\/wp\/v2\/users\/1"}],"replies":[{"embeddable":true,"href":"https:\/\/lesbellesjourneesdubienetre.com\/index.php\/wp-json\/wp\/v2\/comments?post=6356"}],"version-history":[{"count":4,"href":"https:\/\/lesbellesjourneesdubienetre.com\/index.php\/wp-json\/wp\/v2\/pages\/6356\/revisions"}],"predecessor-version":[{"id":6361,"href":"https:\/\/lesbellesjourneesdubienetre.com\/index.php\/wp-json\/wp\/v2\/pages\/6356\/revisions\/6361"}],"wp:attachment":[{"href":"https:\/\/lesbellesjourneesdubienetre.com\/index.php\/wp-json\/wp\/v2\/media?parent=6356"}],"curies":[{"name":"wp","href":"https:\/\/api.w.org\/{rel}","templated":true}]}}