{"id":6375,"date":"2026-03-15T12:14:51","date_gmt":"2026-03-15T11:14:51","guid":{"rendered":"https:\/\/lesbellesjourneesdubienetre.com\/?page_id=6375"},"modified":"2026-03-15T12:15:37","modified_gmt":"2026-03-15T11:15:37","slug":"eaunes-2026-pole-geobio","status":"publish","type":"page","link":"https:\/\/lesbellesjourneesdubienetre.com\/index.php\/eaunes-2026-pole-geobio\/","title":{"rendered":"Eaunes 2026 Pole-Geobio"},"content":{"rendered":"\t\t<div data-elementor-type=\"wp-page\" data-elementor-id=\"6375\" class=\"elementor elementor-6375\">\n\t\t\t\t<div class=\"elementor-element elementor-element-da3c3bd e-flex e-con-boxed wpr-particle-no wpr-jarallax-no wpr-parallax-no wpr-sticky-section-no wpr-equal-height-no e-con e-parent\" data-id=\"da3c3bd\" data-element_type=\"container\" data-e-type=\"container\">\n\t\t\t\t\t<div class=\"e-con-inner\">\n\t\t\t\t<div class=\"elementor-element elementor-element-39024d6 elementor-widget elementor-widget-image\" data-id=\"39024d6\" data-element_type=\"widget\" data-e-type=\"widget\" data-widget_type=\"image.default\">\n\t\t\t\t<div class=\"elementor-widget-container\">\n\t\t\t\t\t\t\t\t\t\t\t\t\t\t\t<img decoding=\"async\" width=\"128\" height=\"129\" src=\"https:\/\/lesbellesjourneesdubienetre.com\/wp-content\/uploads\/2024\/09\/OIP.jpg\" class=\"attachment-large size-large wp-image-159\" alt=\"\" \/>\t\t\t\t\t\t\t\t\t\t\t\t\t\t\t<\/div>\n\t\t\t\t<\/div>\n\t\t\t\t\t<\/div>\n\t\t\t\t<\/div>\n\t\t<div class=\"elementor-element elementor-element-c84cd27 e-flex e-con-boxed wpr-particle-no wpr-jarallax-no wpr-parallax-no wpr-sticky-section-no wpr-equal-height-no e-con e-parent\" data-id=\"c84cd27\" data-element_type=\"container\" data-e-type=\"container\">\n\t\t\t\t\t<div class=\"e-con-inner\">\n\t\t\t\t<div class=\"elementor-element elementor-element-a65a51a elementor-widget elementor-widget-heading\" data-id=\"a65a51a\" data-element_type=\"widget\" data-e-type=\"widget\" data-widget_type=\"heading.default\">\n\t\t\t\t<div class=\"elementor-widget-container\">\n\t\t\t\t\t<h2 class=\"elementor-heading-title elementor-size-default\">P\u00f4le G\u00e9obio<\/h2>\t\t\t\t<\/div>\n\t\t\t\t<\/div>\n\t\t\t\t<div class=\"elementor-element elementor-element-ca52ba3 elementor-widget elementor-widget-text-editor\" data-id=\"ca52ba3\" data-element_type=\"widget\" data-e-type=\"widget\" data-widget_type=\"text-editor.default\">\n\t\t\t\t<div class=\"elementor-widget-container\">\n\t\t\t\t\t\t\t\t\t<p>G\u00e9obiologue :<\/p>\n<p>Panneaux d&rsquo;information<\/p>\n<p>Vente de livres sp\u00e9cialis\u00e9s ( auto \u00e9diteur )<\/p>\n<p>Fabrication et vente de mat\u00e9riel de radiesth\u00e9sie<\/p>\n<p>\u00a0<\/p>\t\t\t\t\t\t\t\t<\/div>\n\t\t\t\t<\/div>\n\t\t\t\t\t<\/div>\n\t\t\t\t<\/div>\n\t\t<div class=\"elementor-element elementor-element-c10bf16 e-flex e-con-boxed wpr-particle-no wpr-jarallax-no wpr-parallax-no wpr-sticky-section-no wpr-equal-height-no e-con e-parent\" data-id=\"c10bf16\" data-element_type=\"container\" data-e-type=\"container\">\n\t\t\t\t\t<div class=\"e-con-inner\">\n\t\t\t\t<div class=\"elementor-element elementor-element-a14b5e2 elementor-widget elementor-widget-text-editor\" data-id=\"a14b5e2\" data-element_type=\"widget\" data-e-type=\"widget\" data-widget_type=\"text-editor.default\">\n\t\t\t\t<div class=\"elementor-widget-container\">\n\t\t\t\t\t\t\t\t\t<p><span style=\"text-decoration: underline;\">T\u00e9l\u00e9phone<\/span> : 06.70.38.07.80<\/p><p><span style=\"text-decoration: underline;\">Adresse mail<\/span> : pole.geobio@gmail.com<\/p><p><span style=\"text-decoration: underline;\">Site internet<\/span> :\u00a0<a href=\"http:\/\/www.geobiologie-toulouse.fr\">http:\/\/www.geobiologie-toulouse.fr<\/a><\/p><p>\u00a0<\/p>\t\t\t\t\t\t\t\t<\/div>\n\t\t\t\t<\/div>\n\t\t\t\t\t<\/div>\n\t\t\t\t<\/div>\n\t\t\t\t<\/div>\n\t\t","protected":false},"excerpt":{"rendered":"<p>P\u00f4le G\u00e9obio G\u00e9obiologue : Panneaux d&rsquo;information Vente de livres sp\u00e9cialis\u00e9s ( auto \u00e9diteur ) Fabrication et vente de mat\u00e9riel de radiesth\u00e9sie \u00a0 T\u00e9l\u00e9phone : 06.70.38.07.80 Adresse mail : pole.geobio@gmail.com Site internet :\u00a0http:\/\/www.geobiologie-toulouse.fr \u00a0<\/p>\n","protected":false},"author":1,"featured_media":0,"parent":0,"menu_order":0,"comment_status":"closed","ping_status":"closed","template":"elementor_header_footer","meta":{"footnotes":""},"class_list":["post-6375","page","type-page","status-publish","hentry","entry"],"_links":{"self":[{"href":"https:\/\/lesbellesjourneesdubienetre.com\/index.php\/wp-json\/wp\/v2\/pages\/6375","targetHints":{"allow":["GET"]}}],"collection":[{"href":"https:\/\/lesbellesjourneesdubienetre.com\/index.php\/wp-json\/wp\/v2\/pages"}],"about":[{"href":"https:\/\/lesbellesjourneesdubienetre.com\/index.php\/wp-json\/wp\/v2\/types\/page"}],"author":[{"embeddable":true,"href":"https:\/\/lesbellesjourneesdubienetre.com\/index.php\/wp-json\/wp\/v2\/users\/1"}],"replies":[{"embeddable":true,"href":"https:\/\/lesbellesjourneesdubienetre.com\/index.php\/wp-json\/wp\/v2\/comments?post=6375"}],"version-history":[{"count":4,"href":"https:\/\/lesbellesjourneesdubienetre.com\/index.php\/wp-json\/wp\/v2\/pages\/6375\/revisions"}],"predecessor-version":[{"id":6380,"href":"https:\/\/lesbellesjourneesdubienetre.com\/index.php\/wp-json\/wp\/v2\/pages\/6375\/revisions\/6380"}],"wp:attachment":[{"href":"https:\/\/lesbellesjourneesdubienetre.com\/index.php\/wp-json\/wp\/v2\/media?parent=6375"}],"curies":[{"name":"wp","href":"https:\/\/api.w.org\/{rel}","templated":true}]}}