{"id":6385,"date":"2026-03-15T12:23:18","date_gmt":"2026-03-15T11:23:18","guid":{"rendered":"https:\/\/lesbellesjourneesdubienetre.com\/?page_id=6385"},"modified":"2026-03-15T12:25:08","modified_gmt":"2026-03-15T11:25:08","slug":"eaunes-2026-gael-huchet","status":"publish","type":"page","link":"https:\/\/lesbellesjourneesdubienetre.com\/index.php\/eaunes-2026-gael-huchet\/","title":{"rendered":"Eaunes 2026 Gael Huchet"},"content":{"rendered":"\t\t<div data-elementor-type=\"wp-page\" data-elementor-id=\"6385\" class=\"elementor elementor-6385\">\n\t\t\t\t<div class=\"elementor-element elementor-element-da3c3bd e-flex e-con-boxed wpr-particle-no wpr-jarallax-no wpr-parallax-no wpr-sticky-section-no wpr-equal-height-no e-con e-parent\" data-id=\"da3c3bd\" data-element_type=\"container\" data-e-type=\"container\">\n\t\t\t\t\t<div class=\"e-con-inner\">\n\t\t\t\t<div class=\"elementor-element elementor-element-39024d6 elementor-widget elementor-widget-image\" data-id=\"39024d6\" data-element_type=\"widget\" data-e-type=\"widget\" data-widget_type=\"image.default\">\n\t\t\t\t<div class=\"elementor-widget-container\">\n\t\t\t\t\t\t\t\t\t\t\t\t\t\t\t<img fetchpriority=\"high\" decoding=\"async\" width=\"500\" height=\"500\" src=\"https:\/\/lesbellesjourneesdubienetre.com\/wp-content\/uploads\/2026\/02\/gael-huchet.jpg\" class=\"attachment-large size-large wp-image-6031\" alt=\"\" srcset=\"https:\/\/lesbellesjourneesdubienetre.com\/wp-content\/uploads\/2026\/02\/gael-huchet.jpg 500w, https:\/\/lesbellesjourneesdubienetre.com\/wp-content\/uploads\/2026\/02\/gael-huchet-300x300.jpg 300w, https:\/\/lesbellesjourneesdubienetre.com\/wp-content\/uploads\/2026\/02\/gael-huchet-150x150.jpg 150w\" sizes=\"(max-width: 500px) 100vw, 500px\" \/>\t\t\t\t\t\t\t\t\t\t\t\t\t\t\t<\/div>\n\t\t\t\t<\/div>\n\t\t\t\t\t<\/div>\n\t\t\t\t<\/div>\n\t\t<div class=\"elementor-element elementor-element-c84cd27 e-flex e-con-boxed wpr-particle-no wpr-jarallax-no wpr-parallax-no wpr-sticky-section-no wpr-equal-height-no e-con e-parent\" data-id=\"c84cd27\" data-element_type=\"container\" data-e-type=\"container\">\n\t\t\t\t\t<div class=\"e-con-inner\">\n\t\t\t\t<div class=\"elementor-element elementor-element-a65a51a elementor-widget elementor-widget-heading\" data-id=\"a65a51a\" data-element_type=\"widget\" data-e-type=\"widget\" data-widget_type=\"heading.default\">\n\t\t\t\t<div class=\"elementor-widget-container\">\n\t\t\t\t\t<h2 class=\"elementor-heading-title elementor-size-default\">Ga\u00ebl Huchet Enaud<\/h2>\t\t\t\t<\/div>\n\t\t\t\t<\/div>\n\t\t\t\t\t<\/div>\n\t\t\t\t<\/div>\n\t\t<div class=\"elementor-element elementor-element-c10bf16 e-flex e-con-boxed wpr-particle-no wpr-jarallax-no wpr-parallax-no wpr-sticky-section-no wpr-equal-height-no e-con e-parent\" data-id=\"c10bf16\" data-element_type=\"container\" data-e-type=\"container\">\n\t\t\t\t\t<div class=\"e-con-inner\">\n\t\t\t\t<div class=\"elementor-element elementor-element-ca52ba3 elementor-widget elementor-widget-text-editor\" data-id=\"ca52ba3\" data-element_type=\"widget\" data-e-type=\"widget\" data-widget_type=\"text-editor.default\">\n\t\t\t\t<div class=\"elementor-widget-container\">\n\t\t\t\t\t\t\t\t\t<p>Constellation Familiale<\/p><p>Soin quantique PRIME<\/p><p>Th\u00e9rapie transg\u00e9n\u00e9rationnelle<\/p><p>4 formations gratuites en ligne sur les th\u00e8mes : couple sacr\u00e9, abondance, clairvoyance, monde subtil<\/p>\t\t\t\t\t\t\t\t<\/div>\n\t\t\t\t<\/div>\n\t\t\t\t<div class=\"elementor-element elementor-element-a14b5e2 elementor-widget elementor-widget-text-editor\" data-id=\"a14b5e2\" data-element_type=\"widget\" data-e-type=\"widget\" data-widget_type=\"text-editor.default\">\n\t\t\t\t<div class=\"elementor-widget-container\">\n\t\t\t\t\t\t\t\t\t<p><span style=\"text-decoration: underline;\">Exposant<\/span> : Gael Huchet Enaud<\/p><p><span style=\"text-decoration: underline;\">T\u00e9l\u00e9phone<\/span> :06.82.45.71.73<\/p><p><span style=\"text-decoration: underline;\">Adresse mail<\/span> : gael@potentieldeguerison.com<\/p><p><span style=\"text-decoration: underline;\">Site internet<\/span> :\u00a0<a href=\"http:\/\/www.potentieldeguerison.com\">http:\/\/www.potentieldeguerison.com<\/a><\/p><p><span style=\"text-decoration: underline;\">R\u00e9seaux sociaux<\/span> :\u00a0<\/p><p>https:\/\/www.facebook.com\/potentieldeguerison<\/p><p>https:\/\/www.youtube.com\/@gaelhuchetenaud<\/p><p><span style=\"text-decoration: underline;\">Atelier<\/span> : <strong>Jour et Heure \u00e0 venir<\/strong><\/p><p style=\"font-weight: 400;\"><strong>Titre Atelier :<\/strong><strong>\u00a0<\/strong>Vivre une constellation familiale en direct : une exp\u00e9rience transformatrice<\/p><p style=\"font-weight: 400;\"><strong>Description Atelier :\u00a0<\/strong>\u00a0 Plonge dans l\u2019exp\u00e9rience unique d\u2019une constellation familiale en direct et d\u00e9couvre la puissance des liens invisibles qui influencent ta vie.<\/p><p style=\"font-weight: 400;\">Cet atelier te permettra d\u2019explorer une probl\u00e9matique personnelle (relationnelle, familiale, \u00e9motionnelle) et d\u2019en r\u00e9v\u00e9ler les racines inconscientes.<br \/>Un moment fort pour amorcer une lib\u00e9ration int\u00e9rieure et retrouver ta juste place. \u00a0<\/p>\t\t\t\t\t\t\t\t<\/div>\n\t\t\t\t<\/div>\n\t\t\t\t\t<\/div>\n\t\t\t\t<\/div>\n\t\t\t\t<\/div>\n\t\t","protected":false},"excerpt":{"rendered":"<p>Ga\u00ebl Huchet Enaud Constellation Familiale Soin quantique PRIME Th\u00e9rapie transg\u00e9n\u00e9rationnelle 4 formations gratuites en ligne sur les th\u00e8mes : couple sacr\u00e9, abondance, clairvoyance, monde subtil Exposant : Gael Huchet Enaud T\u00e9l\u00e9phone :06.82.45.71.73 Adresse mail : gael@potentieldeguerison.com Site internet :\u00a0http:\/\/www.potentieldeguerison.com R\u00e9seaux sociaux :\u00a0 https:\/\/www.facebook.com\/potentieldeguerison https:\/\/www.youtube.com\/@gaelhuchetenaud Atelier : Jour et Heure \u00e0 venir Titre Atelier :\u00a0Vivre une constellation familiale en direct : une exp\u00e9rience transformatrice Description Atelier :\u00a0\u00a0 Plonge dans l\u2019exp\u00e9rience unique d\u2019une constellation familiale en direct et d\u00e9couvre la puissance des liens invisibles qui influencent ta vie. Cet atelier te permettra d\u2019explorer une probl\u00e9matique personnelle (relationnelle, familiale, \u00e9motionnelle) et d\u2019en r\u00e9v\u00e9ler les racines inconscientes.Un moment fort pour amorcer une lib\u00e9ration int\u00e9rieure et retrouver ta juste place. \u00a0<\/p>\n","protected":false},"author":1,"featured_media":0,"parent":0,"menu_order":0,"comment_status":"closed","ping_status":"closed","template":"elementor_header_footer","meta":{"footnotes":""},"class_list":["post-6385","page","type-page","status-publish","hentry","entry"],"_links":{"self":[{"href":"https:\/\/lesbellesjourneesdubienetre.com\/index.php\/wp-json\/wp\/v2\/pages\/6385","targetHints":{"allow":["GET"]}}],"collection":[{"href":"https:\/\/lesbellesjourneesdubienetre.com\/index.php\/wp-json\/wp\/v2\/pages"}],"about":[{"href":"https:\/\/lesbellesjourneesdubienetre.com\/index.php\/wp-json\/wp\/v2\/types\/page"}],"author":[{"embeddable":true,"href":"https:\/\/lesbellesjourneesdubienetre.com\/index.php\/wp-json\/wp\/v2\/users\/1"}],"replies":[{"embeddable":true,"href":"https:\/\/lesbellesjourneesdubienetre.com\/index.php\/wp-json\/wp\/v2\/comments?post=6385"}],"version-history":[{"count":7,"href":"https:\/\/lesbellesjourneesdubienetre.com\/index.php\/wp-json\/wp\/v2\/pages\/6385\/revisions"}],"predecessor-version":[{"id":6393,"href":"https:\/\/lesbellesjourneesdubienetre.com\/index.php\/wp-json\/wp\/v2\/pages\/6385\/revisions\/6393"}],"wp:attachment":[{"href":"https:\/\/lesbellesjourneesdubienetre.com\/index.php\/wp-json\/wp\/v2\/media?parent=6385"}],"curies":[{"name":"wp","href":"https:\/\/api.w.org\/{rel}","templated":true}]}}