{"id":6398,"date":"2026-03-18T20:56:15","date_gmt":"2026-03-18T19:56:15","guid":{"rendered":"https:\/\/lesbellesjourneesdubienetre.com\/?page_id=6398"},"modified":"2026-03-23T20:10:22","modified_gmt":"2026-03-23T19:10:22","slug":"belberaud-2026-hubesch","status":"publish","type":"page","link":"https:\/\/lesbellesjourneesdubienetre.com\/index.php\/belberaud-2026-hubesch\/","title":{"rendered":"Belberaud 2026 HUBESCH"},"content":{"rendered":"\t\t<div data-elementor-type=\"wp-page\" data-elementor-id=\"6398\" class=\"elementor elementor-6398\">\n\t\t\t\t<div class=\"elementor-element elementor-element-da3c3bd e-flex e-con-boxed wpr-particle-no wpr-jarallax-no wpr-parallax-no wpr-sticky-section-no e-con e-parent\" data-id=\"da3c3bd\" data-element_type=\"container\" data-e-type=\"container\">\n\t\t\t\t\t<div class=\"e-con-inner\">\n\t\t\t\t<div class=\"elementor-element elementor-element-39024d6 elementor-widget elementor-widget-image\" data-id=\"39024d6\" data-element_type=\"widget\" data-e-type=\"widget\" data-widget_type=\"image.default\">\n\t\t\t\t<div class=\"elementor-widget-container\">\n\t\t\t\t\t\t\t\t\t\t\t\t\t\t\t<img fetchpriority=\"high\" decoding=\"async\" width=\"537\" height=\"537\" src=\"https:\/\/lesbellesjourneesdubienetre.com\/wp-content\/uploads\/2026\/03\/diane-hubesch.jpg\" class=\"attachment-large size-large wp-image-6400\" alt=\"\" srcset=\"https:\/\/lesbellesjourneesdubienetre.com\/wp-content\/uploads\/2026\/03\/diane-hubesch.jpg 537w, https:\/\/lesbellesjourneesdubienetre.com\/wp-content\/uploads\/2026\/03\/diane-hubesch-300x300.jpg 300w, https:\/\/lesbellesjourneesdubienetre.com\/wp-content\/uploads\/2026\/03\/diane-hubesch-150x150.jpg 150w\" sizes=\"(max-width: 537px) 100vw, 537px\" \/>\t\t\t\t\t\t\t\t\t\t\t\t\t\t\t<\/div>\n\t\t\t\t<\/div>\n\t\t\t\t\t<\/div>\n\t\t\t\t<\/div>\n\t\t<div class=\"elementor-element elementor-element-c84cd27 e-flex e-con-boxed wpr-particle-no wpr-jarallax-no wpr-parallax-no wpr-sticky-section-no e-con e-parent\" data-id=\"c84cd27\" data-element_type=\"container\" data-e-type=\"container\">\n\t\t\t\t\t<div class=\"e-con-inner\">\n\t\t\t\t<div class=\"elementor-element elementor-element-a65a51a elementor-widget elementor-widget-heading\" data-id=\"a65a51a\" data-element_type=\"widget\" data-e-type=\"widget\" data-widget_type=\"heading.default\">\n\t\t\t\t<div class=\"elementor-widget-container\">\n\t\t\t\t\t<h2 class=\"elementor-heading-title elementor-size-default\">Diane HUBESCH<\/h2>\t\t\t\t<\/div>\n\t\t\t\t<\/div>\n\t\t\t\t\t<\/div>\n\t\t\t\t<\/div>\n\t\t<div class=\"elementor-element elementor-element-c10bf16 e-flex e-con-boxed wpr-particle-no wpr-jarallax-no wpr-parallax-no wpr-sticky-section-no e-con e-parent\" data-id=\"c10bf16\" data-element_type=\"container\" data-e-type=\"container\">\n\t\t\t\t\t<div class=\"e-con-inner\">\n\t\t\t\t<div class=\"elementor-element elementor-element-ca52ba3 elementor-widget elementor-widget-text-editor\" data-id=\"ca52ba3\" data-element_type=\"widget\" data-e-type=\"widget\" data-widget_type=\"text-editor.default\">\n\t\t\t\t<div class=\"elementor-widget-container\">\n\t\t\t\t\t\t\t\t\t<p>\u00a0<\/p><p>Se reconnecter \u00e0 soi, cr\u00e9er, transformer et s\u2019aligner<\/p><p><strong>\u00a0<\/strong><\/p><p>Accompagnement global<\/p><p>Peintures Vibratoires &#8211; Art-th\u00e9rapie &#8211; D\u00e9co-th\u00e9rapie &#8211; M\u00e9ditation<\/p><p>\ud83c\udfa8 PEINTURES VIBRATOIRES<\/p><p>Une \u0153uvre qui \u00e9met une vibration unique, en r\u00e9sonance avec ton \u00e9nergie.<br \/>Elle soutient, ouvre l\u2019espace du c\u0153ur et accompagne tes transformations.<br \/>Un v\u00e9ritable soutien subtil, l\u00e0 o\u00f9 tu en as profond\u00e9ment besoin.<\/p><p>Cr\u00e9ation de tableaux personnalis\u00e9s : Habitat, \u00catre, Cabinet.<\/p><p>\u2728 ART-TH\u00c9RAPIE<\/p><p>Un espace pour te reconnecter \u00e0 toi et \u00e0 ton souffle de vie.<br \/>Laisser \u00e9merger ta cr\u00e9ativit\u00e9 librement, sans pression.<br \/>Lib\u00e9rer ce qui freine ton \u00e9lan et ton chemin de vie.<br \/>Ateliers collectifs et accompagnements individuels<\/p><p>\ud83c\udf3f D\u00c9CO-TH\u00c9RAPIE<\/p><p>Une d\u00e9coration qui vibre au diapason de ton c\u0153ur et de ton \u00e2me.<br \/>Un int\u00e9rieur cr\u00e9\u00e9 en conscience, avec sensibilit\u00e9 et intuition.<br \/>Un accompagnement pour harmoniser ton espace et tes \u00e9motions.<br \/>Ateliers collectifs \u2022 Consultations \u00e0 domicile ou en cabinet<\/p><p>\ud83c\udf38 M\u00c9DITATION RESSOUR\u00c7ANTE en Intelligence des sens<\/p><p>Une exp\u00e9rience immersive pour apaiser le mental en profondeur.<br \/>Une approche sensorielle pour revenir \u00e0 toi en douceur.<br \/>Un espace de r\u00e9g\u00e9n\u00e9ration pour le corps, le c\u0153ur et l\u2019esprit.<br \/>Clart\u00e9, ancrage et circulation de l\u2019\u00e9nergie retrouv\u00e9s.<\/p><p>\u201cJe t\u2019accompagne vers un espace de vie qui te ressemble et te soutient pleinement \u201d<\/p>\t\t\t\t\t\t\t\t<\/div>\n\t\t\t\t<\/div>\n\t\t\t\t<div class=\"elementor-element elementor-element-a14b5e2 elementor-widget elementor-widget-text-editor\" data-id=\"a14b5e2\" data-element_type=\"widget\" data-e-type=\"widget\" data-widget_type=\"text-editor.default\">\n\t\t\t\t<div class=\"elementor-widget-container\">\n\t\t\t\t\t\t\t\t\t<p><span style=\"text-decoration: underline;\">T\u00e9l\u00e9phone<\/span> : 07.63.95.95.35<\/p><p><span style=\"text-decoration: underline;\">Site internet<\/span> : <a href=\"https:\/\/www.diane-hubesch.com\/\" target=\"_blank\" rel=\"noopener\">www.diane-hubesch.com\/<\/a><\/p><p>Galerie Art Majeur\u00a0:\u00a0<a href=\"https:\/\/www.artmajeur.com\/diane-hubesch\" target=\"_blank\" rel=\"noopener\">www.artmajeur.com\/diane-hubesch<\/a><\/p><p><span style=\"text-decoration: underline;\">R\u00e9seaux sociaux<\/span> :\u00a0<\/p><p>Instagram :<span style=\"color: #000000;\"><span style=\"font-family: Liberation Serif, serif;\">\u00a0<a href=\"http:\/\/www.instagram.com\/dianehubesch\/\" target=\"_blank\" rel=\"noopener\">www.instagram.com\/dianehubesch<\/a><a href=\"http:\/\/www.instagram.com\/dianehubesch\/\" target=\"_blank\" rel=\"noopener\">\/<\/a><\/span><\/span><\/p><p>Page Facebook :\u00a0<a href=\"https:\/\/www.facebook.com\/diane.hubesch\/\" target=\"_blank\" rel=\"noopener\">www.facebook.com\/diane.hubesch\/<\/a><\/p><div><span style=\"font-size: large;\">T\u00e9l\u00e9gram &#8211; Invitation :\u00a0<a href=\"https:\/\/t.me\/+Z9julyKi81NiMDRk\" target=\"_blank\" rel=\"noopener\">https:\/\/t.me\/+Z9julyKi81NiMDRk<\/a><\/span><\/div><div>\u00a0<\/div><p><span style=\"text-decoration: underline;\">Conf\u00e9rence<\/span> : <strong>D\u00e9co Vibratoire : une d\u00e9co qui vibre au diapason de ton coeur et de ton \u00c2me\u00a0\u00a0<\/strong><\/p><p><strong>Dimanche 31 Mai<\/strong><\/p><p><strong>12h30-13h20<\/strong><\/p><p>\u00a0<\/p>\t\t\t\t\t\t\t\t<\/div>\n\t\t\t\t<\/div>\n\t\t\t\t\t<\/div>\n\t\t\t\t<\/div>\n\t\t\t\t<\/div>\n\t\t","protected":false},"excerpt":{"rendered":"<p>Diane HUBESCH \u00a0 Se reconnecter \u00e0 soi, cr\u00e9er, transformer et s\u2019aligner \u00a0 Accompagnement global Peintures Vibratoires &#8211; Art-th\u00e9rapie &#8211; D\u00e9co-th\u00e9rapie &#8211; M\u00e9ditation \ud83c\udfa8 PEINTURES VIBRATOIRES Une \u0153uvre qui \u00e9met une vibration unique, en r\u00e9sonance avec ton \u00e9nergie.Elle soutient, ouvre l\u2019espace du c\u0153ur et accompagne tes transformations.Un v\u00e9ritable soutien subtil, l\u00e0 o\u00f9 tu en as profond\u00e9ment besoin. Cr\u00e9ation de tableaux personnalis\u00e9s : Habitat, \u00catre, Cabinet. \u2728 ART-TH\u00c9RAPIE Un espace pour te reconnecter \u00e0 toi et \u00e0 ton souffle de vie.Laisser \u00e9merger ta cr\u00e9ativit\u00e9 librement, sans pression.Lib\u00e9rer ce qui freine ton \u00e9lan et ton chemin de vie.Ateliers collectifs et accompagnements individuels \ud83c\udf3f D\u00c9CO-TH\u00c9RAPIE Une d\u00e9coration qui vibre au diapason de ton c\u0153ur et de ton \u00e2me.Un int\u00e9rieur cr\u00e9\u00e9 en conscience, avec sensibilit\u00e9 et intuition.Un accompagnement pour harmoniser ton espace et tes \u00e9motions.Ateliers collectifs \u2022 Consultations \u00e0 domicile ou en cabinet \ud83c\udf38 M\u00c9DITATION RESSOUR\u00c7ANTE en Intelligence des sens Une exp\u00e9rience immersive pour apaiser le mental en profondeur.Une approche sensorielle pour revenir \u00e0 toi en douceur.Un espace de r\u00e9g\u00e9n\u00e9ration pour le corps, le c\u0153ur et l\u2019esprit.Clart\u00e9, ancrage et circulation de l\u2019\u00e9nergie retrouv\u00e9s. \u201cJe t\u2019accompagne vers un espace de vie qui te ressemble et te soutient pleinement \u201d T\u00e9l\u00e9phone : 07.63.95.95.35 Site internet : www.diane-hubesch.com\/ Galerie Art Majeur\u00a0:\u00a0www.artmajeur.com\/diane-hubesch R\u00e9seaux sociaux :\u00a0 Instagram :\u00a0www.instagram.com\/dianehubesch\/ Page Facebook :\u00a0www.facebook.com\/diane.hubesch\/ T\u00e9l\u00e9gram &#8211; Invitation :\u00a0https:\/\/t.me\/+Z9julyKi81NiMDRk\u00a0 Conf\u00e9rence : D\u00e9co Vibratoire : une d\u00e9co qui vibre au diapason de ton coeur et de ton \u00c2me\u00a0\u00a0 Dimanche 31 Mai 12h30-13h20 \u00a0<\/p>\n","protected":false},"author":1,"featured_media":0,"parent":0,"menu_order":0,"comment_status":"closed","ping_status":"closed","template":"elementor_header_footer","meta":{"footnotes":""},"class_list":["post-6398","page","type-page","status-publish","hentry","entry"],"_links":{"self":[{"href":"https:\/\/lesbellesjourneesdubienetre.com\/index.php\/wp-json\/wp\/v2\/pages\/6398","targetHints":{"allow":["GET"]}}],"collection":[{"href":"https:\/\/lesbellesjourneesdubienetre.com\/index.php\/wp-json\/wp\/v2\/pages"}],"about":[{"href":"https:\/\/lesbellesjourneesdubienetre.com\/index.php\/wp-json\/wp\/v2\/types\/page"}],"author":[{"embeddable":true,"href":"https:\/\/lesbellesjourneesdubienetre.com\/index.php\/wp-json\/wp\/v2\/users\/1"}],"replies":[{"embeddable":true,"href":"https:\/\/lesbellesjourneesdubienetre.com\/index.php\/wp-json\/wp\/v2\/comments?post=6398"}],"version-history":[{"count":10,"href":"https:\/\/lesbellesjourneesdubienetre.com\/index.php\/wp-json\/wp\/v2\/pages\/6398\/revisions"}],"predecessor-version":[{"id":6463,"href":"https:\/\/lesbellesjourneesdubienetre.com\/index.php\/wp-json\/wp\/v2\/pages\/6398\/revisions\/6463"}],"wp:attachment":[{"href":"https:\/\/lesbellesjourneesdubienetre.com\/index.php\/wp-json\/wp\/v2\/media?parent=6398"}],"curies":[{"name":"wp","href":"https:\/\/api.w.org\/{rel}","templated":true}]}}