{"id":6521,"date":"2026-04-03T17:02:33","date_gmt":"2026-04-03T15:02:33","guid":{"rendered":"https:\/\/lesbellesjourneesdubienetre.com\/?page_id=6521"},"modified":"2026-04-03T17:09:11","modified_gmt":"2026-04-03T15:09:11","slug":"belberaud-2026-corinne-cottin","status":"publish","type":"page","link":"https:\/\/lesbellesjourneesdubienetre.com\/index.php\/belberaud-2026-corinne-cottin\/","title":{"rendered":"Belberaud 2026 corinne cottin"},"content":{"rendered":"\t\t<div data-elementor-type=\"wp-page\" data-elementor-id=\"6521\" class=\"elementor elementor-6521\">\n\t\t\t\t<div class=\"elementor-element elementor-element-da3c3bd e-flex e-con-boxed wpr-particle-no wpr-jarallax-no wpr-parallax-no wpr-sticky-section-no e-con e-parent\" data-id=\"da3c3bd\" data-element_type=\"container\" data-e-type=\"container\">\n\t\t\t\t\t<div class=\"e-con-inner\">\n\t\t\t\t<div class=\"elementor-element elementor-element-39024d6 elementor-widget elementor-widget-image\" data-id=\"39024d6\" data-element_type=\"widget\" data-e-type=\"widget\" data-widget_type=\"image.default\">\n\t\t\t\t<div class=\"elementor-widget-container\">\n\t\t\t\t\t\t\t\t\t\t\t\t\t\t\t<img fetchpriority=\"high\" decoding=\"async\" width=\"902\" height=\"911\" src=\"https:\/\/lesbellesjourneesdubienetre.com\/wp-content\/uploads\/2026\/04\/corinne-cottin.jpg\" class=\"attachment-large size-large wp-image-6523\" alt=\"\" srcset=\"https:\/\/lesbellesjourneesdubienetre.com\/wp-content\/uploads\/2026\/04\/corinne-cottin.jpg 902w, https:\/\/lesbellesjourneesdubienetre.com\/wp-content\/uploads\/2026\/04\/corinne-cottin-297x300.jpg 297w, https:\/\/lesbellesjourneesdubienetre.com\/wp-content\/uploads\/2026\/04\/corinne-cottin-150x150.jpg 150w, https:\/\/lesbellesjourneesdubienetre.com\/wp-content\/uploads\/2026\/04\/corinne-cottin-768x776.jpg 768w\" sizes=\"(max-width: 902px) 100vw, 902px\" \/>\t\t\t\t\t\t\t\t\t\t\t\t\t\t\t<\/div>\n\t\t\t\t<\/div>\n\t\t\t\t\t<\/div>\n\t\t\t\t<\/div>\n\t\t<div class=\"elementor-element elementor-element-c84cd27 e-flex e-con-boxed wpr-particle-no wpr-jarallax-no wpr-parallax-no wpr-sticky-section-no e-con e-parent\" data-id=\"c84cd27\" data-element_type=\"container\" data-e-type=\"container\">\n\t\t\t\t\t<div class=\"e-con-inner\">\n\t\t\t\t<div class=\"elementor-element elementor-element-a65a51a elementor-widget elementor-widget-heading\" data-id=\"a65a51a\" data-element_type=\"widget\" data-e-type=\"widget\" data-widget_type=\"heading.default\">\n\t\t\t\t<div class=\"elementor-widget-container\">\n\t\t\t\t\t<h2 class=\"elementor-heading-title elementor-size-default\">Corinne COTTIN<\/h2>\t\t\t\t<\/div>\n\t\t\t\t<\/div>\n\t\t\t\t\t<\/div>\n\t\t\t\t<\/div>\n\t\t<div class=\"elementor-element elementor-element-c10bf16 e-flex e-con-boxed wpr-particle-no wpr-jarallax-no wpr-parallax-no wpr-sticky-section-no e-con e-parent\" data-id=\"c10bf16\" data-element_type=\"container\" data-e-type=\"container\">\n\t\t\t\t\t<div class=\"e-con-inner\">\n\t\t\t\t<div class=\"elementor-element elementor-element-ca52ba3 elementor-widget elementor-widget-text-editor\" data-id=\"ca52ba3\" data-element_type=\"widget\" data-e-type=\"widget\" data-widget_type=\"text-editor.default\">\n\t\t\t\t<div class=\"elementor-widget-container\">\n\t\t\t\t\t\t\t\t\t<div>Accompagnement sur la lib\u00e9ration des n\u0153uds \u00e9motionnels et physiques, avec de l&rsquo;acupression des pratiques ost\u00e9o, \u00e9nerg\u00e9tiques adapt\u00e9es pour vous.<\/div><div>Enseignante et conseils aux pratiques \u00e9nerg\u00e9tiques Reiki Shamballa, LaHoChi, Magn\u00e9tisme, Acupression<\/div>\t\t\t\t\t\t\t\t<\/div>\n\t\t\t\t<\/div>\n\t\t\t\t<div class=\"elementor-element elementor-element-a14b5e2 elementor-widget elementor-widget-text-editor\" data-id=\"a14b5e2\" data-element_type=\"widget\" data-e-type=\"widget\" data-widget_type=\"text-editor.default\">\n\t\t\t\t<div class=\"elementor-widget-container\">\n\t\t\t\t\t\t\t\t\t<p><span style=\"text-decoration: underline;\">Exposant<\/span> : Corinne Cottin<\/p><p><span style=\"text-decoration: underline;\">T\u00e9l\u00e9phone<\/span> :07.69.95.29.55<\/p><p><span style=\"text-decoration: underline;\">Adresse mail<\/span> : contact@arbredeguerison.fr<\/p><p><span style=\"text-decoration: underline;\">R\u00e9seaux sociaux<\/span> :\u00a0<\/p><p>Facebook :\u00a0<a href=\"https:\/\/www.facebook.com\/corinne.cottin31\">https:\/\/www.facebook.com\/corinne.cottin31<\/a><\/p>\t\t\t\t\t\t\t\t<\/div>\n\t\t\t\t<\/div>\n\t\t\t\t\t<\/div>\n\t\t\t\t<\/div>\n\t\t\t\t<\/div>\n\t\t","protected":false},"excerpt":{"rendered":"<p>Corinne COTTIN Accompagnement sur la lib\u00e9ration des n\u0153uds \u00e9motionnels et physiques, avec de l&rsquo;acupression des pratiques ost\u00e9o, \u00e9nerg\u00e9tiques adapt\u00e9es pour vous.Enseignante et conseils aux pratiques \u00e9nerg\u00e9tiques Reiki Shamballa, LaHoChi, Magn\u00e9tisme, Acupression Exposant : Corinne Cottin T\u00e9l\u00e9phone :07.69.95.29.55 Adresse mail : contact@arbredeguerison.fr R\u00e9seaux sociaux :\u00a0 Facebook :\u00a0https:\/\/www.facebook.com\/corinne.cottin31<\/p>\n","protected":false},"author":1,"featured_media":0,"parent":0,"menu_order":0,"comment_status":"closed","ping_status":"closed","template":"elementor_header_footer","meta":{"footnotes":""},"class_list":["post-6521","page","type-page","status-publish","hentry","entry"],"_links":{"self":[{"href":"https:\/\/lesbellesjourneesdubienetre.com\/index.php\/wp-json\/wp\/v2\/pages\/6521","targetHints":{"allow":["GET"]}}],"collection":[{"href":"https:\/\/lesbellesjourneesdubienetre.com\/index.php\/wp-json\/wp\/v2\/pages"}],"about":[{"href":"https:\/\/lesbellesjourneesdubienetre.com\/index.php\/wp-json\/wp\/v2\/types\/page"}],"author":[{"embeddable":true,"href":"https:\/\/lesbellesjourneesdubienetre.com\/index.php\/wp-json\/wp\/v2\/users\/1"}],"replies":[{"embeddable":true,"href":"https:\/\/lesbellesjourneesdubienetre.com\/index.php\/wp-json\/wp\/v2\/comments?post=6521"}],"version-history":[{"count":7,"href":"https:\/\/lesbellesjourneesdubienetre.com\/index.php\/wp-json\/wp\/v2\/pages\/6521\/revisions"}],"predecessor-version":[{"id":6530,"href":"https:\/\/lesbellesjourneesdubienetre.com\/index.php\/wp-json\/wp\/v2\/pages\/6521\/revisions\/6530"}],"wp:attachment":[{"href":"https:\/\/lesbellesjourneesdubienetre.com\/index.php\/wp-json\/wp\/v2\/media?parent=6521"}],"curies":[{"name":"wp","href":"https:\/\/api.w.org\/{rel}","templated":true}]}}