{"id":6546,"date":"2026-04-03T17:37:21","date_gmt":"2026-04-03T15:37:21","guid":{"rendered":"https:\/\/lesbellesjourneesdubienetre.com\/?page_id=6546"},"modified":"2026-04-03T17:37:58","modified_gmt":"2026-04-03T15:37:58","slug":"eaunes-2026-muriel-virleux","status":"publish","type":"page","link":"https:\/\/lesbellesjourneesdubienetre.com\/index.php\/eaunes-2026-muriel-virleux\/","title":{"rendered":"EAUNES 2026 Muriel Virleux"},"content":{"rendered":"\t\t<div data-elementor-type=\"wp-page\" data-elementor-id=\"6546\" class=\"elementor elementor-6546\">\n\t\t\t\t<div class=\"elementor-element elementor-element-da3c3bd e-flex e-con-boxed wpr-particle-no wpr-jarallax-no wpr-parallax-no wpr-sticky-section-no wpr-equal-height-no e-con e-parent\" data-id=\"da3c3bd\" data-element_type=\"container\" data-e-type=\"container\">\n\t\t\t\t\t<div class=\"e-con-inner\">\n\t\t\t\t<div class=\"elementor-element elementor-element-39024d6 elementor-widget elementor-widget-image\" data-id=\"39024d6\" data-element_type=\"widget\" data-e-type=\"widget\" data-widget_type=\"image.default\">\n\t\t\t\t<div class=\"elementor-widget-container\">\n\t\t\t\t\t\t\t\t\t\t\t\t\t\t\t<img fetchpriority=\"high\" decoding=\"async\" width=\"512\" height=\"512\" src=\"https:\/\/lesbellesjourneesdubienetre.com\/wp-content\/uploads\/2024\/12\/cropped-326341308_1360959734677113_4162664009500153005_n.png\" class=\"attachment-large size-large wp-image-1693\" alt=\"\" srcset=\"https:\/\/lesbellesjourneesdubienetre.com\/wp-content\/uploads\/2024\/12\/cropped-326341308_1360959734677113_4162664009500153005_n.png 512w, https:\/\/lesbellesjourneesdubienetre.com\/wp-content\/uploads\/2024\/12\/cropped-326341308_1360959734677113_4162664009500153005_n-300x300.png 300w, https:\/\/lesbellesjourneesdubienetre.com\/wp-content\/uploads\/2024\/12\/cropped-326341308_1360959734677113_4162664009500153005_n-150x150.png 150w\" sizes=\"(max-width: 512px) 100vw, 512px\" \/>\t\t\t\t\t\t\t\t\t\t\t\t\t\t\t<\/div>\n\t\t\t\t<\/div>\n\t\t\t\t\t<\/div>\n\t\t\t\t<\/div>\n\t\t<div class=\"elementor-element elementor-element-c84cd27 e-flex e-con-boxed wpr-particle-no wpr-jarallax-no wpr-parallax-no wpr-sticky-section-no wpr-equal-height-no e-con e-parent\" data-id=\"c84cd27\" data-element_type=\"container\" data-e-type=\"container\">\n\t\t\t\t\t<div class=\"e-con-inner\">\n\t\t\t\t<div class=\"elementor-element elementor-element-a65a51a elementor-widget elementor-widget-heading\" data-id=\"a65a51a\" data-element_type=\"widget\" data-e-type=\"widget\" data-widget_type=\"heading.default\">\n\t\t\t\t<div class=\"elementor-widget-container\">\n\t\t\t\t\t<h2 class=\"elementor-heading-title elementor-size-default\">Muriel VIRLEUX<\/h2>\t\t\t\t<\/div>\n\t\t\t\t<\/div>\n\t\t\t\t\t<\/div>\n\t\t\t\t<\/div>\n\t\t<div class=\"elementor-element elementor-element-c10bf16 e-flex e-con-boxed wpr-particle-no wpr-jarallax-no wpr-parallax-no wpr-sticky-section-no wpr-equal-height-no e-con e-parent\" data-id=\"c10bf16\" data-element_type=\"container\" data-e-type=\"container\">\n\t\t\t\t\t<div class=\"e-con-inner\">\n\t\t\t\t<div class=\"elementor-element elementor-element-ca52ba3 elementor-widget elementor-widget-text-editor\" data-id=\"ca52ba3\" data-element_type=\"widget\" data-e-type=\"widget\" data-widget_type=\"text-editor.default\">\n\t\t\t\t<div class=\"elementor-widget-container\">\n\t\t\t\t\t\t\t\t\t<p><span style=\"color: #000000;\">Je suis canal pour vous accompagner sur les chemins de la gu\u00e9rison en lien avec les diff\u00e9rents mondes, l&rsquo;aide qui doit \u00eatre apport\u00e9e est pr\u00e9sente.<\/span><\/p><p>Je suis kinesth\u00e9tique, ce qui me permet de ressentir dans mon corps vos divers maux et douleurs, vos \u00e9motions&#8230;.<\/p><p>Quelques mots sur ce que je fais :<\/p><ul><li>R\u00e9equilibrage des chakras et des diff\u00e9rents corps<\/li><li>Nettoyage des corps subtils et \u00e9th\u00e9riques<\/li><li>Travail sur le Transg\u00e9n\u00e9rationnel, je remonte jusqu&rsquo;\u00e0 la treizi\u00e8me g\u00e9n\u00e9ration<\/li><li>M\u00e9moires ancestrales<\/li><li>M\u00e9moires karmiques<\/li><li>Traitement des diff\u00e9rentes entit\u00e9s<\/li><li>Guerisseuse humaine et animale<\/li><li>passeuse d&rsquo;\u00e2mes<\/li><li>exorciste<\/li><li>Nettoyage de lieux<\/li><li>\u00a0\u00bb Detatoueuse \u00a0\u00bb traite et nettoie ce qui a \u00e9t\u00e9 implant\u00e9<\/li><li>Connexion avec vos guides<\/li><li>Messages ang\u00e9liques<\/li><li>Autres&#8230;.<\/li><\/ul>\t\t\t\t\t\t\t\t<\/div>\n\t\t\t\t<\/div>\n\t\t\t\t<div class=\"elementor-element elementor-element-a14b5e2 elementor-widget elementor-widget-text-editor\" data-id=\"a14b5e2\" data-element_type=\"widget\" data-e-type=\"widget\" data-widget_type=\"text-editor.default\">\n\t\t\t\t<div class=\"elementor-widget-container\">\n\t\t\t\t\t\t\t\t\t<p><span style=\"text-decoration: underline;\">T\u00e9l\u00e9phone<\/span> : 06.62.58.79.56<\/p><p>\u00a0<\/p>\t\t\t\t\t\t\t\t<\/div>\n\t\t\t\t<\/div>\n\t\t\t\t\t<\/div>\n\t\t\t\t<\/div>\n\t\t\t\t<\/div>\n\t\t","protected":false},"excerpt":{"rendered":"<p>Muriel VIRLEUX Je suis canal pour vous accompagner sur les chemins de la gu\u00e9rison en lien avec les diff\u00e9rents mondes, l&rsquo;aide qui doit \u00eatre apport\u00e9e est pr\u00e9sente. Je suis kinesth\u00e9tique, ce qui me permet de ressentir dans mon corps vos divers maux et douleurs, vos \u00e9motions&#8230;. Quelques mots sur ce que je fais : R\u00e9equilibrage des chakras et des diff\u00e9rents corps Nettoyage des corps subtils et \u00e9th\u00e9riques Travail sur le Transg\u00e9n\u00e9rationnel, je remonte jusqu&rsquo;\u00e0 la treizi\u00e8me g\u00e9n\u00e9ration M\u00e9moires ancestrales M\u00e9moires karmiques Traitement des diff\u00e9rentes entit\u00e9s Guerisseuse humaine et animale passeuse d&rsquo;\u00e2mes exorciste Nettoyage de lieux \u00a0\u00bb Detatoueuse \u00a0\u00bb traite et nettoie ce qui a \u00e9t\u00e9 implant\u00e9 Connexion avec vos guides Messages ang\u00e9liques Autres&#8230;. T\u00e9l\u00e9phone : 06.62.58.79.56 \u00a0<\/p>\n","protected":false},"author":1,"featured_media":0,"parent":0,"menu_order":0,"comment_status":"closed","ping_status":"closed","template":"elementor_header_footer","meta":{"footnotes":""},"class_list":["post-6546","page","type-page","status-publish","hentry","entry"],"_links":{"self":[{"href":"https:\/\/lesbellesjourneesdubienetre.com\/index.php\/wp-json\/wp\/v2\/pages\/6546","targetHints":{"allow":["GET"]}}],"collection":[{"href":"https:\/\/lesbellesjourneesdubienetre.com\/index.php\/wp-json\/wp\/v2\/pages"}],"about":[{"href":"https:\/\/lesbellesjourneesdubienetre.com\/index.php\/wp-json\/wp\/v2\/types\/page"}],"author":[{"embeddable":true,"href":"https:\/\/lesbellesjourneesdubienetre.com\/index.php\/wp-json\/wp\/v2\/users\/1"}],"replies":[{"embeddable":true,"href":"https:\/\/lesbellesjourneesdubienetre.com\/index.php\/wp-json\/wp\/v2\/comments?post=6546"}],"version-history":[{"count":4,"href":"https:\/\/lesbellesjourneesdubienetre.com\/index.php\/wp-json\/wp\/v2\/pages\/6546\/revisions"}],"predecessor-version":[{"id":6551,"href":"https:\/\/lesbellesjourneesdubienetre.com\/index.php\/wp-json\/wp\/v2\/pages\/6546\/revisions\/6551"}],"wp:attachment":[{"href":"https:\/\/lesbellesjourneesdubienetre.com\/index.php\/wp-json\/wp\/v2\/media?parent=6546"}],"curies":[{"name":"wp","href":"https:\/\/api.w.org\/{rel}","templated":true}]}}