{"id":6584,"date":"2026-04-08T09:35:06","date_gmt":"2026-04-08T07:35:06","guid":{"rendered":"https:\/\/lesbellesjourneesdubienetre.com\/?page_id=6584"},"modified":"2026-04-08T09:37:09","modified_gmt":"2026-04-08T07:37:09","slug":"belberaud-2026-limmuable","status":"publish","type":"page","link":"https:\/\/lesbellesjourneesdubienetre.com\/index.php\/belberaud-2026-limmuable\/","title":{"rendered":"Belberaud 2026 l&rsquo;immuable"},"content":{"rendered":"\t\t<div data-elementor-type=\"wp-page\" data-elementor-id=\"6584\" class=\"elementor elementor-6584\">\n\t\t\t\t<div class=\"elementor-element elementor-element-da3c3bd e-flex e-con-boxed wpr-particle-no wpr-jarallax-no wpr-parallax-no wpr-sticky-section-no e-con e-parent\" data-id=\"da3c3bd\" data-element_type=\"container\" data-e-type=\"container\">\n\t\t\t\t\t<div class=\"e-con-inner\">\n\t\t\t\t<div class=\"elementor-element elementor-element-39024d6 elementor-widget elementor-widget-image\" data-id=\"39024d6\" data-element_type=\"widget\" data-e-type=\"widget\" data-widget_type=\"image.default\">\n\t\t\t\t<div class=\"elementor-widget-container\">\n\t\t\t\t\t\t\t\t\t\t\t\t\t\t\t<img fetchpriority=\"high\" decoding=\"async\" width=\"773\" height=\"580\" src=\"https:\/\/lesbellesjourneesdubienetre.com\/wp-content\/uploads\/2026\/01\/limmuable.jpg\" class=\"attachment-large size-large wp-image-5722\" alt=\"\" srcset=\"https:\/\/lesbellesjourneesdubienetre.com\/wp-content\/uploads\/2026\/01\/limmuable.jpg 773w, https:\/\/lesbellesjourneesdubienetre.com\/wp-content\/uploads\/2026\/01\/limmuable-300x225.jpg 300w, https:\/\/lesbellesjourneesdubienetre.com\/wp-content\/uploads\/2026\/01\/limmuable-768x576.jpg 768w\" sizes=\"(max-width: 773px) 100vw, 773px\" \/>\t\t\t\t\t\t\t\t\t\t\t\t\t\t\t<\/div>\n\t\t\t\t<\/div>\n\t\t\t\t\t<\/div>\n\t\t\t\t<\/div>\n\t\t<div class=\"elementor-element elementor-element-c84cd27 e-flex e-con-boxed wpr-particle-no wpr-jarallax-no wpr-parallax-no wpr-sticky-section-no e-con e-parent\" data-id=\"c84cd27\" data-element_type=\"container\" data-e-type=\"container\">\n\t\t\t\t\t<div class=\"e-con-inner\">\n\t\t\t\t<div class=\"elementor-element elementor-element-a65a51a elementor-widget elementor-widget-heading\" data-id=\"a65a51a\" data-element_type=\"widget\" data-e-type=\"widget\" data-widget_type=\"heading.default\">\n\t\t\t\t<div class=\"elementor-widget-container\">\n\t\t\t\t\t<h2 class=\"elementor-heading-title elementor-size-default\">L'Immuable<\/h2>\t\t\t\t<\/div>\n\t\t\t\t<\/div>\n\t\t\t\t\t<\/div>\n\t\t\t\t<\/div>\n\t\t<div class=\"elementor-element elementor-element-c10bf16 e-flex e-con-boxed wpr-particle-no wpr-jarallax-no wpr-parallax-no wpr-sticky-section-no e-con e-parent\" data-id=\"c10bf16\" data-element_type=\"container\" data-e-type=\"container\">\n\t\t\t\t\t<div class=\"e-con-inner\">\n\t\t\t\t<div class=\"elementor-element elementor-element-ca52ba3 elementor-widget elementor-widget-text-editor\" data-id=\"ca52ba3\" data-element_type=\"widget\" data-e-type=\"widget\" data-widget_type=\"text-editor.default\">\n\t\t\t\t<div class=\"elementor-widget-container\">\n\t\t\t\t\t\t\t\t\t<p><span style=\"color: #000000;\">Gu\u00e9risseur spirituel \/ Magn\u00e9tiseur<\/span><\/p><p>Maladie auto immune \/ Troubles psychiques \/ Probl\u00e8me r\u00e9current<\/p><p>Revente produits ayurv\u00e9diques \/ silicium v\u00e9g\u00e9tal \/ Magn\u00e9sium \/ Om\u00e9ga 3<\/p>\t\t\t\t\t\t\t\t<\/div>\n\t\t\t\t<\/div>\n\t\t\t\t<div class=\"elementor-element elementor-element-a14b5e2 elementor-widget elementor-widget-text-editor\" data-id=\"a14b5e2\" data-element_type=\"widget\" data-e-type=\"widget\" data-widget_type=\"text-editor.default\">\n\t\t\t\t<div class=\"elementor-widget-container\">\n\t\t\t\t\t\t\t\t\t<p><span style=\"text-decoration: underline;\">T\u00e9l\u00e9phone<\/span> : 06.73.66.70.10<\/p><p><span style=\"text-decoration: underline;\">R\u00e9seaux sociaux<\/span> :\u00a0<\/p><p>Facebook : Bertrand Jean Noel Gu\u00e9risseur<\/p><p>\u00a0<\/p>\t\t\t\t\t\t\t\t<\/div>\n\t\t\t\t<\/div>\n\t\t\t\t\t<\/div>\n\t\t\t\t<\/div>\n\t\t\t\t<\/div>\n\t\t","protected":false},"excerpt":{"rendered":"<p>L&rsquo;Immuable Gu\u00e9risseur spirituel \/ Magn\u00e9tiseur Maladie auto immune \/ Troubles psychiques \/ Probl\u00e8me r\u00e9current Revente produits ayurv\u00e9diques \/ silicium v\u00e9g\u00e9tal \/ Magn\u00e9sium \/ Om\u00e9ga 3 T\u00e9l\u00e9phone : 06.73.66.70.10 R\u00e9seaux sociaux :\u00a0 Facebook : Bertrand Jean Noel Gu\u00e9risseur \u00a0<\/p>\n","protected":false},"author":1,"featured_media":0,"parent":0,"menu_order":0,"comment_status":"closed","ping_status":"closed","template":"elementor_header_footer","meta":{"footnotes":""},"class_list":["post-6584","page","type-page","status-publish","hentry","entry"],"_links":{"self":[{"href":"https:\/\/lesbellesjourneesdubienetre.com\/index.php\/wp-json\/wp\/v2\/pages\/6584","targetHints":{"allow":["GET"]}}],"collection":[{"href":"https:\/\/lesbellesjourneesdubienetre.com\/index.php\/wp-json\/wp\/v2\/pages"}],"about":[{"href":"https:\/\/lesbellesjourneesdubienetre.com\/index.php\/wp-json\/wp\/v2\/types\/page"}],"author":[{"embeddable":true,"href":"https:\/\/lesbellesjourneesdubienetre.com\/index.php\/wp-json\/wp\/v2\/users\/1"}],"replies":[{"embeddable":true,"href":"https:\/\/lesbellesjourneesdubienetre.com\/index.php\/wp-json\/wp\/v2\/comments?post=6584"}],"version-history":[{"count":4,"href":"https:\/\/lesbellesjourneesdubienetre.com\/index.php\/wp-json\/wp\/v2\/pages\/6584\/revisions"}],"predecessor-version":[{"id":6589,"href":"https:\/\/lesbellesjourneesdubienetre.com\/index.php\/wp-json\/wp\/v2\/pages\/6584\/revisions\/6589"}],"wp:attachment":[{"href":"https:\/\/lesbellesjourneesdubienetre.com\/index.php\/wp-json\/wp\/v2\/media?parent=6584"}],"curies":[{"name":"wp","href":"https:\/\/api.w.org\/{rel}","templated":true}]}}